{"id":3146,"date":"2025-03-02T14:33:54","date_gmt":"2025-03-02T13:33:54","guid":{"rendered":"https:\/\/ujbuda.dental\/termek\/tartar-removal-gift\/"},"modified":"2025-03-02T14:33:54","modified_gmt":"2025-03-02T13:33:54","slug":"tartar-removal-gift","status":"publish","type":"product","link":"https:\/\/ujbuda.dental\/en\/product\/tartar-removal-gift\/","title":{"rendered":"Tartar removal gift"},"content":{"rendered":"<p><strong>A complete dental hygiene treatment, which includes the removal of tartar from the entire set of teeth. <\/strong>In half an hour, our dental hygienist or dentist will use a special procedure called ultrasonic tartar removal to remove tartar and yellowish-brown discoloration from your teeth. This gentle procedure is sometimes equivalent to teeth whitening, as your teeth regain their natural color and vibrant shine. <\/p>\n<h2><b>Steps for handling gifts<\/b><\/h2>\n<div class=\"wpb_column vc_column_container vc_col-sm-6\">\n<div class=\"vc_column-inner vc_custom_1559153554958\">\n<div class=\"wpb_wrapper\">\n<h5 class=\"vc_custom_heading\">1. Control test<\/h5>\n<div class=\"wpb_text_column wpb_content_element \">\n<div class=\"wpb_wrapper\">\n<p>Tartar removal begins with a thorough examination, during which your dentist will assess the current condition of your teeth and determine the extent of tartar buildup since your last treatment.<\/p>\n<\/div>\n<\/div>\n<\/div>\n<\/div>\n<\/div>\n<div class=\"wpb_column vc_column_container vc_col-sm-6\">\n<div class=\"vc_column-inner\">\n<div class=\"wpb_wrapper\">\n<h5 class=\"vc_custom_heading\">2. Ultrasonic tartar removal<\/h5>\n<div class=\"wpb_text_column wpb_content_element \">\n<div class=\"wpb_wrapper\">\n<p>This is followed by the <strong>removal of tartar<\/strong> and discoloration using a special <strong>ultrasonic device<\/strong> called a depurator. This device gently but effectively removes deposits without causing any damage to the tooth enamel. The intense vibrating motion of the device creates air bubbles, which cause the tartar to crumble and fall off the teeth.  <\/p>\n<div class=\"wpb_column vc_column_container vc_col-sm-6\">\n<div class=\"vc_column-inner vc_custom_1559153554958\">\n<div class=\"wpb_wrapper\">\n<h5 class=\"vc_custom_heading\">3. Special salt blowing<\/h5>\n<div class=\"wpb_text_column wpb_content_element \">\n<div class=\"wpb_wrapper\">\n<p>During this treatment, a mixture of water and a very fine dental salt specially designed for this purpose is sprayed onto the surface of your teeth at high pressure using a salt spray device. This procedure allows the salt to penetrate even hard-to-reach interdental spaces and gently remove discoloration. The remaining salt is then rinsed out of the mouth.  <\/p>\n<\/div>\n<\/div>\n<\/div>\n<\/div>\n<\/div>\n<div class=\"wpb_column vc_column_container vc_col-sm-6\">\n<div class=\"vc_column-inner\">\n<div class=\"wpb_wrapper\">\n<h5 class=\"vc_custom_heading\">4. Polishing<\/h5>\n<div class=\"wpb_text_column wpb_content_element \">\n<div class=\"wpb_wrapper\">\n<p>As a final step, we <strong>polish the surface<\/strong> of your teeth with a polishing paste, special brushes, and rubber cups. This procedure prevents plaque from re-adhering to your teeth. Polishing makes your teeth silky smooth and full of life. <\/p>\n<\/div>\n<\/div>\n<\/div>\n<\/div>\n<\/div>\n<\/div>\n<\/div>\n<\/div>\n<\/div>\n<\/div>\n","protected":false},"excerpt":{"rendered":"<p><strong>With a gentle, painless, quick, and effective treatment,<\/strong> we remove plaque, discoloration, and tartar from your loved ones&#8217; teeth.<\/p>\n","protected":false},"featured_media":1416,"comment_status":"closed","ping_status":"closed","template":"","meta":[],"product_brand":[],"product_cat":[23],"product_tag":[],"class_list":{"0":"post-3146","1":"product","2":"type-product","3":"status-publish","4":"has-post-thumbnail","6":"product_cat-egyeb","8":"first","9":"instock","10":"sale","11":"virtual","12":"sold-individually","13":"purchasable","14":"product-type-simple"},"yoast_head":"<!-- This site is optimized with the Yoast SEO plugin v27.5 - https:\/\/yoast.com\/product\/yoast-seo-wordpress\/ -->\n<title>Tartar removal gift - \u00dajbuda Dental<\/title>\n<meta name=\"description\" content=\"Surprise your loved ones with a complete dental hygiene treatment, which includes full tartar removal. Prevent dental disease in your loved ones!\" \/>\n<meta name=\"robots\" content=\"index, follow, max-snippet:-1, max-image-preview:large, max-video-preview:-1\" \/>\n<link rel=\"canonical\" href=\"https:\/\/ujbuda.dental\/en\/product\/tartar-removal-gift\/\" \/>\n<meta property=\"og:locale\" content=\"en_US\" \/>\n<meta property=\"og:type\" content=\"article\" \/>\n<meta property=\"og:title\" content=\"Tartar removal gift - \u00dajbuda Dental\" \/>\n<meta property=\"og:description\" content=\"Surprise your loved ones with a complete dental hygiene treatment, which includes full tartar removal. Prevent dental disease in your loved ones!\" \/>\n<meta property=\"og:url\" content=\"https:\/\/ujbuda.dental\/en\/product\/tartar-removal-gift\/\" \/>\n<meta property=\"og:site_name\" content=\"\u00dajbuda Dental\" \/>\n<meta property=\"article:publisher\" content=\"https:\/\/www.facebook.com\/ujbudadental\" \/>\n<meta property=\"og:image\" content=\"https:\/\/ujbuda.dental\/wp-content\/uploads\/2025\/03\/fogmegtartas-ujbuda-dental-xi-ker.jpg\" \/>\n\t<meta property=\"og:image:width\" content=\"2000\" \/>\n\t<meta property=\"og:image:height\" content=\"1333\" \/>\n\t<meta property=\"og:image:type\" content=\"image\/jpeg\" \/>\n<meta name=\"twitter:card\" content=\"summary_large_image\" \/>\n<meta name=\"twitter:label1\" content=\"Est. reading time\" \/>\n\t<meta name=\"twitter:data1\" content=\"1 minute\" \/>\n<script type=\"application\/ld+json\" class=\"yoast-schema-graph\">{\"@context\":\"https:\\\/\\\/schema.org\",\"@graph\":[{\"@type\":\"WebPage\",\"@id\":\"https:\\\/\\\/ujbuda.dental\\\/en\\\/product\\\/tartar-removal-gift\\\/\",\"url\":\"https:\\\/\\\/ujbuda.dental\\\/en\\\/product\\\/tartar-removal-gift\\\/\",\"name\":\"Tartar removal gift - \u00dajbuda Dental\",\"isPartOf\":{\"@id\":\"https:\\\/\\\/ujbuda.dental\\\/en\\\/#website\"},\"primaryImageOfPage\":{\"@id\":\"https:\\\/\\\/ujbuda.dental\\\/en\\\/product\\\/tartar-removal-gift\\\/#primaryimage\"},\"image\":{\"@id\":\"https:\\\/\\\/ujbuda.dental\\\/en\\\/product\\\/tartar-removal-gift\\\/#primaryimage\"},\"thumbnailUrl\":\"https:\\\/\\\/ujbuda.dental\\\/wp-content\\\/uploads\\\/2025\\\/03\\\/fogmegtartas-ujbuda-dental-xi-ker.jpg\",\"datePublished\":\"2025-03-02T13:33:54+00:00\",\"description\":\"Surprise your loved ones with a complete dental hygiene treatment, which includes full tartar removal. Prevent dental disease in your loved ones!\",\"breadcrumb\":{\"@id\":\"https:\\\/\\\/ujbuda.dental\\\/en\\\/product\\\/tartar-removal-gift\\\/#breadcrumb\"},\"inLanguage\":\"en-US\",\"potentialAction\":[{\"@type\":\"ReadAction\",\"target\":[\"https:\\\/\\\/ujbuda.dental\\\/en\\\/product\\\/tartar-removal-gift\\\/\"]}]},{\"@type\":\"ImageObject\",\"inLanguage\":\"en-US\",\"@id\":\"https:\\\/\\\/ujbuda.dental\\\/en\\\/product\\\/tartar-removal-gift\\\/#primaryimage\",\"url\":\"https:\\\/\\\/ujbuda.dental\\\/wp-content\\\/uploads\\\/2025\\\/03\\\/fogmegtartas-ujbuda-dental-xi-ker.jpg\",\"contentUrl\":\"https:\\\/\\\/ujbuda.dental\\\/wp-content\\\/uploads\\\/2025\\\/03\\\/fogmegtartas-ujbuda-dental-xi-ker.jpg\",\"width\":2000,\"height\":1333,\"caption\":\"\u00dajbuda Dental a fogmegtart\u00e1s szak\u00e9rt\u0151ivel\"},{\"@type\":\"BreadcrumbList\",\"@id\":\"https:\\\/\\\/ujbuda.dental\\\/en\\\/product\\\/tartar-removal-gift\\\/#breadcrumb\",\"itemListElement\":[{\"@type\":\"ListItem\",\"position\":1,\"name\":\"Kezd\u0151lap\",\"item\":\"https:\\\/\\\/ujbuda.dental\\\/en\\\/\"},{\"@type\":\"ListItem\",\"position\":2,\"name\":\"Shop\",\"item\":\"https:\\\/\\\/ujbuda.dental\\\/en\\\/shop\\\/\"},{\"@type\":\"ListItem\",\"position\":3,\"name\":\"Tartar removal gift\"}]},{\"@type\":\"WebSite\",\"@id\":\"https:\\\/\\\/ujbuda.dental\\\/en\\\/#website\",\"url\":\"https:\\\/\\\/ujbuda.dental\\\/en\\\/\",\"name\":\"\u00dajbuda Dental\",\"description\":\"Az eszt\u00e9tikai beavatkoz\u00e1sok \u00e9s a fogbe\u00fcltet\u00e9s specialist\u00e1ja\",\"publisher\":{\"@id\":\"https:\\\/\\\/ujbuda.dental\\\/en\\\/#organization\"},\"potentialAction\":[{\"@type\":\"SearchAction\",\"target\":{\"@type\":\"EntryPoint\",\"urlTemplate\":\"https:\\\/\\\/ujbuda.dental\\\/en\\\/?s={search_term_string}\"},\"query-input\":{\"@type\":\"PropertyValueSpecification\",\"valueRequired\":true,\"valueName\":\"search_term_string\"}}],\"inLanguage\":\"en-US\"},{\"@type\":\"Organization\",\"@id\":\"https:\\\/\\\/ujbuda.dental\\\/en\\\/#organization\",\"name\":\"N\u00e1dor Dent Kft.\",\"url\":\"https:\\\/\\\/ujbuda.dental\\\/en\\\/\",\"logo\":{\"@type\":\"ImageObject\",\"inLanguage\":\"en-US\",\"@id\":\"https:\\\/\\\/ujbuda.dental\\\/en\\\/#\\\/schema\\\/logo\\\/image\\\/\",\"url\":\"https:\\\/\\\/ujbuda.dental\\\/wp-content\\\/uploads\\\/2025\\\/01\\\/ujbuda-dental.png\",\"contentUrl\":\"https:\\\/\\\/ujbuda.dental\\\/wp-content\\\/uploads\\\/2025\\\/01\\\/ujbuda-dental.png\",\"width\":254,\"height\":133,\"caption\":\"N\u00e1dor Dent Kft.\"},\"image\":{\"@id\":\"https:\\\/\\\/ujbuda.dental\\\/en\\\/#\\\/schema\\\/logo\\\/image\\\/\"},\"sameAs\":[\"https:\\\/\\\/www.facebook.com\\\/ujbudadental\",\"https:\\\/\\\/www.youtube.com\\\/channel\\\/UCDj6OYJI6GXjrx-X-994ybQ\"]}]}<\/script>\n<!-- \/ Yoast SEO plugin. -->","yoast_head_json":{"title":"Tartar removal gift - \u00dajbuda Dental","description":"Surprise your loved ones with a complete dental hygiene treatment, which includes full tartar removal. Prevent dental disease in your loved ones!","robots":{"index":"index","follow":"follow","max-snippet":"max-snippet:-1","max-image-preview":"max-image-preview:large","max-video-preview":"max-video-preview:-1"},"canonical":"https:\/\/ujbuda.dental\/en\/product\/tartar-removal-gift\/","og_locale":"en_US","og_type":"article","og_title":"Tartar removal gift - \u00dajbuda Dental","og_description":"Surprise your loved ones with a complete dental hygiene treatment, which includes full tartar removal. Prevent dental disease in your loved ones!","og_url":"https:\/\/ujbuda.dental\/en\/product\/tartar-removal-gift\/","og_site_name":"\u00dajbuda Dental","article_publisher":"https:\/\/www.facebook.com\/ujbudadental","og_image":[{"width":2000,"height":1333,"url":"https:\/\/ujbuda.dental\/wp-content\/uploads\/2025\/03\/fogmegtartas-ujbuda-dental-xi-ker.jpg","type":"image\/jpeg"}],"twitter_card":"summary_large_image","twitter_misc":{"Est. reading time":"1 minute"},"schema":{"@context":"https:\/\/schema.org","@graph":[{"@type":"WebPage","@id":"https:\/\/ujbuda.dental\/en\/product\/tartar-removal-gift\/","url":"https:\/\/ujbuda.dental\/en\/product\/tartar-removal-gift\/","name":"Tartar removal gift - \u00dajbuda Dental","isPartOf":{"@id":"https:\/\/ujbuda.dental\/en\/#website"},"primaryImageOfPage":{"@id":"https:\/\/ujbuda.dental\/en\/product\/tartar-removal-gift\/#primaryimage"},"image":{"@id":"https:\/\/ujbuda.dental\/en\/product\/tartar-removal-gift\/#primaryimage"},"thumbnailUrl":"https:\/\/ujbuda.dental\/wp-content\/uploads\/2025\/03\/fogmegtartas-ujbuda-dental-xi-ker.jpg","datePublished":"2025-03-02T13:33:54+00:00","description":"Surprise your loved ones with a complete dental hygiene treatment, which includes full tartar removal. Prevent dental disease in your loved ones!","breadcrumb":{"@id":"https:\/\/ujbuda.dental\/en\/product\/tartar-removal-gift\/#breadcrumb"},"inLanguage":"en-US","potentialAction":[{"@type":"ReadAction","target":["https:\/\/ujbuda.dental\/en\/product\/tartar-removal-gift\/"]}]},{"@type":"ImageObject","inLanguage":"en-US","@id":"https:\/\/ujbuda.dental\/en\/product\/tartar-removal-gift\/#primaryimage","url":"https:\/\/ujbuda.dental\/wp-content\/uploads\/2025\/03\/fogmegtartas-ujbuda-dental-xi-ker.jpg","contentUrl":"https:\/\/ujbuda.dental\/wp-content\/uploads\/2025\/03\/fogmegtartas-ujbuda-dental-xi-ker.jpg","width":2000,"height":1333,"caption":"\u00dajbuda Dental a fogmegtart\u00e1s szak\u00e9rt\u0151ivel"},{"@type":"BreadcrumbList","@id":"https:\/\/ujbuda.dental\/en\/product\/tartar-removal-gift\/#breadcrumb","itemListElement":[{"@type":"ListItem","position":1,"name":"Kezd\u0151lap","item":"https:\/\/ujbuda.dental\/en\/"},{"@type":"ListItem","position":2,"name":"Shop","item":"https:\/\/ujbuda.dental\/en\/shop\/"},{"@type":"ListItem","position":3,"name":"Tartar removal gift"}]},{"@type":"WebSite","@id":"https:\/\/ujbuda.dental\/en\/#website","url":"https:\/\/ujbuda.dental\/en\/","name":"\u00dajbuda Dental","description":"Az eszt\u00e9tikai beavatkoz\u00e1sok \u00e9s a fogbe\u00fcltet\u00e9s specialist\u00e1ja","publisher":{"@id":"https:\/\/ujbuda.dental\/en\/#organization"},"potentialAction":[{"@type":"SearchAction","target":{"@type":"EntryPoint","urlTemplate":"https:\/\/ujbuda.dental\/en\/?s={search_term_string}"},"query-input":{"@type":"PropertyValueSpecification","valueRequired":true,"valueName":"search_term_string"}}],"inLanguage":"en-US"},{"@type":"Organization","@id":"https:\/\/ujbuda.dental\/en\/#organization","name":"N\u00e1dor Dent Kft.","url":"https:\/\/ujbuda.dental\/en\/","logo":{"@type":"ImageObject","inLanguage":"en-US","@id":"https:\/\/ujbuda.dental\/en\/#\/schema\/logo\/image\/","url":"https:\/\/ujbuda.dental\/wp-content\/uploads\/2025\/01\/ujbuda-dental.png","contentUrl":"https:\/\/ujbuda.dental\/wp-content\/uploads\/2025\/01\/ujbuda-dental.png","width":254,"height":133,"caption":"N\u00e1dor Dent Kft."},"image":{"@id":"https:\/\/ujbuda.dental\/en\/#\/schema\/logo\/image\/"},"sameAs":["https:\/\/www.facebook.com\/ujbudadental","https:\/\/www.youtube.com\/channel\/UCDj6OYJI6GXjrx-X-994ybQ"]}]}},"_links":{"self":[{"href":"https:\/\/ujbuda.dental\/en\/wp-json\/wp\/v2\/product\/3146","targetHints":{"allow":["GET"]}}],"collection":[{"href":"https:\/\/ujbuda.dental\/en\/wp-json\/wp\/v2\/product"}],"about":[{"href":"https:\/\/ujbuda.dental\/en\/wp-json\/wp\/v2\/types\/product"}],"replies":[{"embeddable":true,"href":"https:\/\/ujbuda.dental\/en\/wp-json\/wp\/v2\/comments?post=3146"}],"wp:featuredmedia":[{"embeddable":true,"href":"https:\/\/ujbuda.dental\/en\/wp-json\/wp\/v2\/media\/1416"}],"wp:attachment":[{"href":"https:\/\/ujbuda.dental\/en\/wp-json\/wp\/v2\/media?parent=3146"}],"wp:term":[{"taxonomy":"product_brand","embeddable":true,"href":"https:\/\/ujbuda.dental\/en\/wp-json\/wp\/v2\/product_brand?post=3146"},{"taxonomy":"product_cat","embeddable":true,"href":"https:\/\/ujbuda.dental\/en\/wp-json\/wp\/v2\/product_cat?post=3146"},{"taxonomy":"product_tag","embeddable":true,"href":"https:\/\/ujbuda.dental\/en\/wp-json\/wp\/v2\/product_tag?post=3146"}],"curies":[{"name":"wp","href":"https:\/\/api.w.org\/{rel}","templated":true}]}}