{"id":3282,"date":"2025-03-19T21:28:03","date_gmt":"2025-03-19T20:28:03","guid":{"rendered":"https:\/\/ujbuda.dental\/team\/dr-dorina-polcz-dentist-at-one-of-budapests-favorite-dental-clinics\/"},"modified":"2025-11-13T19:59:19","modified_gmt":"2025-11-13T18:59:19","slug":"dr-dorina-polcz","status":"publish","type":"page","link":"https:\/\/ujbuda.dental\/en\/team\/dr-dorina-polcz\/","title":{"rendered":"Dr. Dorina Polcz Dentist at one of Budapest&#8217;s favorite dental clinics"},"content":{"rendered":"\t\t<div data-elementor-type=\"wp-page\" data-elementor-id=\"3282\" class=\"elementor elementor-3282 elementor-1761\" data-elementor-post-type=\"page\">\n\t\t\t\t<div class=\"elementor-element elementor-element-1688c92 e-flex e-con-boxed e-con e-parent\" data-id=\"1688c92\" data-element_type=\"container\" data-e-type=\"container\" data-settings=\"{&quot;background_background&quot;:&quot;classic&quot;}\">\n\t\t\t\t\t<div class=\"e-con-inner\">\n\t\t<div class=\"elementor-element elementor-element-e3fbc7c e-con-full e-flex elementor-invisible e-con e-child\" data-id=\"e3fbc7c\" data-element_type=\"container\" data-e-type=\"container\" data-settings=\"{&quot;animation&quot;:&quot;bounceIn&quot;}\">\n\t\t\t\t<div class=\"elementor-element elementor-element-5d32df5 elementor-widget elementor-widget-spacer\" data-id=\"5d32df5\" data-element_type=\"widget\" data-e-type=\"widget\" data-widget_type=\"spacer.default\">\n\t\t\t\t<div class=\"elementor-widget-container\">\n\t\t\t\t\t\t\t<div class=\"elementor-spacer\">\n\t\t\t<div class=\"elementor-spacer-inner\"><\/div>\n\t\t<\/div>\n\t\t\t\t\t\t<\/div>\n\t\t\t\t<\/div>\n\t\t\t\t<div class=\"elementor-element elementor-element-56ddebd elementor-widget elementor-widget-heading\" data-id=\"56ddebd\" data-element_type=\"widget\" data-e-type=\"widget\" data-widget_type=\"heading.default\">\n\t\t\t\t<div class=\"elementor-widget-container\">\n\t\t\t\t\t<h1 class=\"elementor-heading-title elementor-size-default\">Dr. Polcz Dorina<\/h1>\t\t\t\t<\/div>\n\t\t\t\t<\/div>\n\t\t\t\t<div class=\"elementor-element elementor-element-d02693b elementor-widget elementor-widget-text-editor\" data-id=\"d02693b\" data-element_type=\"widget\" data-e-type=\"widget\" data-widget_type=\"text-editor.default\">\n\t\t\t\t<div class=\"elementor-widget-container\">\n\t\t\t\t\t\t\t\t\t<p>Dentist An employee of one of the most popular dental clinics in Budapest, \u00dajBuda Dental.<\/p>\t\t\t\t\t\t\t\t<\/div>\n\t\t\t\t<\/div>\n\t\t\t\t<\/div>\n\t\t\t\t\t<\/div>\n\t\t\t\t<\/div>\n\t\t<div class=\"elementor-element elementor-element-59b4173 e-flex e-con-boxed e-con e-parent\" data-id=\"59b4173\" data-element_type=\"container\" data-e-type=\"container\" data-settings=\"{&quot;background_background&quot;:&quot;classic&quot;}\">\n\t\t\t\t\t<div class=\"e-con-inner\">\n\t\t<div class=\"elementor-element elementor-element-7f7b80c e-con-full e-flex elementor-invisible e-con e-child\" data-id=\"7f7b80c\" data-element_type=\"container\" data-e-type=\"container\" data-settings=\"{&quot;animation&quot;:&quot;bounceIn&quot;}\">\n\t\t\t\t<div class=\"elementor-element elementor-element-c9188e8 elementor-widget elementor-widget-text-editor\" data-id=\"c9188e8\" data-element_type=\"widget\" data-e-type=\"widget\" data-widget_type=\"text-editor.default\">\n\t\t\t\t<div class=\"elementor-widget-container\">\n\t\t\t\t\t\t\t\t\t<p><b>Introduction<\/b><\/p>\t\t\t\t\t\t\t\t<\/div>\n\t\t\t\t<\/div>\n\t\t<div class=\"elementor-element elementor-element-7f39af3 e-con-full e-flex e-con e-child\" data-id=\"7f39af3\" data-element_type=\"container\" data-e-type=\"container\">\n\t\t<div class=\"elementor-element elementor-element-dcb783a e-con-full e-flex e-con e-child\" data-id=\"dcb783a\" data-element_type=\"container\" data-e-type=\"container\">\n\t\t<div class=\"elementor-element elementor-element-f14617f e-con-full e-flex elementor-invisible e-con e-child\" data-id=\"f14617f\" data-element_type=\"container\" data-e-type=\"container\" data-settings=\"{&quot;animation&quot;:&quot;fadeIn&quot;,&quot;animation_delay&quot;:200}\">\n\t\t<div class=\"elementor-element elementor-element-7d9c62a e-con-full e-flex e-con e-child\" data-id=\"7d9c62a\" data-element_type=\"container\" data-e-type=\"container\" data-settings=\"{&quot;background_background&quot;:&quot;gradient&quot;}\">\n\t\t\t\t<div class=\"elementor-element elementor-element-cce93f8 elementor-widget elementor-widget-image\" data-id=\"cce93f8\" data-element_type=\"widget\" data-e-type=\"widget\" data-widget_type=\"image.default\">\n\t\t\t\t<div class=\"elementor-widget-container\">\n\t\t\t\t\t\t\t\t\t\t\t\t\t\t\t<img fetchpriority=\"high\" decoding=\"async\" width=\"705\" height=\"1024\" src=\"https:\/\/ujbuda.dental\/wp-content\/uploads\/2025\/02\/dr-polcz-dorina-ujbuda-dental-budapest-fogszakorvos-mosoly-705x1024.webp\" class=\"attachment-large size-large wp-image-2938\" alt=\"Dr. Dorina Polcz\" srcset=\"https:\/\/ujbuda.dental\/wp-content\/uploads\/2025\/02\/dr-polcz-dorina-ujbuda-dental-budapest-fogszakorvos-mosoly-705x1024.webp 705w, https:\/\/ujbuda.dental\/wp-content\/uploads\/2025\/02\/dr-polcz-dorina-ujbuda-dental-budapest-fogszakorvos-mosoly-207x300.webp 207w, https:\/\/ujbuda.dental\/wp-content\/uploads\/2025\/02\/dr-polcz-dorina-ujbuda-dental-budapest-fogszakorvos-mosoly-768x1115.webp 768w, https:\/\/ujbuda.dental\/wp-content\/uploads\/2025\/02\/dr-polcz-dorina-ujbuda-dental-budapest-fogszakorvos-mosoly.webp 1039w\" sizes=\"(max-width: 705px) 100vw, 705px\" \/>\t\t\t\t\t\t\t\t\t\t\t\t\t\t\t<\/div>\n\t\t\t\t<\/div>\n\t\t\t\t<\/div>\n\t\t\t\t<div class=\"elementor-element elementor-element-9fd9b87 elementor-widget elementor-widget-heading\" data-id=\"9fd9b87\" data-element_type=\"widget\" data-e-type=\"widget\" data-widget_type=\"heading.default\">\n\t\t\t\t<div class=\"elementor-widget-container\">\n\t\t\t\t\t<h2 class=\"elementor-heading-title elementor-size-default\">Dr. Dorina Polcz<br>periodontist dentist<\/h2>\t\t\t\t<\/div>\n\t\t\t\t<\/div>\n\t\t\t\t<div class=\"elementor-element elementor-element-d27e872 elementor-widget elementor-widget-heading\" data-id=\"d27e872\" data-element_type=\"widget\" data-e-type=\"widget\" data-widget_type=\"heading.default\">\n\t\t\t\t<div class=\"elementor-widget-container\">\n\t\t\t\t\t<h3 class=\"elementor-heading-title elementor-size-default\">Treatments where you can meet Dr. Dorina Polcz?<\/h3>\t\t\t\t<\/div>\n\t\t\t\t<\/div>\n\t\t\t\t<div class=\"elementor-element elementor-element-6879920 elementor-align-center elementor-icon-list--layout-traditional elementor-list-item-link-full_width elementor-widget elementor-widget-icon-list\" data-id=\"6879920\" data-element_type=\"widget\" data-e-type=\"widget\" data-widget_type=\"icon-list.default\">\n\t\t\t\t<div class=\"elementor-widget-container\">\n\t\t\t\t\t\t\t<ul class=\"elementor-icon-list-items\">\n\t\t\t\t\t\t\t<li class=\"elementor-icon-list-item\">\n\t\t\t\t\t\t\t\t\t\t\t<a href=\"https:\/\/ujbuda.dental\/en\/treatments\/periodontal-diseases-treatment-budapest\/\">\n\n\t\t\t\t\t\t\t\t\t\t\t\t<span class=\"elementor-icon-list-icon\">\n\t\t\t\t\t\t\t<svg aria-hidden=\"true\" class=\"e-font-icon-svg e-fas-check\" viewBox=\"0 0 512 512\" xmlns=\"http:\/\/www.w3.org\/2000\/svg\"><path d=\"M173.898 439.404l-166.4-166.4c-9.997-9.997-9.997-26.206 0-36.204l36.203-36.204c9.997-9.998 26.207-9.998 36.204 0L192 312.69 432.095 72.596c9.997-9.997 26.207-9.997 36.204 0l36.203 36.204c9.997 9.997 9.997 26.206 0 36.204l-294.4 294.401c-9.998 9.997-26.207 9.997-36.204-.001z\"><\/path><\/svg>\t\t\t\t\t\t<\/span>\n\t\t\t\t\t\t\t\t\t\t<span class=\"elementor-icon-list-text\">Periodontal disease treatments<\/span>\n\t\t\t\t\t\t\t\t\t\t\t<\/a>\n\t\t\t\t\t\t\t\t\t<\/li>\n\t\t\t\t\t\t\t\t<li class=\"elementor-icon-list-item\">\n\t\t\t\t\t\t\t\t\t\t\t<a href=\"https:\/\/ujbuda.dental\/en\/treatments\/tooth-preservation-root-canal-treatments-budapest\/\">\n\n\t\t\t\t\t\t\t\t\t\t\t\t<span class=\"elementor-icon-list-icon\">\n\t\t\t\t\t\t\t<svg aria-hidden=\"true\" class=\"e-font-icon-svg e-fas-check\" viewBox=\"0 0 512 512\" xmlns=\"http:\/\/www.w3.org\/2000\/svg\"><path d=\"M173.898 439.404l-166.4-166.4c-9.997-9.997-9.997-26.206 0-36.204l36.203-36.204c9.997-9.998 26.207-9.998 36.204 0L192 312.69 432.095 72.596c9.997-9.997 26.207-9.997 36.204 0l36.203 36.204c9.997 9.997 9.997 26.206 0 36.204l-294.4 294.401c-9.998 9.997-26.207 9.997-36.204-.001z\"><\/path><\/svg>\t\t\t\t\t\t<\/span>\n\t\t\t\t\t\t\t\t\t\t<span class=\"elementor-icon-list-text\">Tooth retention treatments<\/span>\n\t\t\t\t\t\t\t\t\t\t\t<\/a>\n\t\t\t\t\t\t\t\t\t<\/li>\n\t\t\t\t\t\t<\/ul>\n\t\t\t\t\t\t<\/div>\n\t\t\t\t<\/div>\n\t\t\t\t<div class=\"elementor-element elementor-element-45fd686 elementor-widget elementor-widget-spacer\" data-id=\"45fd686\" data-element_type=\"widget\" data-e-type=\"widget\" data-widget_type=\"spacer.default\">\n\t\t\t\t<div class=\"elementor-widget-container\">\n\t\t\t\t\t\t\t<div class=\"elementor-spacer\">\n\t\t\t<div class=\"elementor-spacer-inner\"><\/div>\n\t\t<\/div>\n\t\t\t\t\t\t<\/div>\n\t\t\t\t<\/div>\n\t\t\t\t<\/div>\n\t\t<div class=\"elementor-element elementor-element-93ea02b e-con-full e-flex e-con e-child\" data-id=\"93ea02b\" data-element_type=\"container\" data-e-type=\"container\">\n\t\t\t\t<div class=\"elementor-element elementor-element-9f9bf37 elementor-widget elementor-widget-text-editor\" data-id=\"9f9bf37\" data-element_type=\"widget\" data-e-type=\"widget\" data-widget_type=\"text-editor.default\">\n\t\t\t\t<div class=\"elementor-widget-container\">\n\t\t\t\t\t\t\t\t\t<p><strong>I obtained my degree in 2018 at Semmelweis University, where I subsequently began my postgraduate training.<\/strong><\/p><p>Upon successful completion, I became a periodontist. In order to achieve long-term results with my treatments, I place great emphasis on improving oral hygiene, which helps my patients prevent the development of disease and maintain lasting recovery. <\/p><p>I have experienced the anxiety that arises in the dentist&#8217;s chair many times myself, which I sometimes encounter in my patients as well.<\/p><p>I patiently work to alleviate the feeling of vulnerability that arises in the treatment chair.<\/p>\t\t\t\t\t\t\t\t<\/div>\n\t\t\t\t<\/div>\n\t\t\t\t<\/div>\n\t\t\t\t<\/div>\n\t\t\t\t<\/div>\n\t\t\t\t<div class=\"elementor-element elementor-element-e7075bb elementor-widget elementor-widget-spacer\" data-id=\"e7075bb\" data-element_type=\"widget\" data-e-type=\"widget\" data-widget_type=\"spacer.default\">\n\t\t\t\t<div class=\"elementor-widget-container\">\n\t\t\t\t\t\t\t<div class=\"elementor-spacer\">\n\t\t\t<div class=\"elementor-spacer-inner\"><\/div>\n\t\t<\/div>\n\t\t\t\t\t\t<\/div>\n\t\t\t\t<\/div>\n\t\t\t\t<\/div>\n\t\t\t\t\t<\/div>\n\t\t\t\t<\/div>\n\t\t<div class=\"elementor-element elementor-element-6325f2c e-flex e-con-boxed e-con e-parent\" data-id=\"6325f2c\" data-element_type=\"container\" data-e-type=\"container\" data-settings=\"{&quot;background_background&quot;:&quot;classic&quot;}\">\n\t\t\t\t\t<div class=\"e-con-inner\">\n\t\t\t\t<div class=\"elementor-element elementor-element-e102574 elementor-widget elementor-widget-heading\" data-id=\"e102574\" data-element_type=\"widget\" data-e-type=\"widget\" data-widget_type=\"heading.default\">\n\t\t\t\t<div class=\"elementor-widget-container\">\n\t\t\t\t\t<h2 class=\"elementor-heading-title elementor-size-default\">Your favorite dentist in Budapest's 11th district is waiting for you!<\/h2>\t\t\t\t<\/div>\n\t\t\t\t<\/div>\n\t\t\t\t<div class=\"elementor-element elementor-element-145f552 elementor-widget elementor-widget-text-editor\" data-id=\"145f552\" data-element_type=\"widget\" data-e-type=\"widget\" data-widget_type=\"text-editor.default\">\n\t\t\t\t<div class=\"elementor-widget-container\">\n\t\t\t\t\t\t\t\t\t<div class=\"entry-content\"><div class=\"wpb-content-wrapper\"><div class=\"vc_row wpb_row vc_row-fluid vc_custom_1559236912383 vc_row-has-fill\" data-vc-full-width=\"true\" data-vc-full-width-init=\"true\"><div class=\"wpb_column vc_column_container vc_col-sm-12\"><div class=\"vc_column-inner vc_custom_1559142898944\"><div class=\"wpb_wrapper\"><p class=\"vc_custom_heading vc_do_custom_heading\">A dental office has its own unique atmosphere, but we tried to change the stereotypes. When entering the office, our patients feel as if they were stepping into their own living room, and this feeling accompanies them throughout the entire treatment process. When designing our clinic, our goal was to create a dental clinic where our patients could feel comfortable. Every detail of the clinic is about you and for you.   <\/p><\/div><\/div><\/div><\/div><\/div><\/div><footer class=\"entry-footer\"><\/footer>\t\t\t\t\t\t\t\t<\/div>\n\t\t\t\t<\/div>\n\t\t\t\t<div class=\"elementor-element elementor-element-acf556b elementor-align-center elementor-widget elementor-widget-button\" data-id=\"acf556b\" data-element_type=\"widget\" data-e-type=\"widget\" data-widget_type=\"button.default\">\n\t\t\t\t<div class=\"elementor-widget-container\">\n\t\t\t\t\t\t\t\t\t<div class=\"elementor-button-wrapper\">\n\t\t\t\t\t<a class=\"elementor-button elementor-button-link elementor-size-sm elementor-animation-pop\" href=\"#elementor-action%3Aaction%3Dpopup%3Aopen%26settings%3DeyJpZCI6MzA1OSwidG9nZ2xlIjpmYWxzZX0%3D\">\n\t\t\t\t\t\t<span class=\"elementor-button-content-wrapper\">\n\t\t\t\t\t\t\t\t\t<span class=\"elementor-button-text\">Appointment<\/span>\n\t\t\t\t\t<\/span>\n\t\t\t\t\t<\/a>\n\t\t\t\t<\/div>\n\t\t\t\t\t\t\t\t<\/div>\n\t\t\t\t<\/div>\n\t\t\t\t\t<\/div>\n\t\t\t\t<\/div>\n\t\t\t\t<\/div>\n\t\t","protected":false},"excerpt":{"rendered":"<p>An employee of one of the most popular dental clinics in Budapest, \u00dajBuda Dental. An employee of one of the most popular dental clinics in Budapest, \u00dajBuda Dental.<\/p>\n","protected":false},"author":1,"featured_media":2938,"parent":3013,"menu_order":0,"comment_status":"closed","ping_status":"closed","template":"","meta":{"footnotes":""},"class_list":["post-3282","page","type-page","status-publish","has-post-thumbnail","hentry"],"yoast_head":"<!-- This site is optimized with the Yoast SEO plugin v27.5 - https:\/\/yoast.com\/product\/yoast-seo-wordpress\/ -->\n<title>Dr. Dorina Polcz Dentist at one of Budapest&#039;s favorite dental clinics - \u00dajbuda Dental Budapest<\/title>\n<meta name=\"description\" content=\"Dr. Dorina Polcz An employee of one of the most popular dental clinics in Budapest, \u00dajBuda Dental.\" \/>\n<meta name=\"robots\" content=\"index, follow, max-snippet:-1, max-image-preview:large, max-video-preview:-1\" \/>\n<link rel=\"canonical\" href=\"https:\/\/ujbuda.dental\/en\/team\/dr-dorina-polcz\/\" \/>\n<meta property=\"og:locale\" content=\"en_US\" \/>\n<meta property=\"og:type\" content=\"article\" \/>\n<meta property=\"og:title\" content=\"Dr. Dorina Polcz Dentist at one of Budapest&#039;s favorite dental clinics - \u00dajbuda Dental Budapest\" \/>\n<meta property=\"og:description\" content=\"Dr. Dorina Polcz An employee of one of the most popular dental clinics in Budapest, \u00dajBuda Dental.\" \/>\n<meta property=\"og:url\" content=\"https:\/\/ujbuda.dental\/en\/team\/dr-dorina-polcz\/\" \/>\n<meta property=\"og:site_name\" content=\"\u00dajbuda Dental\" \/>\n<meta property=\"article:publisher\" content=\"https:\/\/www.facebook.com\/ujbudadental\" \/>\n<meta property=\"article:modified_time\" content=\"2025-11-13T18:59:19+00:00\" \/>\n<meta property=\"og:image\" content=\"https:\/\/ujbuda.dental\/wp-content\/uploads\/2025\/02\/dr-polcz-dorina-ujbuda-dental-budapest-fogszakorvos-mosoly.webp\" \/>\n\t<meta property=\"og:image:width\" content=\"1039\" \/>\n\t<meta property=\"og:image:height\" content=\"1509\" \/>\n\t<meta property=\"og:image:type\" content=\"image\/webp\" \/>\n<meta name=\"twitter:card\" content=\"summary_large_image\" \/>\n<meta name=\"twitter:label1\" content=\"Est. reading time\" \/>\n\t<meta name=\"twitter:data1\" content=\"1 minute\" \/>\n<script type=\"application\/ld+json\" class=\"yoast-schema-graph\">{\"@context\":\"https:\\\/\\\/schema.org\",\"@graph\":[{\"@type\":\"WebPage\",\"@id\":\"https:\\\/\\\/ujbuda.dental\\\/en\\\/team\\\/dr-dorina-polcz\\\/\",\"url\":\"https:\\\/\\\/ujbuda.dental\\\/en\\\/team\\\/dr-dorina-polcz\\\/\",\"name\":\"Dr. Dorina Polcz Dentist at one of Budapest's favorite dental clinics - \u00dajbuda Dental Budapest\",\"isPartOf\":{\"@id\":\"https:\\\/\\\/ujbuda.dental\\\/en\\\/#website\"},\"primaryImageOfPage\":{\"@id\":\"https:\\\/\\\/ujbuda.dental\\\/en\\\/team\\\/dr-dorina-polcz\\\/#primaryimage\"},\"image\":{\"@id\":\"https:\\\/\\\/ujbuda.dental\\\/en\\\/team\\\/dr-dorina-polcz\\\/#primaryimage\"},\"thumbnailUrl\":\"https:\\\/\\\/ujbuda.dental\\\/wp-content\\\/uploads\\\/2025\\\/02\\\/dr-polcz-dorina-ujbuda-dental-budapest-fogszakorvos-mosoly.webp\",\"datePublished\":\"2025-03-19T20:28:03+00:00\",\"dateModified\":\"2025-11-13T18:59:19+00:00\",\"description\":\"Dr. Dorina Polcz An employee of one of the most popular dental clinics in Budapest, \u00dajBuda Dental.\",\"breadcrumb\":{\"@id\":\"https:\\\/\\\/ujbuda.dental\\\/en\\\/team\\\/dr-dorina-polcz\\\/#breadcrumb\"},\"inLanguage\":\"en-US\",\"potentialAction\":[{\"@type\":\"ReadAction\",\"target\":[\"https:\\\/\\\/ujbuda.dental\\\/en\\\/team\\\/dr-dorina-polcz\\\/\"]}]},{\"@type\":\"ImageObject\",\"inLanguage\":\"en-US\",\"@id\":\"https:\\\/\\\/ujbuda.dental\\\/en\\\/team\\\/dr-dorina-polcz\\\/#primaryimage\",\"url\":\"https:\\\/\\\/ujbuda.dental\\\/wp-content\\\/uploads\\\/2025\\\/02\\\/dr-polcz-dorina-ujbuda-dental-budapest-fogszakorvos-mosoly.webp\",\"contentUrl\":\"https:\\\/\\\/ujbuda.dental\\\/wp-content\\\/uploads\\\/2025\\\/02\\\/dr-polcz-dorina-ujbuda-dental-budapest-fogszakorvos-mosoly.webp\",\"width\":1039,\"height\":1509,\"caption\":\"Dr. Dorina Polcz is a dentist at \u00dajBuda Dent\u00e1l, one of the most popular dental clinics in District XI.\"},{\"@type\":\"BreadcrumbList\",\"@id\":\"https:\\\/\\\/ujbuda.dental\\\/en\\\/team\\\/dr-dorina-polcz\\\/#breadcrumb\",\"itemListElement\":[{\"@type\":\"ListItem\",\"position\":1,\"name\":\"Kezd\u0151lap\",\"item\":\"https:\\\/\\\/ujbuda.dental\\\/en\\\/\"},{\"@type\":\"ListItem\",\"position\":2,\"name\":\"Dentists and assistants at Budapest&#8217;s favorite dental clinic in Budapest District XI\",\"item\":\"https:\\\/\\\/ujbuda.dental\\\/en\\\/csapat\\\/\"},{\"@type\":\"ListItem\",\"position\":3,\"name\":\"Dr. Dorina Polcz Dentist at one of Budapest&#8217;s favorite dental clinics\"}]},{\"@type\":\"WebSite\",\"@id\":\"https:\\\/\\\/ujbuda.dental\\\/en\\\/#website\",\"url\":\"https:\\\/\\\/ujbuda.dental\\\/en\\\/\",\"name\":\"\u00dajbuda Dental\",\"description\":\"Az eszt\u00e9tikai beavatkoz\u00e1sok \u00e9s a fogbe\u00fcltet\u00e9s specialist\u00e1ja\",\"publisher\":{\"@id\":\"https:\\\/\\\/ujbuda.dental\\\/en\\\/#organization\"},\"potentialAction\":[{\"@type\":\"SearchAction\",\"target\":{\"@type\":\"EntryPoint\",\"urlTemplate\":\"https:\\\/\\\/ujbuda.dental\\\/en\\\/?s={search_term_string}\"},\"query-input\":{\"@type\":\"PropertyValueSpecification\",\"valueRequired\":true,\"valueName\":\"search_term_string\"}}],\"inLanguage\":\"en-US\"},{\"@type\":\"Organization\",\"@id\":\"https:\\\/\\\/ujbuda.dental\\\/en\\\/#organization\",\"name\":\"N\u00e1dor Dent Kft.\",\"url\":\"https:\\\/\\\/ujbuda.dental\\\/en\\\/\",\"logo\":{\"@type\":\"ImageObject\",\"inLanguage\":\"en-US\",\"@id\":\"https:\\\/\\\/ujbuda.dental\\\/en\\\/#\\\/schema\\\/logo\\\/image\\\/\",\"url\":\"https:\\\/\\\/ujbuda.dental\\\/wp-content\\\/uploads\\\/2025\\\/01\\\/ujbuda-dental.png\",\"contentUrl\":\"https:\\\/\\\/ujbuda.dental\\\/wp-content\\\/uploads\\\/2025\\\/01\\\/ujbuda-dental.png\",\"width\":254,\"height\":133,\"caption\":\"N\u00e1dor Dent Kft.\"},\"image\":{\"@id\":\"https:\\\/\\\/ujbuda.dental\\\/en\\\/#\\\/schema\\\/logo\\\/image\\\/\"},\"sameAs\":[\"https:\\\/\\\/www.facebook.com\\\/ujbudadental\",\"https:\\\/\\\/www.youtube.com\\\/channel\\\/UCDj6OYJI6GXjrx-X-994ybQ\"]}]}<\/script>\n<!-- \/ Yoast SEO plugin. -->","yoast_head_json":{"title":"Dr. Dorina Polcz Dentist at one of Budapest's favorite dental clinics - \u00dajbuda Dental Budapest","description":"Dr. Dorina Polcz An employee of one of the most popular dental clinics in Budapest, \u00dajBuda Dental.","robots":{"index":"index","follow":"follow","max-snippet":"max-snippet:-1","max-image-preview":"max-image-preview:large","max-video-preview":"max-video-preview:-1"},"canonical":"https:\/\/ujbuda.dental\/en\/team\/dr-dorina-polcz\/","og_locale":"en_US","og_type":"article","og_title":"Dr. Dorina Polcz Dentist at one of Budapest's favorite dental clinics - \u00dajbuda Dental Budapest","og_description":"Dr. Dorina Polcz An employee of one of the most popular dental clinics in Budapest, \u00dajBuda Dental.","og_url":"https:\/\/ujbuda.dental\/en\/team\/dr-dorina-polcz\/","og_site_name":"\u00dajbuda Dental","article_publisher":"https:\/\/www.facebook.com\/ujbudadental","article_modified_time":"2025-11-13T18:59:19+00:00","og_image":[{"width":1039,"height":1509,"url":"https:\/\/ujbuda.dental\/wp-content\/uploads\/2025\/02\/dr-polcz-dorina-ujbuda-dental-budapest-fogszakorvos-mosoly.webp","type":"image\/webp"}],"twitter_card":"summary_large_image","twitter_misc":{"Est. reading time":"1 minute"},"schema":{"@context":"https:\/\/schema.org","@graph":[{"@type":"WebPage","@id":"https:\/\/ujbuda.dental\/en\/team\/dr-dorina-polcz\/","url":"https:\/\/ujbuda.dental\/en\/team\/dr-dorina-polcz\/","name":"Dr. Dorina Polcz Dentist at one of Budapest's favorite dental clinics - \u00dajbuda Dental Budapest","isPartOf":{"@id":"https:\/\/ujbuda.dental\/en\/#website"},"primaryImageOfPage":{"@id":"https:\/\/ujbuda.dental\/en\/team\/dr-dorina-polcz\/#primaryimage"},"image":{"@id":"https:\/\/ujbuda.dental\/en\/team\/dr-dorina-polcz\/#primaryimage"},"thumbnailUrl":"https:\/\/ujbuda.dental\/wp-content\/uploads\/2025\/02\/dr-polcz-dorina-ujbuda-dental-budapest-fogszakorvos-mosoly.webp","datePublished":"2025-03-19T20:28:03+00:00","dateModified":"2025-11-13T18:59:19+00:00","description":"Dr. Dorina Polcz An employee of one of the most popular dental clinics in Budapest, \u00dajBuda Dental.","breadcrumb":{"@id":"https:\/\/ujbuda.dental\/en\/team\/dr-dorina-polcz\/#breadcrumb"},"inLanguage":"en-US","potentialAction":[{"@type":"ReadAction","target":["https:\/\/ujbuda.dental\/en\/team\/dr-dorina-polcz\/"]}]},{"@type":"ImageObject","inLanguage":"en-US","@id":"https:\/\/ujbuda.dental\/en\/team\/dr-dorina-polcz\/#primaryimage","url":"https:\/\/ujbuda.dental\/wp-content\/uploads\/2025\/02\/dr-polcz-dorina-ujbuda-dental-budapest-fogszakorvos-mosoly.webp","contentUrl":"https:\/\/ujbuda.dental\/wp-content\/uploads\/2025\/02\/dr-polcz-dorina-ujbuda-dental-budapest-fogszakorvos-mosoly.webp","width":1039,"height":1509,"caption":"Dr. Dorina Polcz is a dentist at \u00dajBuda Dent\u00e1l, one of the most popular dental clinics in District XI."},{"@type":"BreadcrumbList","@id":"https:\/\/ujbuda.dental\/en\/team\/dr-dorina-polcz\/#breadcrumb","itemListElement":[{"@type":"ListItem","position":1,"name":"Kezd\u0151lap","item":"https:\/\/ujbuda.dental\/en\/"},{"@type":"ListItem","position":2,"name":"Dentists and assistants at Budapest&#8217;s favorite dental clinic in Budapest District XI","item":"https:\/\/ujbuda.dental\/en\/csapat\/"},{"@type":"ListItem","position":3,"name":"Dr. Dorina Polcz Dentist at one of Budapest&#8217;s favorite dental clinics"}]},{"@type":"WebSite","@id":"https:\/\/ujbuda.dental\/en\/#website","url":"https:\/\/ujbuda.dental\/en\/","name":"\u00dajbuda Dental","description":"Az eszt\u00e9tikai beavatkoz\u00e1sok \u00e9s a fogbe\u00fcltet\u00e9s specialist\u00e1ja","publisher":{"@id":"https:\/\/ujbuda.dental\/en\/#organization"},"potentialAction":[{"@type":"SearchAction","target":{"@type":"EntryPoint","urlTemplate":"https:\/\/ujbuda.dental\/en\/?s={search_term_string}"},"query-input":{"@type":"PropertyValueSpecification","valueRequired":true,"valueName":"search_term_string"}}],"inLanguage":"en-US"},{"@type":"Organization","@id":"https:\/\/ujbuda.dental\/en\/#organization","name":"N\u00e1dor Dent Kft.","url":"https:\/\/ujbuda.dental\/en\/","logo":{"@type":"ImageObject","inLanguage":"en-US","@id":"https:\/\/ujbuda.dental\/en\/#\/schema\/logo\/image\/","url":"https:\/\/ujbuda.dental\/wp-content\/uploads\/2025\/01\/ujbuda-dental.png","contentUrl":"https:\/\/ujbuda.dental\/wp-content\/uploads\/2025\/01\/ujbuda-dental.png","width":254,"height":133,"caption":"N\u00e1dor Dent Kft."},"image":{"@id":"https:\/\/ujbuda.dental\/en\/#\/schema\/logo\/image\/"},"sameAs":["https:\/\/www.facebook.com\/ujbudadental","https:\/\/www.youtube.com\/channel\/UCDj6OYJI6GXjrx-X-994ybQ"]}]}},"_links":{"self":[{"href":"https:\/\/ujbuda.dental\/en\/wp-json\/wp\/v2\/pages\/3282","targetHints":{"allow":["GET"]}}],"collection":[{"href":"https:\/\/ujbuda.dental\/en\/wp-json\/wp\/v2\/pages"}],"about":[{"href":"https:\/\/ujbuda.dental\/en\/wp-json\/wp\/v2\/types\/page"}],"author":[{"embeddable":true,"href":"https:\/\/ujbuda.dental\/en\/wp-json\/wp\/v2\/users\/1"}],"replies":[{"embeddable":true,"href":"https:\/\/ujbuda.dental\/en\/wp-json\/wp\/v2\/comments?post=3282"}],"version-history":[{"count":2,"href":"https:\/\/ujbuda.dental\/en\/wp-json\/wp\/v2\/pages\/3282\/revisions"}],"predecessor-version":[{"id":3284,"href":"https:\/\/ujbuda.dental\/en\/wp-json\/wp\/v2\/pages\/3282\/revisions\/3284"}],"up":[{"embeddable":true,"href":"https:\/\/ujbuda.dental\/en\/wp-json\/wp\/v2\/pages\/3013"}],"wp:featuredmedia":[{"embeddable":true,"href":"https:\/\/ujbuda.dental\/en\/wp-json\/wp\/v2\/media\/2938"}],"wp:attachment":[{"href":"https:\/\/ujbuda.dental\/en\/wp-json\/wp\/v2\/media?parent=3282"}],"curies":[{"name":"wp","href":"https:\/\/api.w.org\/{rel}","templated":true}]}}