{"id":3266,"date":"2025-03-20T15:36:05","date_gmt":"2025-03-20T14:36:05","guid":{"rendered":"https:\/\/ujbuda.dental\/team\/krisztina-szaszne-bella-dental-higiensit-at-ujbuda-dental-clinic\/"},"modified":"2025-11-14T10:24:04","modified_gmt":"2025-11-14T09:24:04","slug":"krisztina-szaszne-bella","status":"publish","type":"page","link":"https:\/\/ujbuda.dental\/en\/team\/krisztina-szaszne-bella\/","title":{"rendered":"Krisztina Sz\u00e1szn\u00e9 Bella Dental hygienist at UjBuda Dental Clinic"},"content":{"rendered":"\t\t<div data-elementor-type=\"wp-page\" data-elementor-id=\"3266\" class=\"elementor elementor-3266 elementor-1825\" data-elementor-post-type=\"page\">\n\t\t\t\t<div class=\"elementor-element elementor-element-1688c92 e-flex e-con-boxed e-con e-parent\" data-id=\"1688c92\" data-element_type=\"container\" data-e-type=\"container\" data-settings=\"{&quot;background_background&quot;:&quot;classic&quot;}\">\n\t\t\t\t\t<div class=\"e-con-inner\">\n\t\t<div class=\"elementor-element elementor-element-e3fbc7c e-con-full e-flex elementor-invisible e-con e-child\" data-id=\"e3fbc7c\" data-element_type=\"container\" data-e-type=\"container\" data-settings=\"{&quot;animation&quot;:&quot;bounceIn&quot;}\">\n\t\t\t\t<div class=\"elementor-element elementor-element-5d32df5 elementor-widget elementor-widget-spacer\" data-id=\"5d32df5\" data-element_type=\"widget\" data-e-type=\"widget\" data-widget_type=\"spacer.default\">\n\t\t\t\t<div class=\"elementor-widget-container\">\n\t\t\t\t\t\t\t<div class=\"elementor-spacer\">\n\t\t\t<div class=\"elementor-spacer-inner\"><\/div>\n\t\t<\/div>\n\t\t\t\t\t\t<\/div>\n\t\t\t\t<\/div>\n\t\t\t\t<div class=\"elementor-element elementor-element-56ddebd elementor-widget elementor-widget-heading\" data-id=\"56ddebd\" data-element_type=\"widget\" data-e-type=\"widget\" data-widget_type=\"heading.default\">\n\t\t\t\t<div class=\"elementor-widget-container\">\n\t\t\t\t\t<h1 class=\"elementor-heading-title elementor-size-default\">Krisztina Sz\u00e1szn\u00e9 Bella<\/h1>\t\t\t\t<\/div>\n\t\t\t\t<\/div>\n\t\t\t\t<div class=\"elementor-element elementor-element-d02693b elementor-widget elementor-widget-text-editor\" data-id=\"d02693b\" data-element_type=\"widget\" data-e-type=\"widget\" data-widget_type=\"text-editor.default\">\n\t\t\t\t<div class=\"elementor-widget-container\">\n\t\t\t\t\t\t\t\t\t<p>She is the head dental assistant at \u00dajBuda Dent\u00e1l, one of the most popular dental clinics in Budapest District XI. <\/p>\t\t\t\t\t\t\t\t<\/div>\n\t\t\t\t<\/div>\n\t\t\t\t<\/div>\n\t\t\t\t\t<\/div>\n\t\t\t\t<\/div>\n\t\t<div class=\"elementor-element elementor-element-59b4173 e-flex e-con-boxed e-con e-parent\" data-id=\"59b4173\" data-element_type=\"container\" data-e-type=\"container\" data-settings=\"{&quot;background_background&quot;:&quot;classic&quot;}\">\n\t\t\t\t\t<div class=\"e-con-inner\">\n\t\t<div class=\"elementor-element elementor-element-7f7b80c e-con-full e-flex elementor-invisible e-con e-child\" data-id=\"7f7b80c\" data-element_type=\"container\" data-e-type=\"container\" data-settings=\"{&quot;animation&quot;:&quot;bounceIn&quot;}\">\n\t\t\t\t<div class=\"elementor-element elementor-element-c9188e8 elementor-widget elementor-widget-text-editor\" data-id=\"c9188e8\" data-element_type=\"widget\" data-e-type=\"widget\" data-widget_type=\"text-editor.default\">\n\t\t\t\t<div class=\"elementor-widget-container\">\n\t\t\t\t\t\t\t\t\t<p><b>Introduction<\/b><\/p>\t\t\t\t\t\t\t\t<\/div>\n\t\t\t\t<\/div>\n\t\t<div class=\"elementor-element elementor-element-7f39af3 e-con-full e-flex e-con e-child\" data-id=\"7f39af3\" data-element_type=\"container\" data-e-type=\"container\">\n\t\t<div class=\"elementor-element elementor-element-dcb783a e-con-full e-flex e-con e-child\" data-id=\"dcb783a\" data-element_type=\"container\" data-e-type=\"container\">\n\t\t<div class=\"elementor-element elementor-element-f14617f e-con-full e-flex elementor-invisible e-con e-child\" data-id=\"f14617f\" data-element_type=\"container\" data-e-type=\"container\" data-settings=\"{&quot;animation&quot;:&quot;fadeIn&quot;,&quot;animation_delay&quot;:200}\">\n\t\t<div class=\"elementor-element elementor-element-7d9c62a e-con-full e-flex e-con e-child\" data-id=\"7d9c62a\" data-element_type=\"container\" data-e-type=\"container\" data-settings=\"{&quot;background_background&quot;:&quot;gradient&quot;}\">\n\t\t\t\t<div class=\"elementor-element elementor-element-cce93f8 elementor-widget elementor-widget-image\" data-id=\"cce93f8\" data-element_type=\"widget\" data-e-type=\"widget\" data-widget_type=\"image.default\">\n\t\t\t\t<div class=\"elementor-widget-container\">\n\t\t\t\t\t\t\t\t\t\t\t\t\t\t\t<img fetchpriority=\"high\" decoding=\"async\" width=\"683\" height=\"1024\" src=\"https:\/\/ujbuda.dental\/wp-content\/uploads\/2025\/03\/szaszne-bella-krisztina-ujbuda-dental-budapest-vezeto-fogaszati-asszisztens-683x1024.webp\" class=\"attachment-large size-large wp-image-3007\" alt=\"Krisztina Sz\u00e1szn\u00e9 Bella, dental hygienist\" srcset=\"https:\/\/ujbuda.dental\/wp-content\/uploads\/2025\/03\/szaszne-bella-krisztina-ujbuda-dental-budapest-vezeto-fogaszati-asszisztens-683x1024.webp 683w, https:\/\/ujbuda.dental\/wp-content\/uploads\/2025\/03\/szaszne-bella-krisztina-ujbuda-dental-budapest-vezeto-fogaszati-asszisztens-200x300.webp 200w, https:\/\/ujbuda.dental\/wp-content\/uploads\/2025\/03\/szaszne-bella-krisztina-ujbuda-dental-budapest-vezeto-fogaszati-asszisztens-768x1152.webp 768w, https:\/\/ujbuda.dental\/wp-content\/uploads\/2025\/03\/szaszne-bella-krisztina-ujbuda-dental-budapest-vezeto-fogaszati-asszisztens-1024x1536.webp 1024w, https:\/\/ujbuda.dental\/wp-content\/uploads\/2025\/03\/szaszne-bella-krisztina-ujbuda-dental-budapest-vezeto-fogaszati-asszisztens-1365x2048.webp 1365w, https:\/\/ujbuda.dental\/wp-content\/uploads\/2025\/03\/szaszne-bella-krisztina-ujbuda-dental-budapest-vezeto-fogaszati-asszisztens-600x900.webp 600w, https:\/\/ujbuda.dental\/wp-content\/uploads\/2025\/03\/szaszne-bella-krisztina-ujbuda-dental-budapest-vezeto-fogaszati-asszisztens-scaled.webp 1707w\" sizes=\"(max-width: 683px) 100vw, 683px\" \/>\t\t\t\t\t\t\t\t\t\t\t\t\t\t\t<\/div>\n\t\t\t\t<\/div>\n\t\t\t\t<\/div>\n\t\t\t\t<div class=\"elementor-element elementor-element-9fd9b87 elementor-widget elementor-widget-heading\" data-id=\"9fd9b87\" data-element_type=\"widget\" data-e-type=\"widget\" data-widget_type=\"heading.default\">\n\t\t\t\t<div class=\"elementor-widget-container\">\n\t\t\t\t\t<h2 class=\"elementor-heading-title elementor-size-default\">Krisztina Sz\u00e1szn\u00e9 Bella<\/h2>\t\t\t\t<\/div>\n\t\t\t\t<\/div>\n\t\t\t\t<div class=\"elementor-element elementor-element-45fd686 elementor-widget elementor-widget-spacer\" data-id=\"45fd686\" data-element_type=\"widget\" data-e-type=\"widget\" data-widget_type=\"spacer.default\">\n\t\t\t\t<div class=\"elementor-widget-container\">\n\t\t\t\t\t\t\t<div class=\"elementor-spacer\">\n\t\t\t<div class=\"elementor-spacer-inner\"><\/div>\n\t\t<\/div>\n\t\t\t\t\t\t<\/div>\n\t\t\t\t<\/div>\n\t\t\t\t<\/div>\n\t\t<div class=\"elementor-element elementor-element-93ea02b e-con-full e-flex e-con e-child\" data-id=\"93ea02b\" data-element_type=\"container\" data-e-type=\"container\">\n\t\t\t\t<div class=\"elementor-element elementor-element-9f9bf37 elementor-widget elementor-widget-text-editor\" data-id=\"9f9bf37\" data-element_type=\"widget\" data-e-type=\"widget\" data-widget_type=\"text-editor.default\">\n\t\t\t\t<div class=\"elementor-widget-container\">\n\t\t\t\t\t\t\t\t\t<p><strong>She is the head assistant at our clinic. She is one of the longest-serving members of our team.  <\/strong><\/p><p>He remains calm in every situation. He always carries out the tasks entrusted to him in strict compliance with the rules. <\/p><p>Her favorite areas are clinic hygiene, infection control, and sterilization. She provides indispensable assistance to the doctor during oral surgery procedures. <\/p>\t\t\t\t\t\t\t\t<\/div>\n\t\t\t\t<\/div>\n\t\t\t\t<\/div>\n\t\t\t\t<\/div>\n\t\t\t\t<\/div>\n\t\t\t\t<div class=\"elementor-element elementor-element-e7075bb elementor-widget elementor-widget-spacer\" data-id=\"e7075bb\" data-element_type=\"widget\" data-e-type=\"widget\" data-widget_type=\"spacer.default\">\n\t\t\t\t<div class=\"elementor-widget-container\">\n\t\t\t\t\t\t\t<div class=\"elementor-spacer\">\n\t\t\t<div class=\"elementor-spacer-inner\"><\/div>\n\t\t<\/div>\n\t\t\t\t\t\t<\/div>\n\t\t\t\t<\/div>\n\t\t\t\t<\/div>\n\t\t\t\t\t<\/div>\n\t\t\t\t<\/div>\n\t\t<div class=\"elementor-element elementor-element-6325f2c e-flex e-con-boxed e-con e-parent\" data-id=\"6325f2c\" data-element_type=\"container\" data-e-type=\"container\" data-settings=\"{&quot;background_background&quot;:&quot;classic&quot;}\">\n\t\t\t\t\t<div class=\"e-con-inner\">\n\t\t\t\t<div class=\"elementor-element elementor-element-e102574 elementor-widget elementor-widget-heading\" data-id=\"e102574\" data-element_type=\"widget\" data-e-type=\"widget\" data-widget_type=\"heading.default\">\n\t\t\t\t<div class=\"elementor-widget-container\">\n\t\t\t\t\t<h2 class=\"elementor-heading-title elementor-size-default\">Your favorite dentist in Budapest's 11th district is waiting for you!<\/h2>\t\t\t\t<\/div>\n\t\t\t\t<\/div>\n\t\t\t\t<div class=\"elementor-element elementor-element-145f552 elementor-widget elementor-widget-text-editor\" data-id=\"145f552\" data-element_type=\"widget\" data-e-type=\"widget\" data-widget_type=\"text-editor.default\">\n\t\t\t\t<div class=\"elementor-widget-container\">\n\t\t\t\t\t\t\t\t\t<div class=\"entry-content\"><div class=\"wpb-content-wrapper\"><div class=\"vc_row wpb_row vc_row-fluid vc_custom_1559236912383 vc_row-has-fill\" data-vc-full-width=\"true\" data-vc-full-width-init=\"true\"><div class=\"wpb_column vc_column_container vc_col-sm-12\"><div class=\"vc_column-inner vc_custom_1559142898944\"><div class=\"wpb_wrapper\"><p class=\"vc_custom_heading vc_do_custom_heading\">A dental office has its own unique atmosphere, but we tried to change the stereotypes. When entering the office, our patients feel as if they were stepping into their own living room, and this feeling accompanies them throughout the entire treatment process. When designing our clinic, our goal was to create a dental clinic where our patients could feel comfortable. Every detail of the clinic is about you and for you.   <\/p><\/div><\/div><\/div><\/div><\/div><\/div><footer class=\"entry-footer\"><\/footer>\t\t\t\t\t\t\t\t<\/div>\n\t\t\t\t<\/div>\n\t\t\t\t<div class=\"elementor-element elementor-element-acf556b elementor-align-center elementor-widget elementor-widget-button\" data-id=\"acf556b\" data-element_type=\"widget\" data-e-type=\"widget\" data-widget_type=\"button.default\">\n\t\t\t\t<div class=\"elementor-widget-container\">\n\t\t\t\t\t\t\t\t\t<div class=\"elementor-button-wrapper\">\n\t\t\t\t\t<a class=\"elementor-button elementor-button-link elementor-size-sm elementor-animation-pop\" href=\"#elementor-action%3Aaction%3Dpopup%3Aopen%26settings%3DeyJpZCI6MzA1OSwidG9nZ2xlIjpmYWxzZX0%3D\">\n\t\t\t\t\t\t<span class=\"elementor-button-content-wrapper\">\n\t\t\t\t\t\t\t\t\t<span class=\"elementor-button-text\">Appointment<\/span>\n\t\t\t\t\t<\/span>\n\t\t\t\t\t<\/a>\n\t\t\t\t<\/div>\n\t\t\t\t\t\t\t\t<\/div>\n\t\t\t\t<\/div>\n\t\t\t\t\t<\/div>\n\t\t\t\t<\/div>\n\t\t\t\t<\/div>\n\t\t","protected":false},"excerpt":{"rendered":"<p>Krisztina Sz\u00e1szn\u00e9 Bella is the head dental assistant at \u00dajBuda Dent\u00e1l, one of Budapest&#8217;s most popular dental clinics.  <\/p>\n","protected":false},"author":1,"featured_media":3007,"parent":3013,"menu_order":0,"comment_status":"closed","ping_status":"closed","template":"","meta":{"footnotes":""},"class_list":["post-3266","page","type-page","status-publish","has-post-thumbnail","hentry"],"yoast_head":"<!-- This site is optimized with the Yoast SEO plugin v27.5 - https:\/\/yoast.com\/product\/yoast-seo-wordpress\/ -->\n<title>Krisztina Sz\u00e1szn\u00e9 Bella Dental hygienist at UjBuda Dental Clinic - \u00dajbuda Dental Budapest<\/title>\n<meta name=\"description\" content=\"Krisztina Sz\u00e1szn\u00e9 Bella is the head dental assistant at \u00dajBuda Dent\u00e1l, one of Budapest&#039;s most popular dental clinics.\" \/>\n<meta name=\"robots\" content=\"index, follow, max-snippet:-1, max-image-preview:large, max-video-preview:-1\" \/>\n<link rel=\"canonical\" href=\"https:\/\/ujbuda.dental\/en\/team\/krisztina-szaszne-bella\/\" \/>\n<meta property=\"og:locale\" content=\"en_US\" \/>\n<meta property=\"og:type\" content=\"article\" \/>\n<meta property=\"og:title\" content=\"Krisztina Sz\u00e1szn\u00e9 Bella Dental hygienist at UjBuda Dental Clinic - \u00dajbuda Dental Budapest\" \/>\n<meta property=\"og:description\" content=\"Krisztina Sz\u00e1szn\u00e9 Bella is the head dental assistant at \u00dajBuda Dent\u00e1l, one of Budapest&#039;s most popular dental clinics.\" \/>\n<meta property=\"og:url\" content=\"https:\/\/ujbuda.dental\/en\/team\/krisztina-szaszne-bella\/\" \/>\n<meta property=\"og:site_name\" content=\"\u00dajbuda Dental\" \/>\n<meta property=\"article:publisher\" content=\"https:\/\/www.facebook.com\/ujbudadental\" \/>\n<meta property=\"article:modified_time\" content=\"2025-11-14T09:24:04+00:00\" \/>\n<meta property=\"og:image\" content=\"https:\/\/ujbuda.dental\/wp-content\/uploads\/2025\/03\/szaszne-bella-krisztina-ujbuda-dental-budapest-vezeto-fogaszati-asszisztens-scaled.webp\" \/>\n\t<meta property=\"og:image:width\" content=\"1707\" \/>\n\t<meta property=\"og:image:height\" content=\"2560\" \/>\n\t<meta property=\"og:image:type\" content=\"image\/webp\" \/>\n<meta name=\"twitter:card\" content=\"summary_large_image\" \/>\n<meta name=\"twitter:label1\" content=\"Est. reading time\" \/>\n\t<meta name=\"twitter:data1\" content=\"1 minute\" \/>\n<script type=\"application\/ld+json\" class=\"yoast-schema-graph\">{\"@context\":\"https:\\\/\\\/schema.org\",\"@graph\":[{\"@type\":\"WebPage\",\"@id\":\"https:\\\/\\\/ujbuda.dental\\\/en\\\/team\\\/krisztina-szaszne-bella\\\/\",\"url\":\"https:\\\/\\\/ujbuda.dental\\\/en\\\/team\\\/krisztina-szaszne-bella\\\/\",\"name\":\"Krisztina Sz\u00e1szn\u00e9 Bella Dental hygienist at UjBuda Dental Clinic - \u00dajbuda Dental Budapest\",\"isPartOf\":{\"@id\":\"https:\\\/\\\/ujbuda.dental\\\/en\\\/#website\"},\"primaryImageOfPage\":{\"@id\":\"https:\\\/\\\/ujbuda.dental\\\/en\\\/team\\\/krisztina-szaszne-bella\\\/#primaryimage\"},\"image\":{\"@id\":\"https:\\\/\\\/ujbuda.dental\\\/en\\\/team\\\/krisztina-szaszne-bella\\\/#primaryimage\"},\"thumbnailUrl\":\"https:\\\/\\\/ujbuda.dental\\\/wp-content\\\/uploads\\\/2025\\\/03\\\/szaszne-bella-krisztina-ujbuda-dental-budapest-vezeto-fogaszati-asszisztens-scaled.webp\",\"datePublished\":\"2025-03-20T14:36:05+00:00\",\"dateModified\":\"2025-11-14T09:24:04+00:00\",\"description\":\"Krisztina Sz\u00e1szn\u00e9 Bella is the head dental assistant at \u00dajBuda Dent\u00e1l, one of Budapest's most popular dental clinics.\",\"breadcrumb\":{\"@id\":\"https:\\\/\\\/ujbuda.dental\\\/en\\\/team\\\/krisztina-szaszne-bella\\\/#breadcrumb\"},\"inLanguage\":\"en-US\",\"potentialAction\":[{\"@type\":\"ReadAction\",\"target\":[\"https:\\\/\\\/ujbuda.dental\\\/en\\\/team\\\/krisztina-szaszne-bella\\\/\"]}]},{\"@type\":\"ImageObject\",\"inLanguage\":\"en-US\",\"@id\":\"https:\\\/\\\/ujbuda.dental\\\/en\\\/team\\\/krisztina-szaszne-bella\\\/#primaryimage\",\"url\":\"https:\\\/\\\/ujbuda.dental\\\/wp-content\\\/uploads\\\/2025\\\/03\\\/szaszne-bella-krisztina-ujbuda-dental-budapest-vezeto-fogaszati-asszisztens-scaled.webp\",\"contentUrl\":\"https:\\\/\\\/ujbuda.dental\\\/wp-content\\\/uploads\\\/2025\\\/03\\\/szaszne-bella-krisztina-ujbuda-dental-budapest-vezeto-fogaszati-asszisztens-scaled.webp\",\"width\":1707,\"height\":2560,\"caption\":\"Krisztina Sz\u00e1szn\u00e9 Bella, dental hygienist\"},{\"@type\":\"BreadcrumbList\",\"@id\":\"https:\\\/\\\/ujbuda.dental\\\/en\\\/team\\\/krisztina-szaszne-bella\\\/#breadcrumb\",\"itemListElement\":[{\"@type\":\"ListItem\",\"position\":1,\"name\":\"Kezd\u0151lap\",\"item\":\"https:\\\/\\\/ujbuda.dental\\\/en\\\/\"},{\"@type\":\"ListItem\",\"position\":2,\"name\":\"Dentists and assistants at Budapest&#8217;s favorite dental clinic in Budapest District XI\",\"item\":\"https:\\\/\\\/ujbuda.dental\\\/en\\\/csapat\\\/\"},{\"@type\":\"ListItem\",\"position\":3,\"name\":\"Krisztina Sz\u00e1szn\u00e9 Bella Dental hygienist at UjBuda Dental Clinic\"}]},{\"@type\":\"WebSite\",\"@id\":\"https:\\\/\\\/ujbuda.dental\\\/en\\\/#website\",\"url\":\"https:\\\/\\\/ujbuda.dental\\\/en\\\/\",\"name\":\"\u00dajbuda Dental\",\"description\":\"Az eszt\u00e9tikai beavatkoz\u00e1sok \u00e9s a fogbe\u00fcltet\u00e9s specialist\u00e1ja\",\"publisher\":{\"@id\":\"https:\\\/\\\/ujbuda.dental\\\/en\\\/#organization\"},\"potentialAction\":[{\"@type\":\"SearchAction\",\"target\":{\"@type\":\"EntryPoint\",\"urlTemplate\":\"https:\\\/\\\/ujbuda.dental\\\/en\\\/?s={search_term_string}\"},\"query-input\":{\"@type\":\"PropertyValueSpecification\",\"valueRequired\":true,\"valueName\":\"search_term_string\"}}],\"inLanguage\":\"en-US\"},{\"@type\":\"Organization\",\"@id\":\"https:\\\/\\\/ujbuda.dental\\\/en\\\/#organization\",\"name\":\"N\u00e1dor Dent Kft.\",\"url\":\"https:\\\/\\\/ujbuda.dental\\\/en\\\/\",\"logo\":{\"@type\":\"ImageObject\",\"inLanguage\":\"en-US\",\"@id\":\"https:\\\/\\\/ujbuda.dental\\\/en\\\/#\\\/schema\\\/logo\\\/image\\\/\",\"url\":\"https:\\\/\\\/ujbuda.dental\\\/wp-content\\\/uploads\\\/2025\\\/01\\\/ujbuda-dental.png\",\"contentUrl\":\"https:\\\/\\\/ujbuda.dental\\\/wp-content\\\/uploads\\\/2025\\\/01\\\/ujbuda-dental.png\",\"width\":254,\"height\":133,\"caption\":\"N\u00e1dor Dent Kft.\"},\"image\":{\"@id\":\"https:\\\/\\\/ujbuda.dental\\\/en\\\/#\\\/schema\\\/logo\\\/image\\\/\"},\"sameAs\":[\"https:\\\/\\\/www.facebook.com\\\/ujbudadental\",\"https:\\\/\\\/www.youtube.com\\\/channel\\\/UCDj6OYJI6GXjrx-X-994ybQ\"]}]}<\/script>\n<!-- \/ Yoast SEO plugin. -->","yoast_head_json":{"title":"Krisztina Sz\u00e1szn\u00e9 Bella Dental hygienist at UjBuda Dental Clinic - \u00dajbuda Dental Budapest","description":"Krisztina Sz\u00e1szn\u00e9 Bella is the head dental assistant at \u00dajBuda Dent\u00e1l, one of Budapest's most popular dental clinics.","robots":{"index":"index","follow":"follow","max-snippet":"max-snippet:-1","max-image-preview":"max-image-preview:large","max-video-preview":"max-video-preview:-1"},"canonical":"https:\/\/ujbuda.dental\/en\/team\/krisztina-szaszne-bella\/","og_locale":"en_US","og_type":"article","og_title":"Krisztina Sz\u00e1szn\u00e9 Bella Dental hygienist at UjBuda Dental Clinic - \u00dajbuda Dental Budapest","og_description":"Krisztina Sz\u00e1szn\u00e9 Bella is the head dental assistant at \u00dajBuda Dent\u00e1l, one of Budapest's most popular dental clinics.","og_url":"https:\/\/ujbuda.dental\/en\/team\/krisztina-szaszne-bella\/","og_site_name":"\u00dajbuda Dental","article_publisher":"https:\/\/www.facebook.com\/ujbudadental","article_modified_time":"2025-11-14T09:24:04+00:00","og_image":[{"width":1707,"height":2560,"url":"https:\/\/ujbuda.dental\/wp-content\/uploads\/2025\/03\/szaszne-bella-krisztina-ujbuda-dental-budapest-vezeto-fogaszati-asszisztens-scaled.webp","type":"image\/webp"}],"twitter_card":"summary_large_image","twitter_misc":{"Est. reading time":"1 minute"},"schema":{"@context":"https:\/\/schema.org","@graph":[{"@type":"WebPage","@id":"https:\/\/ujbuda.dental\/en\/team\/krisztina-szaszne-bella\/","url":"https:\/\/ujbuda.dental\/en\/team\/krisztina-szaszne-bella\/","name":"Krisztina Sz\u00e1szn\u00e9 Bella Dental hygienist at UjBuda Dental Clinic - \u00dajbuda Dental Budapest","isPartOf":{"@id":"https:\/\/ujbuda.dental\/en\/#website"},"primaryImageOfPage":{"@id":"https:\/\/ujbuda.dental\/en\/team\/krisztina-szaszne-bella\/#primaryimage"},"image":{"@id":"https:\/\/ujbuda.dental\/en\/team\/krisztina-szaszne-bella\/#primaryimage"},"thumbnailUrl":"https:\/\/ujbuda.dental\/wp-content\/uploads\/2025\/03\/szaszne-bella-krisztina-ujbuda-dental-budapest-vezeto-fogaszati-asszisztens-scaled.webp","datePublished":"2025-03-20T14:36:05+00:00","dateModified":"2025-11-14T09:24:04+00:00","description":"Krisztina Sz\u00e1szn\u00e9 Bella is the head dental assistant at \u00dajBuda Dent\u00e1l, one of Budapest's most popular dental clinics.","breadcrumb":{"@id":"https:\/\/ujbuda.dental\/en\/team\/krisztina-szaszne-bella\/#breadcrumb"},"inLanguage":"en-US","potentialAction":[{"@type":"ReadAction","target":["https:\/\/ujbuda.dental\/en\/team\/krisztina-szaszne-bella\/"]}]},{"@type":"ImageObject","inLanguage":"en-US","@id":"https:\/\/ujbuda.dental\/en\/team\/krisztina-szaszne-bella\/#primaryimage","url":"https:\/\/ujbuda.dental\/wp-content\/uploads\/2025\/03\/szaszne-bella-krisztina-ujbuda-dental-budapest-vezeto-fogaszati-asszisztens-scaled.webp","contentUrl":"https:\/\/ujbuda.dental\/wp-content\/uploads\/2025\/03\/szaszne-bella-krisztina-ujbuda-dental-budapest-vezeto-fogaszati-asszisztens-scaled.webp","width":1707,"height":2560,"caption":"Krisztina Sz\u00e1szn\u00e9 Bella, dental hygienist"},{"@type":"BreadcrumbList","@id":"https:\/\/ujbuda.dental\/en\/team\/krisztina-szaszne-bella\/#breadcrumb","itemListElement":[{"@type":"ListItem","position":1,"name":"Kezd\u0151lap","item":"https:\/\/ujbuda.dental\/en\/"},{"@type":"ListItem","position":2,"name":"Dentists and assistants at Budapest&#8217;s favorite dental clinic in Budapest District XI","item":"https:\/\/ujbuda.dental\/en\/csapat\/"},{"@type":"ListItem","position":3,"name":"Krisztina Sz\u00e1szn\u00e9 Bella Dental hygienist at UjBuda Dental Clinic"}]},{"@type":"WebSite","@id":"https:\/\/ujbuda.dental\/en\/#website","url":"https:\/\/ujbuda.dental\/en\/","name":"\u00dajbuda Dental","description":"Az eszt\u00e9tikai beavatkoz\u00e1sok \u00e9s a fogbe\u00fcltet\u00e9s specialist\u00e1ja","publisher":{"@id":"https:\/\/ujbuda.dental\/en\/#organization"},"potentialAction":[{"@type":"SearchAction","target":{"@type":"EntryPoint","urlTemplate":"https:\/\/ujbuda.dental\/en\/?s={search_term_string}"},"query-input":{"@type":"PropertyValueSpecification","valueRequired":true,"valueName":"search_term_string"}}],"inLanguage":"en-US"},{"@type":"Organization","@id":"https:\/\/ujbuda.dental\/en\/#organization","name":"N\u00e1dor Dent Kft.","url":"https:\/\/ujbuda.dental\/en\/","logo":{"@type":"ImageObject","inLanguage":"en-US","@id":"https:\/\/ujbuda.dental\/en\/#\/schema\/logo\/image\/","url":"https:\/\/ujbuda.dental\/wp-content\/uploads\/2025\/01\/ujbuda-dental.png","contentUrl":"https:\/\/ujbuda.dental\/wp-content\/uploads\/2025\/01\/ujbuda-dental.png","width":254,"height":133,"caption":"N\u00e1dor Dent Kft."},"image":{"@id":"https:\/\/ujbuda.dental\/en\/#\/schema\/logo\/image\/"},"sameAs":["https:\/\/www.facebook.com\/ujbudadental","https:\/\/www.youtube.com\/channel\/UCDj6OYJI6GXjrx-X-994ybQ"]}]}},"_links":{"self":[{"href":"https:\/\/ujbuda.dental\/en\/wp-json\/wp\/v2\/pages\/3266","targetHints":{"allow":["GET"]}}],"collection":[{"href":"https:\/\/ujbuda.dental\/en\/wp-json\/wp\/v2\/pages"}],"about":[{"href":"https:\/\/ujbuda.dental\/en\/wp-json\/wp\/v2\/types\/page"}],"author":[{"embeddable":true,"href":"https:\/\/ujbuda.dental\/en\/wp-json\/wp\/v2\/users\/1"}],"replies":[{"embeddable":true,"href":"https:\/\/ujbuda.dental\/en\/wp-json\/wp\/v2\/comments?post=3266"}],"version-history":[{"count":3,"href":"https:\/\/ujbuda.dental\/en\/wp-json\/wp\/v2\/pages\/3266\/revisions"}],"predecessor-version":[{"id":3359,"href":"https:\/\/ujbuda.dental\/en\/wp-json\/wp\/v2\/pages\/3266\/revisions\/3359"}],"up":[{"embeddable":true,"href":"https:\/\/ujbuda.dental\/en\/wp-json\/wp\/v2\/pages\/3013"}],"wp:featuredmedia":[{"embeddable":true,"href":"https:\/\/ujbuda.dental\/en\/wp-json\/wp\/v2\/media\/3007"}],"wp:attachment":[{"href":"https:\/\/ujbuda.dental\/en\/wp-json\/wp\/v2\/media?parent=3266"}],"curies":[{"name":"wp","href":"https:\/\/api.w.org\/{rel}","templated":true}]}}