{"id":3264,"date":"2025-03-19T21:39:13","date_gmt":"2025-03-19T20:39:13","guid":{"rendered":"https:\/\/ujbuda.dental\/team\/dr-barbara-horvath-dentist-at-one-of-budapests-favorite-dental-clinics\/"},"modified":"2025-11-13T19:59:06","modified_gmt":"2025-11-13T18:59:06","slug":"dr-barbara-horvat","status":"publish","type":"page","link":"https:\/\/ujbuda.dental\/en\/team\/dr-barbara-horvat\/","title":{"rendered":"Dr. Barbara Horv\u00e1th Dentist at one of Budapest&#8217;s favorite dental clinics"},"content":{"rendered":"\t\t<div data-elementor-type=\"wp-page\" data-elementor-id=\"3264\" class=\"elementor elementor-3264 elementor-1785\" data-elementor-post-type=\"page\">\n\t\t\t\t<div class=\"elementor-element elementor-element-1688c92 e-flex e-con-boxed e-con e-parent\" data-id=\"1688c92\" data-element_type=\"container\" data-e-type=\"container\" data-settings=\"{&quot;background_background&quot;:&quot;classic&quot;}\">\n\t\t\t\t\t<div class=\"e-con-inner\">\n\t\t<div class=\"elementor-element elementor-element-e3fbc7c e-con-full e-flex elementor-invisible e-con e-child\" data-id=\"e3fbc7c\" data-element_type=\"container\" data-e-type=\"container\" data-settings=\"{&quot;animation&quot;:&quot;bounceIn&quot;}\">\n\t\t\t\t<div class=\"elementor-element elementor-element-5d32df5 elementor-widget elementor-widget-spacer\" data-id=\"5d32df5\" data-element_type=\"widget\" data-e-type=\"widget\" data-widget_type=\"spacer.default\">\n\t\t\t\t<div class=\"elementor-widget-container\">\n\t\t\t\t\t\t\t<div class=\"elementor-spacer\">\n\t\t\t<div class=\"elementor-spacer-inner\"><\/div>\n\t\t<\/div>\n\t\t\t\t\t\t<\/div>\n\t\t\t\t<\/div>\n\t\t\t\t<div class=\"elementor-element elementor-element-56ddebd elementor-widget elementor-widget-heading\" data-id=\"56ddebd\" data-element_type=\"widget\" data-e-type=\"widget\" data-widget_type=\"heading.default\">\n\t\t\t\t<div class=\"elementor-widget-container\">\n\t\t\t\t\t<h1 class=\"elementor-heading-title elementor-size-default\">Dr. Barbara Horv\u00e1th<\/h1>\t\t\t\t<\/div>\n\t\t\t\t<\/div>\n\t\t\t\t<div class=\"elementor-element elementor-element-d02693b elementor-widget elementor-widget-text-editor\" data-id=\"d02693b\" data-element_type=\"widget\" data-e-type=\"widget\" data-widget_type=\"text-editor.default\">\n\t\t\t\t<div class=\"elementor-widget-container\">\n\t\t\t\t\t\t\t\t\t<p>Employee at one of Budapest&#8217;s most popular dental clinics, dentist at \u00dajBuda Dent\u00e1l. <\/p>\t\t\t\t\t\t\t\t<\/div>\n\t\t\t\t<\/div>\n\t\t\t\t<\/div>\n\t\t\t\t\t<\/div>\n\t\t\t\t<\/div>\n\t\t<div class=\"elementor-element elementor-element-59b4173 e-flex e-con-boxed e-con e-parent\" data-id=\"59b4173\" data-element_type=\"container\" data-e-type=\"container\" data-settings=\"{&quot;background_background&quot;:&quot;classic&quot;}\">\n\t\t\t\t\t<div class=\"e-con-inner\">\n\t\t<div class=\"elementor-element elementor-element-7f7b80c e-con-full e-flex elementor-invisible e-con e-child\" data-id=\"7f7b80c\" data-element_type=\"container\" data-e-type=\"container\" data-settings=\"{&quot;animation&quot;:&quot;bounceIn&quot;}\">\n\t\t\t\t<div class=\"elementor-element elementor-element-c9188e8 elementor-widget elementor-widget-text-editor\" data-id=\"c9188e8\" data-element_type=\"widget\" data-e-type=\"widget\" data-widget_type=\"text-editor.default\">\n\t\t\t\t<div class=\"elementor-widget-container\">\n\t\t\t\t\t\t\t\t\t<p><b>Introduction<\/b><\/p>\t\t\t\t\t\t\t\t<\/div>\n\t\t\t\t<\/div>\n\t\t<div class=\"elementor-element elementor-element-7f39af3 e-con-full e-flex e-con e-child\" data-id=\"7f39af3\" data-element_type=\"container\" data-e-type=\"container\">\n\t\t<div class=\"elementor-element elementor-element-dcb783a e-con-full e-flex e-con e-child\" data-id=\"dcb783a\" data-element_type=\"container\" data-e-type=\"container\">\n\t\t<div class=\"elementor-element elementor-element-f14617f e-con-full e-flex elementor-invisible e-con e-child\" data-id=\"f14617f\" data-element_type=\"container\" data-e-type=\"container\" data-settings=\"{&quot;animation&quot;:&quot;fadeIn&quot;,&quot;animation_delay&quot;:200}\">\n\t\t<div class=\"elementor-element elementor-element-7d9c62a e-con-full e-flex e-con e-child\" data-id=\"7d9c62a\" data-element_type=\"container\" data-e-type=\"container\" data-settings=\"{&quot;background_background&quot;:&quot;gradient&quot;}\">\n\t\t\t\t<div class=\"elementor-element elementor-element-cce93f8 elementor-widget elementor-widget-image\" data-id=\"cce93f8\" data-element_type=\"widget\" data-e-type=\"widget\" data-widget_type=\"image.default\">\n\t\t\t\t<div class=\"elementor-widget-container\">\n\t\t\t\t\t\t\t\t\t\t\t\t\t\t\t<img fetchpriority=\"high\" decoding=\"async\" width=\"600\" height=\"900\" src=\"https:\/\/ujbuda.dental\/wp-content\/uploads\/2025\/02\/dr-horvath-barbara.fogorvos.webp\" class=\"attachment-large size-large wp-image-2965\" alt=\"Dr. Barbara Horv\u00e1th\" srcset=\"https:\/\/ujbuda.dental\/wp-content\/uploads\/2025\/02\/dr-horvath-barbara.fogorvos.webp 600w, https:\/\/ujbuda.dental\/wp-content\/uploads\/2025\/02\/dr-horvath-barbara.fogorvos-200x300.webp 200w\" sizes=\"(max-width: 600px) 100vw, 600px\" \/>\t\t\t\t\t\t\t\t\t\t\t\t\t\t\t<\/div>\n\t\t\t\t<\/div>\n\t\t\t\t<\/div>\n\t\t\t\t<div class=\"elementor-element elementor-element-9fd9b87 elementor-widget elementor-widget-heading\" data-id=\"9fd9b87\" data-element_type=\"widget\" data-e-type=\"widget\" data-widget_type=\"heading.default\">\n\t\t\t\t<div class=\"elementor-widget-container\">\n\t\t\t\t\t<h2 class=\"elementor-heading-title elementor-size-default\">Dr. Barbara Horv\u00e1th<\/h2>\t\t\t\t<\/div>\n\t\t\t\t<\/div>\n\t\t\t\t<div class=\"elementor-element elementor-element-45fd686 elementor-widget elementor-widget-spacer\" data-id=\"45fd686\" data-element_type=\"widget\" data-e-type=\"widget\" data-widget_type=\"spacer.default\">\n\t\t\t\t<div class=\"elementor-widget-container\">\n\t\t\t\t\t\t\t<div class=\"elementor-spacer\">\n\t\t\t<div class=\"elementor-spacer-inner\"><\/div>\n\t\t<\/div>\n\t\t\t\t\t\t<\/div>\n\t\t\t\t<\/div>\n\t\t\t\t<\/div>\n\t\t<div class=\"elementor-element elementor-element-93ea02b e-con-full e-flex e-con e-child\" data-id=\"93ea02b\" data-element_type=\"container\" data-e-type=\"container\">\n\t\t\t\t<div class=\"elementor-element elementor-element-9f9bf37 elementor-widget elementor-widget-text-editor\" data-id=\"9f9bf37\" data-element_type=\"widget\" data-e-type=\"widget\" data-widget_type=\"text-editor.default\">\n\t\t\t\t<div class=\"elementor-widget-container\">\n\t\t\t\t\t\t\t\t\t<p dir=\"ltr\"><strong>I obtained my degree from the Faculty of Dentistry at Semmelweis University.<\/strong><\/p><p dir=\"ltr\">During dental treatments, I strive to create a pleasant atmosphere, as I believe that proper communication and information are the keys to mutual trust.<\/p><p dir=\"ltr\">My goal is to restore both aesthetics and function. In addition, I place emphasis on improving oral hygiene, which can prevent many oral diseases. <\/p><p dir=\"ltr\">Szakmailag l\u00e9nyegesnek tartom saj\u00e1t magam folyamatos k\u00e9pz\u00e9s\u00e9t, illetve a koll\u00e9g\u00e1kkal t\u00f6rt\u00e9n\u0151 konzult\u00e1ci\u00f3t, melyek seg\u00edts\u00e9g\u00e9vel a p\u00e1cienseim egy\u00e9nre szabott kezel\u00e9si tervet kapnak.<\/p>\t\t\t\t\t\t\t\t<\/div>\n\t\t\t\t<\/div>\n\t\t\t\t<\/div>\n\t\t\t\t<\/div>\n\t\t\t\t<\/div>\n\t\t\t\t<div class=\"elementor-element elementor-element-e7075bb elementor-widget elementor-widget-spacer\" data-id=\"e7075bb\" data-element_type=\"widget\" data-e-type=\"widget\" data-widget_type=\"spacer.default\">\n\t\t\t\t<div class=\"elementor-widget-container\">\n\t\t\t\t\t\t\t<div class=\"elementor-spacer\">\n\t\t\t<div class=\"elementor-spacer-inner\"><\/div>\n\t\t<\/div>\n\t\t\t\t\t\t<\/div>\n\t\t\t\t<\/div>\n\t\t\t\t<\/div>\n\t\t\t\t\t<\/div>\n\t\t\t\t<\/div>\n\t\t<div class=\"elementor-element elementor-element-6325f2c e-flex e-con-boxed e-con e-parent\" data-id=\"6325f2c\" data-element_type=\"container\" data-e-type=\"container\" data-settings=\"{&quot;background_background&quot;:&quot;classic&quot;}\">\n\t\t\t\t\t<div class=\"e-con-inner\">\n\t\t\t\t<div class=\"elementor-element elementor-element-e102574 elementor-widget elementor-widget-heading\" data-id=\"e102574\" data-element_type=\"widget\" data-e-type=\"widget\" data-widget_type=\"heading.default\">\n\t\t\t\t<div class=\"elementor-widget-container\">\n\t\t\t\t\t<h2 class=\"elementor-heading-title elementor-size-default\">Your favorite dentist in Budapest's 11th district is waiting for you!<\/h2>\t\t\t\t<\/div>\n\t\t\t\t<\/div>\n\t\t\t\t<div class=\"elementor-element elementor-element-145f552 elementor-widget elementor-widget-text-editor\" data-id=\"145f552\" data-element_type=\"widget\" data-e-type=\"widget\" data-widget_type=\"text-editor.default\">\n\t\t\t\t<div class=\"elementor-widget-container\">\n\t\t\t\t\t\t\t\t\t<div class=\"entry-content\"><div class=\"wpb-content-wrapper\"><div class=\"vc_row wpb_row vc_row-fluid vc_custom_1559236912383 vc_row-has-fill\" data-vc-full-width=\"true\" data-vc-full-width-init=\"true\"><div class=\"wpb_column vc_column_container vc_col-sm-12\"><div class=\"vc_column-inner vc_custom_1559142898944\"><div class=\"wpb_wrapper\"><p class=\"vc_custom_heading vc_do_custom_heading\">A dental office has its own unique atmosphere, but we tried to change the stereotypes. When entering the office, our patients feel as if they were stepping into their own living room, and this feeling accompanies them throughout the entire treatment process. When designing our clinic, our goal was to create a dental clinic where our patients could feel comfortable. Every detail of the clinic is about you and for you.   <\/p><\/div><\/div><\/div><\/div><\/div><\/div><footer class=\"entry-footer\"><\/footer>\t\t\t\t\t\t\t\t<\/div>\n\t\t\t\t<\/div>\n\t\t\t\t<div class=\"elementor-element elementor-element-acf556b elementor-align-center elementor-widget elementor-widget-button\" data-id=\"acf556b\" data-element_type=\"widget\" data-e-type=\"widget\" data-widget_type=\"button.default\">\n\t\t\t\t<div class=\"elementor-widget-container\">\n\t\t\t\t\t\t\t\t\t<div class=\"elementor-button-wrapper\">\n\t\t\t\t\t<a class=\"elementor-button elementor-button-link elementor-size-sm elementor-animation-pop\" href=\"#elementor-action%3Aaction%3Dpopup%3Aopen%26settings%3DeyJpZCI6MzA1OSwidG9nZ2xlIjpmYWxzZX0%3D\">\n\t\t\t\t\t\t<span class=\"elementor-button-content-wrapper\">\n\t\t\t\t\t\t\t\t\t<span class=\"elementor-button-text\">Appointment<\/span>\n\t\t\t\t\t<\/span>\n\t\t\t\t\t<\/a>\n\t\t\t\t<\/div>\n\t\t\t\t\t\t\t\t<\/div>\n\t\t\t\t<\/div>\n\t\t\t\t\t<\/div>\n\t\t\t\t<\/div>\n\t\t\t\t<\/div>\n\t\t","protected":false},"excerpt":{"rendered":"<p>Dr. Barbara Horv\u00e1th is a dentist at \u00dajBuda Dent\u00e1l, one of the most popular dental clinics in Budapest District XI. <\/p>\n","protected":false},"author":1,"featured_media":2965,"parent":3013,"menu_order":0,"comment_status":"closed","ping_status":"closed","template":"","meta":{"footnotes":""},"class_list":["post-3264","page","type-page","status-publish","has-post-thumbnail","hentry"],"yoast_head":"<!-- This site is optimized with the Yoast SEO plugin v27.5 - https:\/\/yoast.com\/product\/yoast-seo-wordpress\/ -->\n<title>Dr. Barbara Horv\u00e1th Dentist at one of Budapest&#039;s favorite dental clinics - \u00dajbuda Dental Budapest<\/title>\n<meta name=\"description\" content=\"Dr. Barbara Horv\u00e1th is a dentist at \u00dajBuda Dent\u00e1l, one of the most popular dental clinics in Budapest District XI.\" \/>\n<meta name=\"robots\" content=\"index, follow, max-snippet:-1, max-image-preview:large, max-video-preview:-1\" \/>\n<link rel=\"canonical\" href=\"https:\/\/ujbuda.dental\/en\/team\/dr-barbara-horvat\/\" \/>\n<meta property=\"og:locale\" content=\"en_US\" \/>\n<meta property=\"og:type\" content=\"article\" \/>\n<meta property=\"og:title\" content=\"Dr. Barbara Horv\u00e1th Dentist at one of Budapest&#039;s favorite dental clinics - \u00dajbuda Dental Budapest\" \/>\n<meta property=\"og:description\" content=\"Dr. Barbara Horv\u00e1th is a dentist at \u00dajBuda Dent\u00e1l, one of the most popular dental clinics in Budapest District XI.\" \/>\n<meta property=\"og:url\" content=\"https:\/\/ujbuda.dental\/en\/team\/dr-barbara-horvat\/\" \/>\n<meta property=\"og:site_name\" content=\"\u00dajbuda Dental\" \/>\n<meta property=\"article:publisher\" content=\"https:\/\/www.facebook.com\/ujbudadental\" \/>\n<meta property=\"article:modified_time\" content=\"2025-11-13T18:59:06+00:00\" \/>\n<meta property=\"og:image\" content=\"https:\/\/ujbuda.dental\/wp-content\/uploads\/2025\/02\/dr-horvath-barbara.fogorvos.webp\" \/>\n\t<meta property=\"og:image:width\" content=\"600\" \/>\n\t<meta property=\"og:image:height\" content=\"900\" \/>\n\t<meta property=\"og:image:type\" content=\"image\/webp\" \/>\n<meta name=\"twitter:card\" content=\"summary_large_image\" \/>\n<meta name=\"twitter:label1\" content=\"Est. reading time\" \/>\n\t<meta name=\"twitter:data1\" content=\"1 minute\" \/>\n<script type=\"application\/ld+json\" class=\"yoast-schema-graph\">{\"@context\":\"https:\\\/\\\/schema.org\",\"@graph\":[{\"@type\":\"WebPage\",\"@id\":\"https:\\\/\\\/ujbuda.dental\\\/en\\\/team\\\/dr-barbara-horvat\\\/\",\"url\":\"https:\\\/\\\/ujbuda.dental\\\/en\\\/team\\\/dr-barbara-horvat\\\/\",\"name\":\"Dr. Barbara Horv\u00e1th Dentist at one of Budapest's favorite dental clinics - \u00dajbuda Dental Budapest\",\"isPartOf\":{\"@id\":\"https:\\\/\\\/ujbuda.dental\\\/en\\\/#website\"},\"primaryImageOfPage\":{\"@id\":\"https:\\\/\\\/ujbuda.dental\\\/en\\\/team\\\/dr-barbara-horvat\\\/#primaryimage\"},\"image\":{\"@id\":\"https:\\\/\\\/ujbuda.dental\\\/en\\\/team\\\/dr-barbara-horvat\\\/#primaryimage\"},\"thumbnailUrl\":\"https:\\\/\\\/ujbuda.dental\\\/wp-content\\\/uploads\\\/2025\\\/02\\\/dr-horvath-barbara.fogorvos.webp\",\"datePublished\":\"2025-03-19T20:39:13+00:00\",\"dateModified\":\"2025-11-13T18:59:06+00:00\",\"description\":\"Dr. Barbara Horv\u00e1th is a dentist at \u00dajBuda Dent\u00e1l, one of the most popular dental clinics in Budapest District XI.\",\"breadcrumb\":{\"@id\":\"https:\\\/\\\/ujbuda.dental\\\/en\\\/team\\\/dr-barbara-horvat\\\/#breadcrumb\"},\"inLanguage\":\"en-US\",\"potentialAction\":[{\"@type\":\"ReadAction\",\"target\":[\"https:\\\/\\\/ujbuda.dental\\\/en\\\/team\\\/dr-barbara-horvat\\\/\"]}]},{\"@type\":\"ImageObject\",\"inLanguage\":\"en-US\",\"@id\":\"https:\\\/\\\/ujbuda.dental\\\/en\\\/team\\\/dr-barbara-horvat\\\/#primaryimage\",\"url\":\"https:\\\/\\\/ujbuda.dental\\\/wp-content\\\/uploads\\\/2025\\\/02\\\/dr-horvath-barbara.fogorvos.webp\",\"contentUrl\":\"https:\\\/\\\/ujbuda.dental\\\/wp-content\\\/uploads\\\/2025\\\/02\\\/dr-horvath-barbara.fogorvos.webp\",\"width\":600,\"height\":900,\"caption\":\"Dr. Barbara Horv\u00e1th Dentist at \u00dajBuda Dent\u00e1l, one of the most popular dental clinics in the 19th district.\"},{\"@type\":\"BreadcrumbList\",\"@id\":\"https:\\\/\\\/ujbuda.dental\\\/en\\\/team\\\/dr-barbara-horvat\\\/#breadcrumb\",\"itemListElement\":[{\"@type\":\"ListItem\",\"position\":1,\"name\":\"Kezd\u0151lap\",\"item\":\"https:\\\/\\\/ujbuda.dental\\\/en\\\/\"},{\"@type\":\"ListItem\",\"position\":2,\"name\":\"Dentists and assistants at Budapest&#8217;s favorite dental clinic in Budapest District XI\",\"item\":\"https:\\\/\\\/ujbuda.dental\\\/en\\\/csapat\\\/\"},{\"@type\":\"ListItem\",\"position\":3,\"name\":\"Dr. Barbara Horv\u00e1th Dentist at one of Budapest&#8217;s favorite dental clinics\"}]},{\"@type\":\"WebSite\",\"@id\":\"https:\\\/\\\/ujbuda.dental\\\/en\\\/#website\",\"url\":\"https:\\\/\\\/ujbuda.dental\\\/en\\\/\",\"name\":\"\u00dajbuda Dental\",\"description\":\"Az eszt\u00e9tikai beavatkoz\u00e1sok \u00e9s a fogbe\u00fcltet\u00e9s specialist\u00e1ja\",\"publisher\":{\"@id\":\"https:\\\/\\\/ujbuda.dental\\\/en\\\/#organization\"},\"potentialAction\":[{\"@type\":\"SearchAction\",\"target\":{\"@type\":\"EntryPoint\",\"urlTemplate\":\"https:\\\/\\\/ujbuda.dental\\\/en\\\/?s={search_term_string}\"},\"query-input\":{\"@type\":\"PropertyValueSpecification\",\"valueRequired\":true,\"valueName\":\"search_term_string\"}}],\"inLanguage\":\"en-US\"},{\"@type\":\"Organization\",\"@id\":\"https:\\\/\\\/ujbuda.dental\\\/en\\\/#organization\",\"name\":\"N\u00e1dor Dent Kft.\",\"url\":\"https:\\\/\\\/ujbuda.dental\\\/en\\\/\",\"logo\":{\"@type\":\"ImageObject\",\"inLanguage\":\"en-US\",\"@id\":\"https:\\\/\\\/ujbuda.dental\\\/en\\\/#\\\/schema\\\/logo\\\/image\\\/\",\"url\":\"https:\\\/\\\/ujbuda.dental\\\/wp-content\\\/uploads\\\/2025\\\/01\\\/ujbuda-dental.png\",\"contentUrl\":\"https:\\\/\\\/ujbuda.dental\\\/wp-content\\\/uploads\\\/2025\\\/01\\\/ujbuda-dental.png\",\"width\":254,\"height\":133,\"caption\":\"N\u00e1dor Dent Kft.\"},\"image\":{\"@id\":\"https:\\\/\\\/ujbuda.dental\\\/en\\\/#\\\/schema\\\/logo\\\/image\\\/\"},\"sameAs\":[\"https:\\\/\\\/www.facebook.com\\\/ujbudadental\",\"https:\\\/\\\/www.youtube.com\\\/channel\\\/UCDj6OYJI6GXjrx-X-994ybQ\"]}]}<\/script>\n<!-- \/ Yoast SEO plugin. -->","yoast_head_json":{"title":"Dr. Barbara Horv\u00e1th Dentist at one of Budapest's favorite dental clinics - \u00dajbuda Dental Budapest","description":"Dr. Barbara Horv\u00e1th is a dentist at \u00dajBuda Dent\u00e1l, one of the most popular dental clinics in Budapest District XI.","robots":{"index":"index","follow":"follow","max-snippet":"max-snippet:-1","max-image-preview":"max-image-preview:large","max-video-preview":"max-video-preview:-1"},"canonical":"https:\/\/ujbuda.dental\/en\/team\/dr-barbara-horvat\/","og_locale":"en_US","og_type":"article","og_title":"Dr. Barbara Horv\u00e1th Dentist at one of Budapest's favorite dental clinics - \u00dajbuda Dental Budapest","og_description":"Dr. Barbara Horv\u00e1th is a dentist at \u00dajBuda Dent\u00e1l, one of the most popular dental clinics in Budapest District XI.","og_url":"https:\/\/ujbuda.dental\/en\/team\/dr-barbara-horvat\/","og_site_name":"\u00dajbuda Dental","article_publisher":"https:\/\/www.facebook.com\/ujbudadental","article_modified_time":"2025-11-13T18:59:06+00:00","og_image":[{"width":600,"height":900,"url":"https:\/\/ujbuda.dental\/wp-content\/uploads\/2025\/02\/dr-horvath-barbara.fogorvos.webp","type":"image\/webp"}],"twitter_card":"summary_large_image","twitter_misc":{"Est. reading time":"1 minute"},"schema":{"@context":"https:\/\/schema.org","@graph":[{"@type":"WebPage","@id":"https:\/\/ujbuda.dental\/en\/team\/dr-barbara-horvat\/","url":"https:\/\/ujbuda.dental\/en\/team\/dr-barbara-horvat\/","name":"Dr. Barbara Horv\u00e1th Dentist at one of Budapest's favorite dental clinics - \u00dajbuda Dental Budapest","isPartOf":{"@id":"https:\/\/ujbuda.dental\/en\/#website"},"primaryImageOfPage":{"@id":"https:\/\/ujbuda.dental\/en\/team\/dr-barbara-horvat\/#primaryimage"},"image":{"@id":"https:\/\/ujbuda.dental\/en\/team\/dr-barbara-horvat\/#primaryimage"},"thumbnailUrl":"https:\/\/ujbuda.dental\/wp-content\/uploads\/2025\/02\/dr-horvath-barbara.fogorvos.webp","datePublished":"2025-03-19T20:39:13+00:00","dateModified":"2025-11-13T18:59:06+00:00","description":"Dr. Barbara Horv\u00e1th is a dentist at \u00dajBuda Dent\u00e1l, one of the most popular dental clinics in Budapest District XI.","breadcrumb":{"@id":"https:\/\/ujbuda.dental\/en\/team\/dr-barbara-horvat\/#breadcrumb"},"inLanguage":"en-US","potentialAction":[{"@type":"ReadAction","target":["https:\/\/ujbuda.dental\/en\/team\/dr-barbara-horvat\/"]}]},{"@type":"ImageObject","inLanguage":"en-US","@id":"https:\/\/ujbuda.dental\/en\/team\/dr-barbara-horvat\/#primaryimage","url":"https:\/\/ujbuda.dental\/wp-content\/uploads\/2025\/02\/dr-horvath-barbara.fogorvos.webp","contentUrl":"https:\/\/ujbuda.dental\/wp-content\/uploads\/2025\/02\/dr-horvath-barbara.fogorvos.webp","width":600,"height":900,"caption":"Dr. Barbara Horv\u00e1th Dentist at \u00dajBuda Dent\u00e1l, one of the most popular dental clinics in the 19th district."},{"@type":"BreadcrumbList","@id":"https:\/\/ujbuda.dental\/en\/team\/dr-barbara-horvat\/#breadcrumb","itemListElement":[{"@type":"ListItem","position":1,"name":"Kezd\u0151lap","item":"https:\/\/ujbuda.dental\/en\/"},{"@type":"ListItem","position":2,"name":"Dentists and assistants at Budapest&#8217;s favorite dental clinic in Budapest District XI","item":"https:\/\/ujbuda.dental\/en\/csapat\/"},{"@type":"ListItem","position":3,"name":"Dr. Barbara Horv\u00e1th Dentist at one of Budapest&#8217;s favorite dental clinics"}]},{"@type":"WebSite","@id":"https:\/\/ujbuda.dental\/en\/#website","url":"https:\/\/ujbuda.dental\/en\/","name":"\u00dajbuda Dental","description":"Az eszt\u00e9tikai beavatkoz\u00e1sok \u00e9s a fogbe\u00fcltet\u00e9s specialist\u00e1ja","publisher":{"@id":"https:\/\/ujbuda.dental\/en\/#organization"},"potentialAction":[{"@type":"SearchAction","target":{"@type":"EntryPoint","urlTemplate":"https:\/\/ujbuda.dental\/en\/?s={search_term_string}"},"query-input":{"@type":"PropertyValueSpecification","valueRequired":true,"valueName":"search_term_string"}}],"inLanguage":"en-US"},{"@type":"Organization","@id":"https:\/\/ujbuda.dental\/en\/#organization","name":"N\u00e1dor Dent Kft.","url":"https:\/\/ujbuda.dental\/en\/","logo":{"@type":"ImageObject","inLanguage":"en-US","@id":"https:\/\/ujbuda.dental\/en\/#\/schema\/logo\/image\/","url":"https:\/\/ujbuda.dental\/wp-content\/uploads\/2025\/01\/ujbuda-dental.png","contentUrl":"https:\/\/ujbuda.dental\/wp-content\/uploads\/2025\/01\/ujbuda-dental.png","width":254,"height":133,"caption":"N\u00e1dor Dent Kft."},"image":{"@id":"https:\/\/ujbuda.dental\/en\/#\/schema\/logo\/image\/"},"sameAs":["https:\/\/www.facebook.com\/ujbudadental","https:\/\/www.youtube.com\/channel\/UCDj6OYJI6GXjrx-X-994ybQ"]}]}},"_links":{"self":[{"href":"https:\/\/ujbuda.dental\/en\/wp-json\/wp\/v2\/pages\/3264","targetHints":{"allow":["GET"]}}],"collection":[{"href":"https:\/\/ujbuda.dental\/en\/wp-json\/wp\/v2\/pages"}],"about":[{"href":"https:\/\/ujbuda.dental\/en\/wp-json\/wp\/v2\/types\/page"}],"author":[{"embeddable":true,"href":"https:\/\/ujbuda.dental\/en\/wp-json\/wp\/v2\/users\/1"}],"replies":[{"embeddable":true,"href":"https:\/\/ujbuda.dental\/en\/wp-json\/wp\/v2\/comments?post=3264"}],"version-history":[{"count":1,"href":"https:\/\/ujbuda.dental\/en\/wp-json\/wp\/v2\/pages\/3264\/revisions"}],"predecessor-version":[{"id":3265,"href":"https:\/\/ujbuda.dental\/en\/wp-json\/wp\/v2\/pages\/3264\/revisions\/3265"}],"up":[{"embeddable":true,"href":"https:\/\/ujbuda.dental\/en\/wp-json\/wp\/v2\/pages\/3013"}],"wp:featuredmedia":[{"embeddable":true,"href":"https:\/\/ujbuda.dental\/en\/wp-json\/wp\/v2\/media\/2965"}],"wp:attachment":[{"href":"https:\/\/ujbuda.dental\/en\/wp-json\/wp\/v2\/media?parent=3264"}],"curies":[{"name":"wp","href":"https:\/\/api.w.org\/{rel}","templated":true}]}}