{"id":3116,"date":"2025-03-18T17:49:09","date_gmt":"2025-03-18T16:49:09","guid":{"rendered":"https:\/\/ujbuda.dental\/information-on-the-use-of-cookies\/"},"modified":"2025-11-13T10:59:35","modified_gmt":"2025-11-13T09:59:35","slug":"cookie-policy","status":"publish","type":"page","link":"https:\/\/ujbuda.dental\/en\/cookie-policy\/","title":{"rendered":"Information on the use of cookies"},"content":{"rendered":"\t\t<div data-elementor-type=\"wp-page\" data-elementor-id=\"3116\" class=\"elementor elementor-3116 elementor-1474\" data-elementor-post-type=\"page\">\n\t\t\t\t<div class=\"elementor-element elementor-element-4ca4c955 e-flex e-con-boxed e-con e-parent\" data-id=\"4ca4c955\" data-element_type=\"container\" data-e-type=\"container\">\n\t\t\t\t\t<div class=\"e-con-inner\">\n\t\t\t\t<div class=\"elementor-element elementor-element-d923416 elementor-widget elementor-widget-heading\" data-id=\"d923416\" data-element_type=\"widget\" data-e-type=\"widget\" data-widget_type=\"heading.default\">\n\t\t\t\t<div class=\"elementor-widget-container\">\n\t\t\t\t\t<h1 class=\"elementor-heading-title elementor-size-default\">Information on the use of cookies<\/h1>\t\t\t\t<\/div>\n\t\t\t\t<\/div>\n\t\t\t\t<div class=\"elementor-element elementor-element-73c8a368 elementor-widget elementor-widget-text-editor\" data-id=\"73c8a368\" data-element_type=\"widget\" data-e-type=\"widget\" data-widget_type=\"text-editor.default\">\n\t\t\t\t<div class=\"elementor-widget-container\">\n\t\t\t\t\t\t\t\t\t\n<p>The website operated by N\u00c1DOR DENT Kft. uses cookies in order to improve the quality of the services provided by ujbuda.dental, to facilitate the use of the website (enabling users to communicate and interact more easily with our website), and to manage security and data protection risks appropriately. Cookies are small text files that are stored on your computer or mobile device when you visit a website.<\/p>\n\n<p>A cookie is a small piece of data that this website stores in your computer, phone, or tablet&#8217;s browser and can later read from it. The cookie cannot be read by other websites, only by the one that placed it. Cookies provide us with information about visitors&#8217; habits when using the website. The operator intends to use cookies for administrative purposes, such as measuring website traffic and facilitating browsing, by remembering pages previously opened on the website.<\/p>\n\n<p>No cookie contains any personal information that would allow anyone to contact you by email, phone, or traditional mail. If you do not wish to accept the use of cookies on the website, you can set your web browser to notify you when cookies are placed or to prevent cookies from being placed.<\/p>\n\t\t\t\t\t\t\t\t<\/div>\n\t\t\t\t<\/div>\n\t\t\t\t<div class=\"elementor-element elementor-element-4bf363f elementor-widget elementor-widget-heading\" data-id=\"4bf363f\" data-element_type=\"widget\" data-e-type=\"widget\" data-widget_type=\"heading.default\">\n\t\t\t\t<div class=\"elementor-widget-container\">\n\t\t\t\t\t<h2 class=\"elementor-heading-title elementor-size-default\">Blocking or approving cookies<\/h2>\t\t\t\t<\/div>\n\t\t\t\t<\/div>\n\t\t\t\t<div class=\"elementor-element elementor-element-bc4e8e0 elementor-widget elementor-widget-text-editor\" data-id=\"bc4e8e0\" data-element_type=\"widget\" data-e-type=\"widget\" data-widget_type=\"text-editor.default\">\n\t\t\t\t<div class=\"elementor-widget-container\">\n\t\t\t\t\t\t\t\t\t<p>We place cookies on your computer, phone, or tablet after you give your consent. If you continue to browse our website after the pop-up window regarding cookies appears, you consent to the placement of cookies on your computer, phone, or tablet in the manner and for the purposes described in this policy.<\/p>\n<p><\/p>\n<p>If you do not want cookies linked to our website to be placed on your computer, phone, or tablet, please do not use our website. Even if you initially consent to the use of cookies, you can decide at any time to disable and delete cookies in your web browser settings. However, please note that without cookies, you will not be able to access many features that make browsing easier, and some of our services may not function properly.<\/p>\n<p><\/p>\n<p><\/p>\t\t\t\t\t\t\t\t<\/div>\n\t\t\t\t<\/div>\n\t\t\t\t<div class=\"elementor-element elementor-element-d84287c elementor-widget elementor-widget-heading\" data-id=\"d84287c\" data-element_type=\"widget\" data-e-type=\"widget\" data-widget_type=\"heading.default\">\n\t\t\t\t<div class=\"elementor-widget-container\">\n\t\t\t\t\t<h2 class=\"elementor-heading-title elementor-size-default\">A s\u00fctik be\u00e1ll\u00edt\u00e1sainak kezel\u00e9se a b\u00f6ng\u00e9sz\u0151kben<\/h2>\t\t\t\t<\/div>\n\t\t\t\t<\/div>\n\t\t\t\t<div class=\"elementor-element elementor-element-9e4f84c elementor-widget elementor-widget-text-editor\" data-id=\"9e4f84c\" data-element_type=\"widget\" data-e-type=\"widget\" data-widget_type=\"text-editor.default\">\n\t\t\t\t<div class=\"elementor-widget-container\">\n\t\t\t\t\t\t\t\t\t<p>You can change your cookie settings through your browser. For example, you can disable the use of cookies by activating the setting in your browser that allows you to refuse the placement of all or certain cookies. These settings are usually accessible in your browser&#8217;s &#8220;settings&#8221; or &#8220;preferences&#8221; menu. The following references may be useful in this regard:<\/p>\n<p><\/p>\n<ul class=\"wp-block-list\">\n<li><strong>Chrome:<\/strong> <a href=\"http:\/\/support.google.com\/chrome\/bin\/answer.py?hl=en&amp;answer=95647\" target=\"_blank\" rel=\"noopener\">http:\/\/support.google.com\/chrome\/bin\/answer.py?hl=en&amp;answer=95647<\/a><\/li>\n\n<li><strong>Firefox:<\/strong> <a href=\"https:\/\/support.mozilla.org\/en-US\/kb\/cookies-information-websites-store-on-your-computer?redirectlocale=en-US&amp;redirectslug=Cookies\" target=\"_blank\" rel=\"noopener\">http:\/\/support.mozilla.org\/en-US\/kb\/cookies-information-websites-store-on-your-computer?redirectlocale=en-US&amp;redirectslug=Cookies<\/a><\/li>\n\n<li><strong>Internet Explorer:<\/strong> visit <a href=\"https:\/\/support.microsoft.com\" target=\"_blank\" rel=\"noopener\">http:\/\/support.microsoft.com<\/a> and search for the word &#8220;cookies.&#8221;<\/li>\n\n<li><strong>Safari:<\/strong> visit <a href=\"http:\/\/www.apple.com\/support\/\" target=\"_blank\" rel=\"noopener\">https:\/\/www.apple.com\/support\/<\/a> and search for the word &#8220;cookies.&#8221;<\/li>\n<\/ul>\n<p><\/p>\n<p><\/p>\t\t\t\t\t\t\t\t<\/div>\n\t\t\t\t<\/div>\n\t\t\t\t\t<\/div>\n\t\t\t\t<\/div>\n\t\t\t\t<\/div>\n\t\t","protected":false},"excerpt":{"rendered":"<p>The website operated by N\u00c1DOR DENT Kft. uses cookies in order to improve the quality of the services provided by ujbuda.dental, to facilitate the use of the website, and to adequately manage security and data protection risks. Cookies are small text files that are stored on your computer or other device when you visit a website.<\/p>\n","protected":false},"author":1,"featured_media":3066,"parent":0,"menu_order":0,"comment_status":"closed","ping_status":"closed","template":"","meta":{"footnotes":""},"class_list":["post-3116","page","type-page","status-publish","has-post-thumbnail","hentry"],"yoast_head":"<!-- This site is optimized with the Yoast SEO plugin v27.5 - https:\/\/yoast.com\/product\/yoast-seo-wordpress\/ -->\n<title>Information on the use of cookies - \u00dajbuda Dental<\/title>\n<meta name=\"description\" content=\"The ujbuda.dental website operated by N\u00e1dor Dent Kft. (Ltd.) uses cookies, or &quot;cookies&quot; in foreign terms. Please read our policy...\" \/>\n<meta name=\"robots\" content=\"index, follow, max-snippet:-1, max-image-preview:large, max-video-preview:-1\" \/>\n<link rel=\"canonical\" href=\"https:\/\/ujbuda.dental\/en\/cookie-policy\/\" \/>\n<meta property=\"og:locale\" content=\"en_US\" \/>\n<meta property=\"og:type\" content=\"article\" \/>\n<meta property=\"og:title\" content=\"Information on the use of cookies - \u00dajbuda Dental\" \/>\n<meta property=\"og:description\" content=\"The ujbuda.dental website operated by N\u00e1dor Dent Kft. (Ltd.) uses cookies, or &quot;cookies&quot; in foreign terms. Please read our policy...\" \/>\n<meta property=\"og:url\" content=\"https:\/\/ujbuda.dental\/en\/cookie-policy\/\" \/>\n<meta property=\"og:site_name\" content=\"\u00dajbuda Dental\" \/>\n<meta property=\"article:publisher\" content=\"https:\/\/www.facebook.com\/ujbudadental\" \/>\n<meta property=\"article:modified_time\" content=\"2025-11-13T09:59:35+00:00\" \/>\n<meta property=\"og:image\" content=\"https:\/\/ujbuda.dental\/wp-content\/uploads\/2025\/03\/404.jpg\" \/>\n\t<meta property=\"og:image:width\" content=\"2000\" \/>\n\t<meta property=\"og:image:height\" content=\"1333\" \/>\n\t<meta property=\"og:image:type\" content=\"image\/jpeg\" \/>\n<meta name=\"twitter:card\" content=\"summary_large_image\" \/>\n<meta name=\"twitter:label1\" content=\"Est. reading time\" \/>\n\t<meta name=\"twitter:data1\" content=\"3 minutes\" \/>\n<script type=\"application\/ld+json\" class=\"yoast-schema-graph\">{\"@context\":\"https:\\\/\\\/schema.org\",\"@graph\":[{\"@type\":\"WebPage\",\"@id\":\"https:\\\/\\\/ujbuda.dental\\\/en\\\/cookie-policy\\\/\",\"url\":\"https:\\\/\\\/ujbuda.dental\\\/en\\\/cookie-policy\\\/\",\"name\":\"Information on the use of cookies - \u00dajbuda Dental\",\"isPartOf\":{\"@id\":\"https:\\\/\\\/ujbuda.dental\\\/en\\\/#website\"},\"primaryImageOfPage\":{\"@id\":\"https:\\\/\\\/ujbuda.dental\\\/en\\\/cookie-policy\\\/#primaryimage\"},\"image\":{\"@id\":\"https:\\\/\\\/ujbuda.dental\\\/en\\\/cookie-policy\\\/#primaryimage\"},\"thumbnailUrl\":\"https:\\\/\\\/ujbuda.dental\\\/wp-content\\\/uploads\\\/2025\\\/03\\\/404.jpg\",\"datePublished\":\"2025-03-18T16:49:09+00:00\",\"dateModified\":\"2025-11-13T09:59:35+00:00\",\"description\":\"The ujbuda.dental website operated by N\u00e1dor Dent Kft. (Ltd.) uses cookies, or \\\"cookies\\\" in foreign terms. Please read our policy...\",\"breadcrumb\":{\"@id\":\"https:\\\/\\\/ujbuda.dental\\\/en\\\/cookie-policy\\\/#breadcrumb\"},\"inLanguage\":\"en-US\",\"potentialAction\":[{\"@type\":\"ReadAction\",\"target\":[\"https:\\\/\\\/ujbuda.dental\\\/en\\\/cookie-policy\\\/\"]}]},{\"@type\":\"ImageObject\",\"inLanguage\":\"en-US\",\"@id\":\"https:\\\/\\\/ujbuda.dental\\\/en\\\/cookie-policy\\\/#primaryimage\",\"url\":\"https:\\\/\\\/ujbuda.dental\\\/wp-content\\\/uploads\\\/2025\\\/03\\\/404.jpg\",\"contentUrl\":\"https:\\\/\\\/ujbuda.dental\\\/wp-content\\\/uploads\\\/2025\\\/03\\\/404.jpg\",\"width\":2000,\"height\":1333,\"caption\":\"\u00dajbuda Dental Budapest welcomes patients who want a beautiful smile\"},{\"@type\":\"BreadcrumbList\",\"@id\":\"https:\\\/\\\/ujbuda.dental\\\/en\\\/cookie-policy\\\/#breadcrumb\",\"itemListElement\":[{\"@type\":\"ListItem\",\"position\":1,\"name\":\"Kezd\u0151lap\",\"item\":\"https:\\\/\\\/ujbuda.dental\\\/en\\\/\"},{\"@type\":\"ListItem\",\"position\":2,\"name\":\"Information on the use of cookies\"}]},{\"@type\":\"WebSite\",\"@id\":\"https:\\\/\\\/ujbuda.dental\\\/en\\\/#website\",\"url\":\"https:\\\/\\\/ujbuda.dental\\\/en\\\/\",\"name\":\"\u00dajbuda Dental\",\"description\":\"Az eszt\u00e9tikai beavatkoz\u00e1sok \u00e9s a fogbe\u00fcltet\u00e9s specialist\u00e1ja\",\"publisher\":{\"@id\":\"https:\\\/\\\/ujbuda.dental\\\/en\\\/#organization\"},\"potentialAction\":[{\"@type\":\"SearchAction\",\"target\":{\"@type\":\"EntryPoint\",\"urlTemplate\":\"https:\\\/\\\/ujbuda.dental\\\/en\\\/?s={search_term_string}\"},\"query-input\":{\"@type\":\"PropertyValueSpecification\",\"valueRequired\":true,\"valueName\":\"search_term_string\"}}],\"inLanguage\":\"en-US\"},{\"@type\":\"Organization\",\"@id\":\"https:\\\/\\\/ujbuda.dental\\\/en\\\/#organization\",\"name\":\"N\u00e1dor Dent Kft.\",\"url\":\"https:\\\/\\\/ujbuda.dental\\\/en\\\/\",\"logo\":{\"@type\":\"ImageObject\",\"inLanguage\":\"en-US\",\"@id\":\"https:\\\/\\\/ujbuda.dental\\\/en\\\/#\\\/schema\\\/logo\\\/image\\\/\",\"url\":\"https:\\\/\\\/ujbuda.dental\\\/wp-content\\\/uploads\\\/2025\\\/01\\\/ujbuda-dental.png\",\"contentUrl\":\"https:\\\/\\\/ujbuda.dental\\\/wp-content\\\/uploads\\\/2025\\\/01\\\/ujbuda-dental.png\",\"width\":254,\"height\":133,\"caption\":\"N\u00e1dor Dent Kft.\"},\"image\":{\"@id\":\"https:\\\/\\\/ujbuda.dental\\\/en\\\/#\\\/schema\\\/logo\\\/image\\\/\"},\"sameAs\":[\"https:\\\/\\\/www.facebook.com\\\/ujbudadental\",\"https:\\\/\\\/www.youtube.com\\\/channel\\\/UCDj6OYJI6GXjrx-X-994ybQ\"]}]}<\/script>\n<!-- \/ Yoast SEO plugin. -->","yoast_head_json":{"title":"Information on the use of cookies - \u00dajbuda Dental","description":"The ujbuda.dental website operated by N\u00e1dor Dent Kft. (Ltd.) uses cookies, or \"cookies\" in foreign terms. Please read our policy...","robots":{"index":"index","follow":"follow","max-snippet":"max-snippet:-1","max-image-preview":"max-image-preview:large","max-video-preview":"max-video-preview:-1"},"canonical":"https:\/\/ujbuda.dental\/en\/cookie-policy\/","og_locale":"en_US","og_type":"article","og_title":"Information on the use of cookies - \u00dajbuda Dental","og_description":"The ujbuda.dental website operated by N\u00e1dor Dent Kft. (Ltd.) uses cookies, or \"cookies\" in foreign terms. Please read our policy...","og_url":"https:\/\/ujbuda.dental\/en\/cookie-policy\/","og_site_name":"\u00dajbuda Dental","article_publisher":"https:\/\/www.facebook.com\/ujbudadental","article_modified_time":"2025-11-13T09:59:35+00:00","og_image":[{"width":2000,"height":1333,"url":"https:\/\/ujbuda.dental\/wp-content\/uploads\/2025\/03\/404.jpg","type":"image\/jpeg"}],"twitter_card":"summary_large_image","twitter_misc":{"Est. reading time":"3 minutes"},"schema":{"@context":"https:\/\/schema.org","@graph":[{"@type":"WebPage","@id":"https:\/\/ujbuda.dental\/en\/cookie-policy\/","url":"https:\/\/ujbuda.dental\/en\/cookie-policy\/","name":"Information on the use of cookies - \u00dajbuda Dental","isPartOf":{"@id":"https:\/\/ujbuda.dental\/en\/#website"},"primaryImageOfPage":{"@id":"https:\/\/ujbuda.dental\/en\/cookie-policy\/#primaryimage"},"image":{"@id":"https:\/\/ujbuda.dental\/en\/cookie-policy\/#primaryimage"},"thumbnailUrl":"https:\/\/ujbuda.dental\/wp-content\/uploads\/2025\/03\/404.jpg","datePublished":"2025-03-18T16:49:09+00:00","dateModified":"2025-11-13T09:59:35+00:00","description":"The ujbuda.dental website operated by N\u00e1dor Dent Kft. (Ltd.) uses cookies, or \"cookies\" in foreign terms. Please read our policy...","breadcrumb":{"@id":"https:\/\/ujbuda.dental\/en\/cookie-policy\/#breadcrumb"},"inLanguage":"en-US","potentialAction":[{"@type":"ReadAction","target":["https:\/\/ujbuda.dental\/en\/cookie-policy\/"]}]},{"@type":"ImageObject","inLanguage":"en-US","@id":"https:\/\/ujbuda.dental\/en\/cookie-policy\/#primaryimage","url":"https:\/\/ujbuda.dental\/wp-content\/uploads\/2025\/03\/404.jpg","contentUrl":"https:\/\/ujbuda.dental\/wp-content\/uploads\/2025\/03\/404.jpg","width":2000,"height":1333,"caption":"\u00dajbuda Dental Budapest welcomes patients who want a beautiful smile"},{"@type":"BreadcrumbList","@id":"https:\/\/ujbuda.dental\/en\/cookie-policy\/#breadcrumb","itemListElement":[{"@type":"ListItem","position":1,"name":"Kezd\u0151lap","item":"https:\/\/ujbuda.dental\/en\/"},{"@type":"ListItem","position":2,"name":"Information on the use of cookies"}]},{"@type":"WebSite","@id":"https:\/\/ujbuda.dental\/en\/#website","url":"https:\/\/ujbuda.dental\/en\/","name":"\u00dajbuda Dental","description":"Az eszt\u00e9tikai beavatkoz\u00e1sok \u00e9s a fogbe\u00fcltet\u00e9s specialist\u00e1ja","publisher":{"@id":"https:\/\/ujbuda.dental\/en\/#organization"},"potentialAction":[{"@type":"SearchAction","target":{"@type":"EntryPoint","urlTemplate":"https:\/\/ujbuda.dental\/en\/?s={search_term_string}"},"query-input":{"@type":"PropertyValueSpecification","valueRequired":true,"valueName":"search_term_string"}}],"inLanguage":"en-US"},{"@type":"Organization","@id":"https:\/\/ujbuda.dental\/en\/#organization","name":"N\u00e1dor Dent Kft.","url":"https:\/\/ujbuda.dental\/en\/","logo":{"@type":"ImageObject","inLanguage":"en-US","@id":"https:\/\/ujbuda.dental\/en\/#\/schema\/logo\/image\/","url":"https:\/\/ujbuda.dental\/wp-content\/uploads\/2025\/01\/ujbuda-dental.png","contentUrl":"https:\/\/ujbuda.dental\/wp-content\/uploads\/2025\/01\/ujbuda-dental.png","width":254,"height":133,"caption":"N\u00e1dor Dent Kft."},"image":{"@id":"https:\/\/ujbuda.dental\/en\/#\/schema\/logo\/image\/"},"sameAs":["https:\/\/www.facebook.com\/ujbudadental","https:\/\/www.youtube.com\/channel\/UCDj6OYJI6GXjrx-X-994ybQ"]}]}},"_links":{"self":[{"href":"https:\/\/ujbuda.dental\/en\/wp-json\/wp\/v2\/pages\/3116","targetHints":{"allow":["GET"]}}],"collection":[{"href":"https:\/\/ujbuda.dental\/en\/wp-json\/wp\/v2\/pages"}],"about":[{"href":"https:\/\/ujbuda.dental\/en\/wp-json\/wp\/v2\/types\/page"}],"author":[{"embeddable":true,"href":"https:\/\/ujbuda.dental\/en\/wp-json\/wp\/v2\/users\/1"}],"replies":[{"embeddable":true,"href":"https:\/\/ujbuda.dental\/en\/wp-json\/wp\/v2\/comments?post=3116"}],"version-history":[{"count":3,"href":"https:\/\/ujbuda.dental\/en\/wp-json\/wp\/v2\/pages\/3116\/revisions"}],"predecessor-version":[{"id":3119,"href":"https:\/\/ujbuda.dental\/en\/wp-json\/wp\/v2\/pages\/3116\/revisions\/3119"}],"wp:featuredmedia":[{"embeddable":true,"href":"https:\/\/ujbuda.dental\/en\/wp-json\/wp\/v2\/media\/3066"}],"wp:attachment":[{"href":"https:\/\/ujbuda.dental\/en\/wp-json\/wp\/v2\/media?parent=3116"}],"curies":[{"name":"wp","href":"https:\/\/api.w.org\/{rel}","templated":true}]}}