{"id":2988,"date":"2025-03-19T11:32:20","date_gmt":"2025-03-19T10:32:20","guid":{"rendered":"https:\/\/ujbuda.dental\/special-offers-and-discounts-at-your-favorite-dental-clinic-in-district-11\/"},"modified":"2025-11-13T09:46:37","modified_gmt":"2025-11-13T08:46:37","slug":"offers","status":"publish","type":"page","link":"https:\/\/ujbuda.dental\/en\/offers\/","title":{"rendered":"Special offers and discounts at your favorite dental clinic in District 11"},"content":{"rendered":"\t\t<div data-elementor-type=\"wp-page\" data-elementor-id=\"2988\" class=\"elementor elementor-2988 elementor-1519\" data-elementor-post-type=\"page\">\n\t\t\t\t<div class=\"elementor-element elementor-element-905acca e-flex e-con-boxed e-con e-parent\" data-id=\"905acca\" data-element_type=\"container\" data-e-type=\"container\">\n\t\t\t\t\t<div class=\"e-con-inner\">\n\t\t\t\t<div class=\"elementor-element elementor-element-be41a90 elementor-widget elementor-widget-heading\" data-id=\"be41a90\" data-element_type=\"widget\" data-e-type=\"widget\" data-widget_type=\"heading.default\">\n\t\t\t\t<div class=\"elementor-widget-container\">\n\t\t\t\t\t<h1 class=\"elementor-heading-title elementor-size-default\">Discounts and promotions at \u00dajbuda Dental<\/h1>\t\t\t\t<\/div>\n\t\t\t\t<\/div>\n\t\t\t\t<div class=\"elementor-element elementor-element-460dc46 elementor-widget elementor-widget-text-editor\" data-id=\"460dc46\" data-element_type=\"widget\" data-e-type=\"widget\" data-widget_type=\"text-editor.default\">\n\t\t\t\t<div class=\"elementor-widget-container\">\n\t\t\t\t\t\t\t\t\t<p>You can follow the latest news about discounts and promotions at one of \u00dajbuda&#8217;s most popular dental clinics here.<\/p>\n\t\t\t\t\t\t\t\t<\/div>\n\t\t\t\t<\/div>\n\t\t\t\t<div class=\"elementor-element elementor-element-8b228be elementor-cta--skin-cover elementor-animated-content elementor-bg-transform elementor-bg-transform-zoom-in elementor-widget elementor-widget-call-to-action\" data-id=\"8b228be\" data-element_type=\"widget\" data-e-type=\"widget\" data-widget_type=\"call-to-action.default\">\n\t\t\t\t<div class=\"elementor-widget-container\">\n\t\t\t\t\t\t\t<div class=\"elementor-cta\">\n\t\t\t\t\t<div class=\"elementor-cta__bg-wrapper\">\n\t\t\t\t<div class=\"elementor-cta__bg elementor-bg\" style=\"background-image: url(https:\/\/ujbuda.dental\/wp-content\/uploads\/2025\/03\/fogmegtarto-kezeles-ujbuda-dental-xi-ker-1024x682.jpg);\" role=\"img\" aria-label=\"\u00dajbuda Dental with the experts in smiles\"><\/div>\n\t\t\t\t<div class=\"elementor-cta__bg-overlay\"><\/div>\n\t\t\t<\/div>\n\t\t\t\t\t\t\t<div class=\"elementor-cta__content\">\n\t\t\t\t\t\t\t\t\t<div class=\"elementor-content-item elementor-cta__content-item elementor-icon-wrapper elementor-cta__icon elementor-view-default elementor-animated-item--grow\">\n\t\t\t\t\t\t<div class=\"elementor-icon\">\n\t\t\t\t\t\t\t<svg aria-hidden=\"true\" class=\"e-font-icon-svg e-far-heart\" viewBox=\"0 0 512 512\" xmlns=\"http:\/\/www.w3.org\/2000\/svg\"><path d=\"M458.4 64.3C400.6 15.7 311.3 23 256 79.3 200.7 23 111.4 15.6 53.6 64.3-21.6 127.6-10.6 230.8 43 285.5l175.4 178.7c10 10.2 23.4 15.9 37.6 15.9 14.3 0 27.6-5.6 37.6-15.8L469 285.6c53.5-54.7 64.7-157.9-10.6-221.3zm-23.6 187.5L259.4 430.5c-2.4 2.4-4.4 2.4-6.8 0L77.2 251.8c-36.5-37.2-43.9-107.6 7.3-150.7 38.9-32.7 98.9-27.8 136.5 10.5l35 35.7 35-35.7c37.8-38.5 97.8-43.2 136.5-10.6 51.1 43.1 43.5 113.9 7.3 150.8z\"><\/path><\/svg>\t\t\t\t\t\t<\/div>\n\t\t\t\t\t<\/div>\n\t\t\t\t\n\t\t\t\t\t\t\t\t\t<h2 class=\"elementor-cta__title elementor-cta__content-item elementor-content-item elementor-animated-item--grow\">\n\t\t\t\t\t\tSmile offer\t\t\t\t\t<\/h2>\n\t\t\t\t\n\t\t\t\t\t\t\t\t\t<div class=\"elementor-cta__description elementor-cta__content-item elementor-content-item elementor-animated-item--grow\">\n\t\t\t\t\t\t<p><span style=\"font-size: 210%\">Professional tartar removal<\/span><\/p>\n<p><span style=\"font-size: 200%\">20% discount!<\/span><\/p>\n\t\t\t\t\t<\/div>\n\t\t\t\t\n\t\t\t\t\t\t\t\t\t<div class=\"elementor-cta__button-wrapper elementor-cta__content-item elementor-content-item elementor-animated-item--grow\">\n\t\t\t\t\t<a class=\"elementor-cta__button elementor-button elementor-size-\" href=\"#elementor-action%3Aaction%3Dpopup%3Aopen%26settings%3DeyJpZCI6MzA1OSwidG9nZ2xlIjpmYWxzZX0%3D\">\n\t\t\t\t\t\tI'll make an appointment right away.\t\t\t\t\t<\/a>\n\t\t\t\t\t<\/div>\n\t\t\t\t\t\t\t<\/div>\n\t\t\t\t\t\t<\/div>\n\t\t\t\t\t\t<\/div>\n\t\t\t\t<\/div>\n\t\t\t\t\t<\/div>\n\t\t\t\t<\/div>\n\t\t\t\t<\/div>\n\t\t","protected":false},"excerpt":{"rendered":"<p>You can follow the latest news about discounts and promotions at one of \u00dajbuda&#8217;s most popular dental clinics here.<\/p>\n","protected":false},"author":1,"featured_media":2987,"parent":0,"menu_order":0,"comment_status":"closed","ping_status":"closed","template":"","meta":{"footnotes":""},"class_list":["post-2988","page","type-page","status-publish","has-post-thumbnail","hentry"],"yoast_head":"<!-- This site is optimized with the Yoast SEO plugin v27.5 - https:\/\/yoast.com\/product\/yoast-seo-wordpress\/ -->\n<title>Special offers and discounts at your favorite dental clinic in District 11 - \u00dajbuda Dental<\/title>\n<meta name=\"description\" content=\"You can follow the latest news about discounts and promotions at one of \u00dajbuda&#039;s most popular dental clinics here.\" \/>\n<meta name=\"robots\" content=\"index, follow, max-snippet:-1, max-image-preview:large, max-video-preview:-1\" \/>\n<link rel=\"canonical\" href=\"https:\/\/ujbuda.dental\/en\/offers\/\" \/>\n<meta property=\"og:locale\" content=\"en_US\" \/>\n<meta property=\"og:type\" content=\"article\" \/>\n<meta property=\"og:title\" content=\"Special offers and discounts at your favorite dental clinic in District 11 - \u00dajbuda Dental\" \/>\n<meta property=\"og:description\" content=\"You can follow the latest news about discounts and promotions at one of \u00dajbuda&#039;s most popular dental clinics here.\" \/>\n<meta property=\"og:url\" content=\"https:\/\/ujbuda.dental\/en\/offers\/\" \/>\n<meta property=\"og:site_name\" content=\"\u00dajbuda Dental\" \/>\n<meta property=\"article:publisher\" content=\"https:\/\/www.facebook.com\/ujbudadental\" \/>\n<meta property=\"article:modified_time\" content=\"2025-11-13T08:46:37+00:00\" \/>\n<meta property=\"og:image\" content=\"https:\/\/ujbuda.dental\/wp-content\/uploads\/2025\/03\/fogmegtartas-ujbuda-dental-xi-ker.jpg\" \/>\n\t<meta property=\"og:image:width\" content=\"2000\" \/>\n\t<meta property=\"og:image:height\" content=\"1333\" \/>\n\t<meta property=\"og:image:type\" content=\"image\/jpeg\" \/>\n<meta name=\"twitter:card\" content=\"summary_large_image\" \/>\n<script type=\"application\/ld+json\" class=\"yoast-schema-graph\">{\"@context\":\"https:\\\/\\\/schema.org\",\"@graph\":[{\"@type\":\"WebPage\",\"@id\":\"https:\\\/\\\/ujbuda.dental\\\/en\\\/offers\\\/\",\"url\":\"https:\\\/\\\/ujbuda.dental\\\/en\\\/offers\\\/\",\"name\":\"Special offers and discounts at your favorite dental clinic in District 11 - \u00dajbuda Dental\",\"isPartOf\":{\"@id\":\"https:\\\/\\\/ujbuda.dental\\\/en\\\/#website\"},\"primaryImageOfPage\":{\"@id\":\"https:\\\/\\\/ujbuda.dental\\\/en\\\/offers\\\/#primaryimage\"},\"image\":{\"@id\":\"https:\\\/\\\/ujbuda.dental\\\/en\\\/offers\\\/#primaryimage\"},\"thumbnailUrl\":\"https:\\\/\\\/ujbuda.dental\\\/wp-content\\\/uploads\\\/2025\\\/03\\\/fogmegtartas-ujbuda-dental-xi-ker.jpg\",\"datePublished\":\"2025-03-19T10:32:20+00:00\",\"dateModified\":\"2025-11-13T08:46:37+00:00\",\"description\":\"You can follow the latest news about discounts and promotions at one of \u00dajbuda's most popular dental clinics here.\",\"breadcrumb\":{\"@id\":\"https:\\\/\\\/ujbuda.dental\\\/en\\\/offers\\\/#breadcrumb\"},\"inLanguage\":\"en-US\",\"potentialAction\":[{\"@type\":\"ReadAction\",\"target\":[\"https:\\\/\\\/ujbuda.dental\\\/en\\\/offers\\\/\"]}]},{\"@type\":\"ImageObject\",\"inLanguage\":\"en-US\",\"@id\":\"https:\\\/\\\/ujbuda.dental\\\/en\\\/offers\\\/#primaryimage\",\"url\":\"https:\\\/\\\/ujbuda.dental\\\/wp-content\\\/uploads\\\/2025\\\/03\\\/fogmegtartas-ujbuda-dental-xi-ker.jpg\",\"contentUrl\":\"https:\\\/\\\/ujbuda.dental\\\/wp-content\\\/uploads\\\/2025\\\/03\\\/fogmegtartas-ujbuda-dental-xi-ker.jpg\",\"width\":2000,\"height\":1333,\"caption\":\"\u00dajbuda Dental with dental retention specialists\"},{\"@type\":\"BreadcrumbList\",\"@id\":\"https:\\\/\\\/ujbuda.dental\\\/en\\\/offers\\\/#breadcrumb\",\"itemListElement\":[{\"@type\":\"ListItem\",\"position\":1,\"name\":\"Kezd\u0151lap\",\"item\":\"https:\\\/\\\/ujbuda.dental\\\/en\\\/\"},{\"@type\":\"ListItem\",\"position\":2,\"name\":\"Special offers and discounts at your favorite dental clinic in District 11\"}]},{\"@type\":\"WebSite\",\"@id\":\"https:\\\/\\\/ujbuda.dental\\\/en\\\/#website\",\"url\":\"https:\\\/\\\/ujbuda.dental\\\/en\\\/\",\"name\":\"\u00dajbuda Dental\",\"description\":\"Az eszt\u00e9tikai beavatkoz\u00e1sok \u00e9s a fogbe\u00fcltet\u00e9s specialist\u00e1ja\",\"publisher\":{\"@id\":\"https:\\\/\\\/ujbuda.dental\\\/en\\\/#organization\"},\"potentialAction\":[{\"@type\":\"SearchAction\",\"target\":{\"@type\":\"EntryPoint\",\"urlTemplate\":\"https:\\\/\\\/ujbuda.dental\\\/en\\\/?s={search_term_string}\"},\"query-input\":{\"@type\":\"PropertyValueSpecification\",\"valueRequired\":true,\"valueName\":\"search_term_string\"}}],\"inLanguage\":\"en-US\"},{\"@type\":\"Organization\",\"@id\":\"https:\\\/\\\/ujbuda.dental\\\/en\\\/#organization\",\"name\":\"N\u00e1dor Dent Kft.\",\"url\":\"https:\\\/\\\/ujbuda.dental\\\/en\\\/\",\"logo\":{\"@type\":\"ImageObject\",\"inLanguage\":\"en-US\",\"@id\":\"https:\\\/\\\/ujbuda.dental\\\/en\\\/#\\\/schema\\\/logo\\\/image\\\/\",\"url\":\"https:\\\/\\\/ujbuda.dental\\\/wp-content\\\/uploads\\\/2025\\\/01\\\/ujbuda-dental.png\",\"contentUrl\":\"https:\\\/\\\/ujbuda.dental\\\/wp-content\\\/uploads\\\/2025\\\/01\\\/ujbuda-dental.png\",\"width\":254,\"height\":133,\"caption\":\"N\u00e1dor Dent Kft.\"},\"image\":{\"@id\":\"https:\\\/\\\/ujbuda.dental\\\/en\\\/#\\\/schema\\\/logo\\\/image\\\/\"},\"sameAs\":[\"https:\\\/\\\/www.facebook.com\\\/ujbudadental\",\"https:\\\/\\\/www.youtube.com\\\/channel\\\/UCDj6OYJI6GXjrx-X-994ybQ\"]}]}<\/script>\n<!-- \/ Yoast SEO plugin. -->","yoast_head_json":{"title":"Special offers and discounts at your favorite dental clinic in District 11 - \u00dajbuda Dental","description":"You can follow the latest news about discounts and promotions at one of \u00dajbuda's most popular dental clinics here.","robots":{"index":"index","follow":"follow","max-snippet":"max-snippet:-1","max-image-preview":"max-image-preview:large","max-video-preview":"max-video-preview:-1"},"canonical":"https:\/\/ujbuda.dental\/en\/offers\/","og_locale":"en_US","og_type":"article","og_title":"Special offers and discounts at your favorite dental clinic in District 11 - \u00dajbuda Dental","og_description":"You can follow the latest news about discounts and promotions at one of \u00dajbuda's most popular dental clinics here.","og_url":"https:\/\/ujbuda.dental\/en\/offers\/","og_site_name":"\u00dajbuda Dental","article_publisher":"https:\/\/www.facebook.com\/ujbudadental","article_modified_time":"2025-11-13T08:46:37+00:00","og_image":[{"width":2000,"height":1333,"url":"https:\/\/ujbuda.dental\/wp-content\/uploads\/2025\/03\/fogmegtartas-ujbuda-dental-xi-ker.jpg","type":"image\/jpeg"}],"twitter_card":"summary_large_image","schema":{"@context":"https:\/\/schema.org","@graph":[{"@type":"WebPage","@id":"https:\/\/ujbuda.dental\/en\/offers\/","url":"https:\/\/ujbuda.dental\/en\/offers\/","name":"Special offers and discounts at your favorite dental clinic in District 11 - \u00dajbuda Dental","isPartOf":{"@id":"https:\/\/ujbuda.dental\/en\/#website"},"primaryImageOfPage":{"@id":"https:\/\/ujbuda.dental\/en\/offers\/#primaryimage"},"image":{"@id":"https:\/\/ujbuda.dental\/en\/offers\/#primaryimage"},"thumbnailUrl":"https:\/\/ujbuda.dental\/wp-content\/uploads\/2025\/03\/fogmegtartas-ujbuda-dental-xi-ker.jpg","datePublished":"2025-03-19T10:32:20+00:00","dateModified":"2025-11-13T08:46:37+00:00","description":"You can follow the latest news about discounts and promotions at one of \u00dajbuda's most popular dental clinics here.","breadcrumb":{"@id":"https:\/\/ujbuda.dental\/en\/offers\/#breadcrumb"},"inLanguage":"en-US","potentialAction":[{"@type":"ReadAction","target":["https:\/\/ujbuda.dental\/en\/offers\/"]}]},{"@type":"ImageObject","inLanguage":"en-US","@id":"https:\/\/ujbuda.dental\/en\/offers\/#primaryimage","url":"https:\/\/ujbuda.dental\/wp-content\/uploads\/2025\/03\/fogmegtartas-ujbuda-dental-xi-ker.jpg","contentUrl":"https:\/\/ujbuda.dental\/wp-content\/uploads\/2025\/03\/fogmegtartas-ujbuda-dental-xi-ker.jpg","width":2000,"height":1333,"caption":"\u00dajbuda Dental with dental retention specialists"},{"@type":"BreadcrumbList","@id":"https:\/\/ujbuda.dental\/en\/offers\/#breadcrumb","itemListElement":[{"@type":"ListItem","position":1,"name":"Kezd\u0151lap","item":"https:\/\/ujbuda.dental\/en\/"},{"@type":"ListItem","position":2,"name":"Special offers and discounts at your favorite dental clinic in District 11"}]},{"@type":"WebSite","@id":"https:\/\/ujbuda.dental\/en\/#website","url":"https:\/\/ujbuda.dental\/en\/","name":"\u00dajbuda Dental","description":"Az eszt\u00e9tikai beavatkoz\u00e1sok \u00e9s a fogbe\u00fcltet\u00e9s specialist\u00e1ja","publisher":{"@id":"https:\/\/ujbuda.dental\/en\/#organization"},"potentialAction":[{"@type":"SearchAction","target":{"@type":"EntryPoint","urlTemplate":"https:\/\/ujbuda.dental\/en\/?s={search_term_string}"},"query-input":{"@type":"PropertyValueSpecification","valueRequired":true,"valueName":"search_term_string"}}],"inLanguage":"en-US"},{"@type":"Organization","@id":"https:\/\/ujbuda.dental\/en\/#organization","name":"N\u00e1dor Dent Kft.","url":"https:\/\/ujbuda.dental\/en\/","logo":{"@type":"ImageObject","inLanguage":"en-US","@id":"https:\/\/ujbuda.dental\/en\/#\/schema\/logo\/image\/","url":"https:\/\/ujbuda.dental\/wp-content\/uploads\/2025\/01\/ujbuda-dental.png","contentUrl":"https:\/\/ujbuda.dental\/wp-content\/uploads\/2025\/01\/ujbuda-dental.png","width":254,"height":133,"caption":"N\u00e1dor Dent Kft."},"image":{"@id":"https:\/\/ujbuda.dental\/en\/#\/schema\/logo\/image\/"},"sameAs":["https:\/\/www.facebook.com\/ujbudadental","https:\/\/www.youtube.com\/channel\/UCDj6OYJI6GXjrx-X-994ybQ"]}]}},"_links":{"self":[{"href":"https:\/\/ujbuda.dental\/en\/wp-json\/wp\/v2\/pages\/2988","targetHints":{"allow":["GET"]}}],"collection":[{"href":"https:\/\/ujbuda.dental\/en\/wp-json\/wp\/v2\/pages"}],"about":[{"href":"https:\/\/ujbuda.dental\/en\/wp-json\/wp\/v2\/types\/page"}],"author":[{"embeddable":true,"href":"https:\/\/ujbuda.dental\/en\/wp-json\/wp\/v2\/users\/1"}],"replies":[{"embeddable":true,"href":"https:\/\/ujbuda.dental\/en\/wp-json\/wp\/v2\/comments?post=2988"}],"version-history":[{"count":1,"href":"https:\/\/ujbuda.dental\/en\/wp-json\/wp\/v2\/pages\/2988\/revisions"}],"predecessor-version":[{"id":2989,"href":"https:\/\/ujbuda.dental\/en\/wp-json\/wp\/v2\/pages\/2988\/revisions\/2989"}],"wp:featuredmedia":[{"embeddable":true,"href":"https:\/\/ujbuda.dental\/en\/wp-json\/wp\/v2\/media\/2987"}],"wp:attachment":[{"href":"https:\/\/ujbuda.dental\/en\/wp-json\/wp\/v2\/media?parent=2988"}],"curies":[{"name":"wp","href":"https:\/\/api.w.org\/{rel}","templated":true}]}}