{"id":2983,"date":"2025-01-31T16:56:56","date_gmt":"2025-01-31T15:56:56","guid":{"rendered":"https:\/\/ujbuda.dental\/nador-dent-kft-data-protection-and-data-security-policy\/"},"modified":"2025-11-12T22:44:50","modified_gmt":"2025-11-12T21:44:50","slug":"data-security-policy","status":"publish","type":"page","link":"https:\/\/ujbuda.dental\/en\/data-security-policy\/","title":{"rendered":"N\u00e1dor Dent Kft. data protection and data security policy"},"content":{"rendered":"\t\t<div data-elementor-type=\"wp-page\" data-elementor-id=\"2983\" class=\"elementor elementor-2983 elementor-3\" data-elementor-post-type=\"page\">\n\t\t\t\t<div class=\"elementor-element elementor-element-80e2685 e-flex e-con-boxed e-con e-parent\" data-id=\"80e2685\" data-element_type=\"container\" data-e-type=\"container\">\n\t\t\t\t\t<div class=\"e-con-inner\">\n\t\t\t\t<div class=\"elementor-element elementor-element-811dd03 elementor-widget elementor-widget-heading\" data-id=\"811dd03\" data-element_type=\"widget\" data-e-type=\"widget\" data-widget_type=\"heading.default\">\n\t\t\t\t<div class=\"elementor-widget-container\">\n\t\t\t\t\t<h1 class=\"elementor-heading-title elementor-size-default\">Privacy and Data Security Policy<\/h1>\t\t\t\t<\/div>\n\t\t\t\t<\/div>\n\t\t\t\t<div class=\"elementor-element elementor-element-d6aaaca elementor-widget elementor-widget-text-editor\" data-id=\"d6aaaca\" data-element_type=\"widget\" data-e-type=\"widget\" data-widget_type=\"text-editor.default\">\n\t\t\t\t<div class=\"elementor-widget-container\">\n\t\t\t\t\t\t\t\t\t<p><strong>Prepared by:<\/strong> Data Protection Auditor Bt. based on data processing practices identified by N\u00e1dor Dent Kft. during the data protection audit. <\/p>\n<p><strong>Approved by:<\/strong> Dr. Orsolya Sz\u0171cs, Managing Director;<\/p>\n<p><strong>Date of approval:<\/strong> March 1, 2018.<\/p>\n\t\t\t\t\t\t\t\t<\/div>\n\t\t\t\t<\/div>\n\t\t\t\t<div class=\"elementor-element elementor-element-eda06bd elementor-widget elementor-widget-heading\" data-id=\"eda06bd\" data-element_type=\"widget\" data-e-type=\"widget\" data-widget_type=\"heading.default\">\n\t\t\t\t<div class=\"elementor-widget-container\">\n\t\t\t\t\t<h2 class=\"elementor-heading-title elementor-size-default\">Introduction<\/h2>\t\t\t\t<\/div>\n\t\t\t\t<\/div>\n\t\t\t\t<div class=\"elementor-element elementor-element-f730714 elementor-widget elementor-widget-text-editor\" data-id=\"f730714\" data-element_type=\"widget\" data-e-type=\"widget\" data-widget_type=\"text-editor.default\">\n\t\t\t\t<div class=\"elementor-widget-container\">\n\t\t\t\t\t\t\t\t\t<ol>\n<li>N\u00e1dor Dent Kft., as data controller, hereby informs its customers and visitors to its website and social media pages (hereinafter collectively referred to as: data subjects or users) that it respects the personal rights of data subjects and therefore acts in accordance with the following data processing policy (hereinafter: Policy) when processing data. N\u00e1dor Dent Kft. reserves the right to amend the Policy in order to bring it into line with any changes in the legal framework and other internal regulations. The current version of the Policy is available in electronic form on the website https:\/\/ujbuda.dental\/hu and in paper form at the reception of the clinic. Based on the above, N\u00e1dor Dent Kft. considers the provisions of the Policy to be binding on itself and acts in accordance with them in its operations. With reference to point 1, this Policy regulates the data processing activities provided to data subjects by N\u00e1dor Dent Kft. through the means and methods provided by it. <\/li>\n<li>N\u00e1dor Dent Kft. strives to comply as closely as possible with the recommendations of the National Authority for Data Protection and Freedom of Information, in particular its recommendation of September 29, 2015, on the data protection requirements for prior information, and therefore expresses the data protection rules as clearly as possible, explaining them with examples where necessary, and presenting each data processing activity in detail so that the data subject can decide whether or not to give their voluntary consent to them. Although N\u00e1dor Dent Kft. fulfills its obligation to provide prior information with this Policy, for the sake of easier readability and transparency, it also publishes a Data Protection Notice, which is separate from these Regulations in form, and which is to be considered an annex to the Regulations, and which the Regulations explain and fill with detailed content.<\/li>\n<\/ol>\n\t\t\t\t\t\t\t\t<\/div>\n\t\t\t\t<\/div>\n\t\t\t\t<div class=\"elementor-element elementor-element-5d27b35 elementor-widget elementor-widget-heading\" data-id=\"5d27b35\" data-element_type=\"widget\" data-e-type=\"widget\" data-widget_type=\"heading.default\">\n\t\t\t\t<div class=\"elementor-widget-container\">\n\t\t\t\t\t<h2 class=\"elementor-heading-title elementor-size-default\">1. Definition of terms<\/h2>\t\t\t\t<\/div>\n\t\t\t\t<\/div>\n\t\t\t\t<div class=\"elementor-element elementor-element-09ec1cc elementor-widget elementor-widget-text-editor\" data-id=\"09ec1cc\" data-element_type=\"widget\" data-e-type=\"widget\" data-widget_type=\"text-editor.default\">\n\t\t\t\t<div class=\"elementor-widget-container\">\n\t\t\t\t\t\t\t\t\t<p>The Data Controller uses the following terms in this Policy and its annexes, therefore we recommend that you review them in detail. <\/p>\n<ul>\n<li><strong>Data Subject or User:<\/strong> any natural person identified or identifiable, directly or indirectly, on the basis of specific personal data, including, for example, natural persons using the Data Controller&#8217;s services, etc.; <\/li>\n<li><strong> Personal data:<\/strong> data that can be linked to the data subject, in particular the data subject&#8217;s image, voice, name, identification number, and one or more factors specific to their physical, physiological, mental, economic, cultural, or social identity, as well as conclusions about the data subject that can be drawn from the data; <\/li>\n<li><strong> The concept of personal data following the application of the GDPR:<\/strong> any information relating to an identified or identifiable natural person (i.e., the data subject); a natural person who can be identified, directly or indirectly, in particular by reference to an identifier such as a name, an identification number, location data, an online identifier or to one or more factors specific to the physical, physiological, genetic, mental, economic, cultural or social identity of that natural person; <\/li>\n<li><b>Consent: <\/b>a freely given, specific, informed and unambiguous indication of the data subject&#8217;s wishes by which he or she, by a statement or by a clear affirmative action, signifies agreement to the processing of personal data relating to him or her, whether in whole or in part; thus, consent has three basic elements: voluntariness, certainty, and adequate information;<\/li>\n<li><b>Data controller:<\/b> the natural or legal person or organization without legal personality who, alone or jointly with others, determines the purposes of data processing, makes and implements decisions regarding data processing (including the means used) or has them implemented by a data processor commissioned by it; thus, for the purposes of this Policy, the Data Controller is the person specified in Chapter 2; <\/li>\n<li><b>Data processing:<\/b> any operation or set of operations performed on data, regardless of the procedure used, in particular collection, recording, organization, storage, alteration, use, retrieval, transfer, disclosure, alignment or combination, blocking, erasure and destruction, as well as the prevention of further use of the data, the taking of photographs, sound or image recordings, and the recording of physical characteristics suitable for identifying a person, including, but not limited to: requesting information, making appointments, etc.; <\/li>\n<li><b>Restriction of processing:<\/b> marking stored personal data for the purpose of restricting their future processing; <\/li>\n<li><b>Profiling:<\/b> any form of automated processing of personal data consisting of the use of personal data to evaluate certain personal aspects relating to a natural person, in particular to analyze the performance at work, economic situation, health, personal preferences, interests, reliability, behavior, location, or movements;<\/li>\n<li><b>Pseudonymization: <\/b>processing personal data in such a way that it can no longer be attributed to a specific natural person without the use of additional information, provided that such additional information is kept separately and is subject to technical and organizational measures to ensure that the personal data are not attributed to an identified or identifiable natural person; <\/li>\n<li><b>Data transfer: <\/b>making data available to a specific third party; <\/li>\n<li><b>Data processing:<\/b> the performance of technical tasks related to data management operations, regardless of the method and means used to perform the operations and the location of the application, provided that the technical task is performed on the data; for ease of understanding, using an illustrative list, data processing includes performing accounting tasks;<\/li>\n<li><b>Data erasure:<\/b> rendering data unrecognizable in such a way that it can no longer be restored; <\/li>\n<li><b>Data blocking: <\/b>marking data with an identifier for the purpose of restricting its further processing for a definite or indefinite period of time;<\/li>\n<li><b>Data destruction: <\/b>the complete physical destruction of the data medium containing the data, for example by shredding the document containing the data; <\/li>\n<li><b>Data file:<\/b> the totality of data processed in a single register;<\/li>\n<li><b>Registration system:<\/b> a structured set of personal data organized in any way\u2014centralized, decentralized, or according to functional or geographical criteria\u2014which is accessible on the basis of specific criteria; <\/li>\n<li><b>Third party: <\/b>a natural or legal person or an organization without legal personality who or which is not the data subject, the data controller or the data processor, or persons who, under the direct authority of the data controller or data processor, are authorized to process personal data; <\/li>\n<li><b>Data breach: <\/b>unlawful processing or processing of personal data, in particular unauthorized access, alteration, transmission, disclosure, erasure or destruction, as well as accidental destruction or damage;<\/li>\n<li><b>The concept of data breach following the application of the GDPR: <\/b>a breach of security leading to the accidental or unlawful destruction, loss, alteration, unauthorized disclosure of, or access to, personal data transmitted, stored or otherwise processed;<\/li>\n<li><b>Health data: <\/b>pursuant to Section 3(a) of Act XLVII of 1997, data relating to the physical, mental and spiritual condition of the data subject, his or her pathological addictions, as well as the circumstances of illness or death, the cause of death, communicated by the data subject or by another person, or detected, examined, measured, imaged or derived by the healthcare network; furthermore, any data that can be linked to or influence the above (e.g., behavior, environment, occupation), <\/li>\n<li><b>Health data following the application of the GDPR: <\/b>personal data relating to the physical or mental health of a natural person, including data relating to health services provided to a natural person that contain information about the health status of that natural person; <\/li>\n<li><b>Partner:<\/b> legal entities that use the Data Controller&#8217;s services on a contractual basis and\/or facilitate the performance of the Data Controller&#8217;s services (performance assistants), business associations without legal personality to which the Data Controller transfers or may transfer personal data with the consent of the data subject, or which perform or may perform data storage, processing, related IT and other activities facilitating secure data management for the Data Controller; <\/li>\n<li><b>Dental office:<\/b> the dental office located at 1117 Budapest, Szer\u00e9mi \u00fat 7\/A. 1\/101. <\/li>\n<li><b>Employee:<\/b> a natural person in a contractual, employment or other legal relationship with the Data Controller who is entrusted with the performance of the Data Controller&#8217;s services and who comes into contact with personal data in the course of their data management or data processing tasks, and for whose activities the Data Controller assumes full responsibility towards the data subjects and third parties; <\/li>\n<li><b>Data controller:<\/b> the Employee who generated the data and\/or who has access to the data and\/or to whom the data was transferred by another data controller or third party and\/or who came into possession of the data in any other way; <\/li>\n<li><b>Healthcare network:<\/b> an organization or natural person providing healthcare and performing professional supervision and control; <\/li>\n<li><b>Medical treatment:<\/b> any activity aimed at maintaining health, preventing, early detection, diagnosis, and treatment of diseases, maintaining or improving the condition resulting from the disease, and for this purpose, the direct examination, treatment, care, medical rehabilitation, and the processing of the data subject&#8217;s test materials for these purposes, including the provision of medicines, medical aids, spa treatments, rescue and patient transport, and obstetric care; <\/li>\n<li><b>Medical confidentiality:<\/b> health and personal identification data that comes to the knowledge of the data controller during medical treatment, as well as other data relating to necessary or ongoing or completed medical treatment and other data learned in connection with medical treatment; <\/li>\n<li><b>Close relative:<\/b> spouse, direct relative, adopted child, stepchild, foster child, adoptive parent, step-parent, foster parent, sibling, and partner; <\/li>\n<li><b>Urgent need: <\/b>a sudden change in health that would put the person at immediate risk of death or cause serious or permanent damage to their health if they didn&#8217;t get medical care right away; <\/li>\n<li><b>Healthcare professional:<\/b> a dentist, other person with a higher education qualification in healthcare, a person with a healthcare qualification, or a person without a healthcare qualification who is involved in healthcare activities; <\/li>\n<li><b>Patient care provider:<\/b> the doctor providing treatment, healthcare professionals, other persons involved in the medical treatment of the person concerned, pharmacists; for the purposes of these Rules, the Data Controller is the patient care provider.<\/li>\n<\/ul>\n\t\t\t\t\t\t\t\t<\/div>\n\t\t\t\t<\/div>\n\t\t\t\t<div class=\"elementor-element elementor-element-c0d8260 elementor-align-center elementor-widget elementor-widget-button\" data-id=\"c0d8260\" data-element_type=\"widget\" data-e-type=\"widget\" data-widget_type=\"button.default\">\n\t\t\t\t<div class=\"elementor-widget-container\">\n\t\t\t\t\t\t\t\t\t<div class=\"elementor-button-wrapper\">\n\t\t\t\t\t<a class=\"elementor-button elementor-button-link elementor-size-sm\" href=\"\/wp-content\/uploads\/2025\/03\/Ujbuda_Dental_szabalyzat-GDPR.pdf.pdf\">\n\t\t\t\t\t\t<span class=\"elementor-button-content-wrapper\">\n\t\t\t\t\t\t<span class=\"elementor-button-icon\">\n\t\t\t\t<svg aria-hidden=\"true\" class=\"e-font-icon-svg e-far-file-pdf\" viewBox=\"0 0 384 512\" xmlns=\"http:\/\/www.w3.org\/2000\/svg\"><path d=\"M369.9 97.9L286 14C277 5 264.8-.1 252.1-.1H48C21.5 0 0 21.5 0 48v416c0 26.5 21.5 48 48 48h288c26.5 0 48-21.5 48-48V131.9c0-12.7-5.1-25-14.1-34zM332.1 128H256V51.9l76.1 76.1zM48 464V48h160v104c0 13.3 10.7 24 24 24h104v288H48zm250.2-143.7c-12.2-12-47-8.7-64.4-6.5-17.2-10.5-28.7-25-36.8-46.3 3.9-16.1 10.1-40.6 5.4-56-4.2-26.2-37.8-23.6-42.6-5.9-4.4 16.1-.4 38.5 7 67.1-10 23.9-24.9 56-35.4 74.4-20 10.3-47 26.2-51 46.2-3.3 15.8 26 55.2 76.1-31.2 22.4-7.4 46.8-16.5 68.4-20.1 18.9 10.2 41 17 55.8 17 25.5 0 28-28.2 17.5-38.7zm-198.1 77.8c5.1-13.7 24.5-29.5 30.4-35-19 30.3-30.4 35.7-30.4 35zm81.6-190.6c7.4 0 6.7 32.1 1.8 40.8-4.4-13.9-4.3-40.8-1.8-40.8zm-24.4 136.6c9.7-16.9 18-37 24.7-54.7 8.3 15.1 18.9 27.2 30.1 35.5-20.8 4.3-38.9 13.1-54.8 19.2zm131.6-5s-5 6-37.3-7.8c35.1-2.6 40.9 5.4 37.3 7.8z\"><\/path><\/svg>\t\t\t<\/span>\n\t\t\t\t\t\t\t\t\t<span class=\"elementor-button-text\">Download the entire document (HU)<\/span>\n\t\t\t\t\t<\/span>\n\t\t\t\t\t<\/a>\n\t\t\t\t<\/div>\n\t\t\t\t\t\t\t\t<\/div>\n\t\t\t\t<\/div>\n\t\t\t\t\t<\/div>\n\t\t\t\t<\/div>\n\t\t\t\t<\/div>\n\t\t","protected":false},"excerpt":{"rendered":"<p>Prepared by: Data Protection Auditor Bt. based on data processing practices identified by N\u00e1dor Dent Kft. during the data protection audit. Approved by: Dr. Orsolya Sz\u0171cs, Managing Director.<br \/>\nDate of approval: March 1, 2018.<\/p>\n","protected":false},"author":1,"featured_media":0,"parent":0,"menu_order":0,"comment_status":"closed","ping_status":"closed","template":"","meta":{"footnotes":""},"class_list":["post-2983","page","type-page","status-publish","hentry"],"yoast_head":"<!-- This site is optimized with the Yoast SEO plugin v27.5 - https:\/\/yoast.com\/product\/yoast-seo-wordpress\/ -->\n<title>N\u00e1dor Dent Kft. data protection and data security policy - \u00dajbuda Dental<\/title>\n<meta name=\"description\" content=\"Prepared by: Data Protection Auditor Bt. based on data processing practices identified by N\u00e1dor Dent Kft. during the data protection audit.\" \/>\n<meta name=\"robots\" content=\"index, follow, max-snippet:-1, max-image-preview:large, max-video-preview:-1\" \/>\n<link rel=\"canonical\" href=\"https:\/\/ujbuda.dental\/en\/data-security-policy\/\" \/>\n<meta property=\"og:locale\" content=\"en_US\" \/>\n<meta property=\"og:type\" content=\"article\" \/>\n<meta property=\"og:title\" content=\"N\u00e1dor Dent Kft. data protection and data security policy - \u00dajbuda Dental\" \/>\n<meta property=\"og:description\" content=\"Prepared by: Data Protection Auditor Bt. based on data processing practices identified by N\u00e1dor Dent Kft. during the data protection audit.\" \/>\n<meta property=\"og:url\" content=\"https:\/\/ujbuda.dental\/en\/data-security-policy\/\" \/>\n<meta property=\"og:site_name\" content=\"\u00dajbuda Dental\" \/>\n<meta property=\"article:publisher\" content=\"https:\/\/www.facebook.com\/ujbudadental\" \/>\n<meta property=\"article:modified_time\" content=\"2025-11-12T21:44:50+00:00\" \/>\n<meta property=\"og:image\" content=\"https:\/\/ujbuda.dental\/wp-content\/uploads\/2025\/03\/ct-3d-cbct-ujbuda-rontgen.webp\" \/>\n\t<meta property=\"og:image:width\" content=\"1200\" \/>\n\t<meta property=\"og:image:height\" content=\"630\" \/>\n\t<meta property=\"og:image:type\" content=\"image\/webp\" \/>\n<meta name=\"twitter:card\" content=\"summary_large_image\" \/>\n<meta name=\"twitter:label1\" content=\"Est. reading time\" \/>\n\t<meta name=\"twitter:data1\" content=\"8 minutes\" \/>\n<script type=\"application\/ld+json\" class=\"yoast-schema-graph\">{\"@context\":\"https:\\\/\\\/schema.org\",\"@graph\":[{\"@type\":\"WebPage\",\"@id\":\"https:\\\/\\\/ujbuda.dental\\\/en\\\/data-security-policy\\\/\",\"url\":\"https:\\\/\\\/ujbuda.dental\\\/en\\\/data-security-policy\\\/\",\"name\":\"N\u00e1dor Dent Kft. data protection and data security policy - \u00dajbuda Dental\",\"isPartOf\":{\"@id\":\"https:\\\/\\\/ujbuda.dental\\\/en\\\/#website\"},\"datePublished\":\"2025-01-31T15:56:56+00:00\",\"dateModified\":\"2025-11-12T21:44:50+00:00\",\"description\":\"Prepared by: Data Protection Auditor Bt. based on data processing practices identified by N\u00e1dor Dent Kft. during the data protection audit.\",\"breadcrumb\":{\"@id\":\"https:\\\/\\\/ujbuda.dental\\\/en\\\/data-security-policy\\\/#breadcrumb\"},\"inLanguage\":\"en-US\",\"potentialAction\":[{\"@type\":\"ReadAction\",\"target\":[\"https:\\\/\\\/ujbuda.dental\\\/en\\\/data-security-policy\\\/\"]}]},{\"@type\":\"BreadcrumbList\",\"@id\":\"https:\\\/\\\/ujbuda.dental\\\/en\\\/data-security-policy\\\/#breadcrumb\",\"itemListElement\":[{\"@type\":\"ListItem\",\"position\":1,\"name\":\"Kezd\u0151lap\",\"item\":\"https:\\\/\\\/ujbuda.dental\\\/en\\\/\"},{\"@type\":\"ListItem\",\"position\":2,\"name\":\"N\u00e1dor Dent Kft. data protection and data security policy\"}]},{\"@type\":\"WebSite\",\"@id\":\"https:\\\/\\\/ujbuda.dental\\\/en\\\/#website\",\"url\":\"https:\\\/\\\/ujbuda.dental\\\/en\\\/\",\"name\":\"\u00dajbuda Dental\",\"description\":\"Az eszt\u00e9tikai beavatkoz\u00e1sok \u00e9s a fogbe\u00fcltet\u00e9s specialist\u00e1ja\",\"publisher\":{\"@id\":\"https:\\\/\\\/ujbuda.dental\\\/en\\\/#organization\"},\"potentialAction\":[{\"@type\":\"SearchAction\",\"target\":{\"@type\":\"EntryPoint\",\"urlTemplate\":\"https:\\\/\\\/ujbuda.dental\\\/en\\\/?s={search_term_string}\"},\"query-input\":{\"@type\":\"PropertyValueSpecification\",\"valueRequired\":true,\"valueName\":\"search_term_string\"}}],\"inLanguage\":\"en-US\"},{\"@type\":\"Organization\",\"@id\":\"https:\\\/\\\/ujbuda.dental\\\/en\\\/#organization\",\"name\":\"N\u00e1dor Dent Kft.\",\"url\":\"https:\\\/\\\/ujbuda.dental\\\/en\\\/\",\"logo\":{\"@type\":\"ImageObject\",\"inLanguage\":\"en-US\",\"@id\":\"https:\\\/\\\/ujbuda.dental\\\/en\\\/#\\\/schema\\\/logo\\\/image\\\/\",\"url\":\"https:\\\/\\\/ujbuda.dental\\\/wp-content\\\/uploads\\\/2025\\\/01\\\/ujbuda-dental.png\",\"contentUrl\":\"https:\\\/\\\/ujbuda.dental\\\/wp-content\\\/uploads\\\/2025\\\/01\\\/ujbuda-dental.png\",\"width\":254,\"height\":133,\"caption\":\"N\u00e1dor Dent Kft.\"},\"image\":{\"@id\":\"https:\\\/\\\/ujbuda.dental\\\/en\\\/#\\\/schema\\\/logo\\\/image\\\/\"},\"sameAs\":[\"https:\\\/\\\/www.facebook.com\\\/ujbudadental\",\"https:\\\/\\\/www.youtube.com\\\/channel\\\/UCDj6OYJI6GXjrx-X-994ybQ\"]}]}<\/script>\n<!-- \/ Yoast SEO plugin. -->","yoast_head_json":{"title":"N\u00e1dor Dent Kft. data protection and data security policy - \u00dajbuda Dental","description":"Prepared by: Data Protection Auditor Bt. based on data processing practices identified by N\u00e1dor Dent Kft. during the data protection audit.","robots":{"index":"index","follow":"follow","max-snippet":"max-snippet:-1","max-image-preview":"max-image-preview:large","max-video-preview":"max-video-preview:-1"},"canonical":"https:\/\/ujbuda.dental\/en\/data-security-policy\/","og_locale":"en_US","og_type":"article","og_title":"N\u00e1dor Dent Kft. data protection and data security policy - \u00dajbuda Dental","og_description":"Prepared by: Data Protection Auditor Bt. based on data processing practices identified by N\u00e1dor Dent Kft. during the data protection audit.","og_url":"https:\/\/ujbuda.dental\/en\/data-security-policy\/","og_site_name":"\u00dajbuda Dental","article_publisher":"https:\/\/www.facebook.com\/ujbudadental","article_modified_time":"2025-11-12T21:44:50+00:00","og_image":[{"width":1200,"height":630,"url":"https:\/\/ujbuda.dental\/wp-content\/uploads\/2025\/03\/ct-3d-cbct-ujbuda-rontgen.webp","type":"image\/webp"}],"twitter_card":"summary_large_image","twitter_misc":{"Est. reading time":"8 minutes"},"schema":{"@context":"https:\/\/schema.org","@graph":[{"@type":"WebPage","@id":"https:\/\/ujbuda.dental\/en\/data-security-policy\/","url":"https:\/\/ujbuda.dental\/en\/data-security-policy\/","name":"N\u00e1dor Dent Kft. data protection and data security policy - \u00dajbuda Dental","isPartOf":{"@id":"https:\/\/ujbuda.dental\/en\/#website"},"datePublished":"2025-01-31T15:56:56+00:00","dateModified":"2025-11-12T21:44:50+00:00","description":"Prepared by: Data Protection Auditor Bt. based on data processing practices identified by N\u00e1dor Dent Kft. during the data protection audit.","breadcrumb":{"@id":"https:\/\/ujbuda.dental\/en\/data-security-policy\/#breadcrumb"},"inLanguage":"en-US","potentialAction":[{"@type":"ReadAction","target":["https:\/\/ujbuda.dental\/en\/data-security-policy\/"]}]},{"@type":"BreadcrumbList","@id":"https:\/\/ujbuda.dental\/en\/data-security-policy\/#breadcrumb","itemListElement":[{"@type":"ListItem","position":1,"name":"Kezd\u0151lap","item":"https:\/\/ujbuda.dental\/en\/"},{"@type":"ListItem","position":2,"name":"N\u00e1dor Dent Kft. data protection and data security policy"}]},{"@type":"WebSite","@id":"https:\/\/ujbuda.dental\/en\/#website","url":"https:\/\/ujbuda.dental\/en\/","name":"\u00dajbuda Dental","description":"Az eszt\u00e9tikai beavatkoz\u00e1sok \u00e9s a fogbe\u00fcltet\u00e9s specialist\u00e1ja","publisher":{"@id":"https:\/\/ujbuda.dental\/en\/#organization"},"potentialAction":[{"@type":"SearchAction","target":{"@type":"EntryPoint","urlTemplate":"https:\/\/ujbuda.dental\/en\/?s={search_term_string}"},"query-input":{"@type":"PropertyValueSpecification","valueRequired":true,"valueName":"search_term_string"}}],"inLanguage":"en-US"},{"@type":"Organization","@id":"https:\/\/ujbuda.dental\/en\/#organization","name":"N\u00e1dor Dent Kft.","url":"https:\/\/ujbuda.dental\/en\/","logo":{"@type":"ImageObject","inLanguage":"en-US","@id":"https:\/\/ujbuda.dental\/en\/#\/schema\/logo\/image\/","url":"https:\/\/ujbuda.dental\/wp-content\/uploads\/2025\/01\/ujbuda-dental.png","contentUrl":"https:\/\/ujbuda.dental\/wp-content\/uploads\/2025\/01\/ujbuda-dental.png","width":254,"height":133,"caption":"N\u00e1dor Dent Kft."},"image":{"@id":"https:\/\/ujbuda.dental\/en\/#\/schema\/logo\/image\/"},"sameAs":["https:\/\/www.facebook.com\/ujbudadental","https:\/\/www.youtube.com\/channel\/UCDj6OYJI6GXjrx-X-994ybQ"]}]}},"_links":{"self":[{"href":"https:\/\/ujbuda.dental\/en\/wp-json\/wp\/v2\/pages\/2983","targetHints":{"allow":["GET"]}}],"collection":[{"href":"https:\/\/ujbuda.dental\/en\/wp-json\/wp\/v2\/pages"}],"about":[{"href":"https:\/\/ujbuda.dental\/en\/wp-json\/wp\/v2\/types\/page"}],"author":[{"embeddable":true,"href":"https:\/\/ujbuda.dental\/en\/wp-json\/wp\/v2\/users\/1"}],"replies":[{"embeddable":true,"href":"https:\/\/ujbuda.dental\/en\/wp-json\/wp\/v2\/comments?post=2983"}],"version-history":[{"count":3,"href":"https:\/\/ujbuda.dental\/en\/wp-json\/wp\/v2\/pages\/2983\/revisions"}],"predecessor-version":[{"id":2986,"href":"https:\/\/ujbuda.dental\/en\/wp-json\/wp\/v2\/pages\/2983\/revisions\/2986"}],"wp:attachment":[{"href":"https:\/\/ujbuda.dental\/en\/wp-json\/wp\/v2\/media?parent=2983"}],"curies":[{"name":"wp","href":"https:\/\/api.w.org\/{rel}","templated":true}]}}