{"id":2979,"date":"2025-03-18T20:14:21","date_gmt":"2025-03-18T19:14:21","guid":{"rendered":"https:\/\/ujbuda.dental\/news-and-announcements-from-your-favorite-dental-practice-in-district-11\/"},"modified":"2025-11-13T09:46:11","modified_gmt":"2025-11-13T08:46:11","slug":"news","status":"publish","type":"page","link":"https:\/\/ujbuda.dental\/en\/news\/","title":{"rendered":"News and announcements from your favorite dental practice in District 11"},"content":{"rendered":"\t\t<div data-elementor-type=\"wp-page\" data-elementor-id=\"2979\" class=\"elementor elementor-2979 elementor-1504\" data-elementor-post-type=\"page\">\n\t\t\t\t<div class=\"elementor-element elementor-element-905acca e-flex e-con-boxed e-con e-parent\" data-id=\"905acca\" data-element_type=\"container\" data-e-type=\"container\">\n\t\t\t\t\t<div class=\"e-con-inner\">\n\t\t\t\t<div class=\"elementor-element elementor-element-be41a90 elementor-widget elementor-widget-heading\" data-id=\"be41a90\" data-element_type=\"widget\" data-e-type=\"widget\" data-widget_type=\"heading.default\">\n\t\t\t\t<div class=\"elementor-widget-container\">\n\t\t\t\t\t<h1 class=\"elementor-heading-title elementor-size-default\">News from the clinic<\/h1>\t\t\t\t<\/div>\n\t\t\t\t<\/div>\n\t\t\t\t<div class=\"elementor-element elementor-element-460dc46 elementor-widget elementor-widget-text-editor\" data-id=\"460dc46\" data-element_type=\"widget\" data-e-type=\"widget\" data-widget_type=\"text-editor.default\">\n\t\t\t\t<div class=\"elementor-widget-container\">\n\t\t\t\t\t\t\t\t\t<p>Office announcements and other news and interesting facts from the everyday life of one of \u00dajbuda&#8217;s most popular dental practices.<\/p>\n\t\t\t\t\t\t\t\t<\/div>\n\t\t\t\t<\/div>\n\t\t\t\t<div class=\"elementor-element elementor-element-d8d4635 elementor-grid-3 elementor-grid-tablet-2 elementor-grid-mobile-1 elementor-widget elementor-widget-portfolio\" data-id=\"d8d4635\" data-element_type=\"widget\" data-e-type=\"widget\" data-settings=\"{&quot;row_gap&quot;:{&quot;unit&quot;:&quot;px&quot;,&quot;size&quot;:10,&quot;sizes&quot;:[]},&quot;columns&quot;:&quot;3&quot;,&quot;columns_tablet&quot;:&quot;2&quot;,&quot;columns_mobile&quot;:&quot;1&quot;,&quot;item_ratio&quot;:{&quot;unit&quot;:&quot;px&quot;,&quot;size&quot;:0.66000000000000003108624468950438313186168670654296875,&quot;sizes&quot;:[]},&quot;item_gap&quot;:{&quot;unit&quot;:&quot;px&quot;,&quot;size&quot;:&quot;&quot;,&quot;sizes&quot;:[]}}\" data-widget_type=\"portfolio.default\">\n\t\t\t\t<div class=\"elementor-widget-container\">\n\t\t\t\t\t\t\t<div class=\"elementor-portfolio elementor-grid elementor-posts-container\" role=\"list\">\n\t\t\t\t<article class=\"elementor-portfolio-item elementor-post  post-3143 post type-post status-publish format-standard has-post-thumbnail hentry category-news tag-ct-en tag-full-x-ray tag-treatment\" role=\"listitem\">\n\t\t\t<a class=\"elementor-post__thumbnail__link\" href=\"https:\/\/ujbuda.dental\/en\/2020\/11\/13\/cbct\/\">\n\t\t\t\t<div class=\"elementor-portfolio-item__img elementor-post__thumbnail\">\n\t\t\t<img decoding=\"async\" width=\"300\" height=\"158\" src=\"https:\/\/ujbuda.dental\/wp-content\/uploads\/2025\/03\/ct-3d-cbct-ujbuda-rontgen-300x158.webp\" class=\"attachment-medium size-medium wp-image-3142\" alt=\"\u00dajbuda Dental Budapest with the latest tech\" srcset=\"https:\/\/ujbuda.dental\/wp-content\/uploads\/2025\/03\/ct-3d-cbct-ujbuda-rontgen-300x158.webp 300w, https:\/\/ujbuda.dental\/wp-content\/uploads\/2025\/03\/ct-3d-cbct-ujbuda-rontgen-1024x538.webp 1024w, https:\/\/ujbuda.dental\/wp-content\/uploads\/2025\/03\/ct-3d-cbct-ujbuda-rontgen-768x403.webp 768w, https:\/\/ujbuda.dental\/wp-content\/uploads\/2025\/03\/ct-3d-cbct-ujbuda-rontgen-600x315.webp 600w, https:\/\/ujbuda.dental\/wp-content\/uploads\/2025\/03\/ct-3d-cbct-ujbuda-rontgen.webp 1200w\" sizes=\"(max-width: 300px) 100vw, 300px\" \/>\t\t<\/div>\n\t\t\t\t<div class=\"elementor-portfolio-item__overlay\">\n\t\t\t\t<h3 class=\"elementor-portfolio-item__title\">\n\t\tCT, digital panoramic and full x-ray in \u00dajbuda Dantal Budapest\t\t<\/h3>\n\t\t\t\t<\/div>\n\t\t\t\t<\/a>\n\t\t<\/article>\n\t\t\t\t<article class=\"elementor-portfolio-item elementor-post  post-3356 post type-post status-publish format-standard has-post-thumbnail hentry category-news category-smile tag-treatment\" role=\"listitem\">\n\t\t\t<a class=\"elementor-post__thumbnail__link\" href=\"https:\/\/ujbuda.dental\/en\/2017\/05\/15\/guarantee-for-dental-treatments-at-ujbuda-dental\/\">\n\t\t\t\t<div class=\"elementor-portfolio-item__img elementor-post__thumbnail\">\n\t\t\t<img fetchpriority=\"high\" decoding=\"async\" width=\"300\" height=\"200\" src=\"https:\/\/ujbuda.dental\/wp-content\/uploads\/2025\/03\/fogmegtartas-ujbuda-dental-xi-ker-300x200.jpg\" class=\"attachment-medium size-medium wp-image-2987\" alt=\"\u00dajbuda Dental with dental retention specialists\" srcset=\"https:\/\/ujbuda.dental\/wp-content\/uploads\/2025\/03\/fogmegtartas-ujbuda-dental-xi-ker-300x200.jpg 300w, https:\/\/ujbuda.dental\/wp-content\/uploads\/2025\/03\/fogmegtartas-ujbuda-dental-xi-ker-1024x682.jpg 1024w, https:\/\/ujbuda.dental\/wp-content\/uploads\/2025\/03\/fogmegtartas-ujbuda-dental-xi-ker-768x512.jpg 768w, https:\/\/ujbuda.dental\/wp-content\/uploads\/2025\/03\/fogmegtartas-ujbuda-dental-xi-ker-1536x1024.jpg 1536w, https:\/\/ujbuda.dental\/wp-content\/uploads\/2025\/03\/fogmegtartas-ujbuda-dental-xi-ker-600x400.jpg 600w, https:\/\/ujbuda.dental\/wp-content\/uploads\/2025\/03\/fogmegtartas-ujbuda-dental-xi-ker.jpg 2000w\" sizes=\"(max-width: 300px) 100vw, 300px\" \/>\t\t<\/div>\n\t\t\t\t<div class=\"elementor-portfolio-item__overlay\">\n\t\t\t\t<h3 class=\"elementor-portfolio-item__title\">\n\t\tGuarantee for dental treatments at \u00dajbuda Dental\t\t<\/h3>\n\t\t\t\t<\/div>\n\t\t\t\t<\/a>\n\t\t<\/article>\n\t\t\t\t<article class=\"elementor-portfolio-item elementor-post  post-3140 post type-post status-publish format-standard has-post-thumbnail hentry category-news category-smile tag-treatment\" role=\"listitem\">\n\t\t\t<a class=\"elementor-post__thumbnail__link\" href=\"https:\/\/ujbuda.dental\/en\/2014\/06\/02\/at-home-you-can-feel-relaxed-and-comfortable-at-the-ujbuda-dental-clinic\/\">\n\t\t\t\t<div class=\"elementor-portfolio-item__img elementor-post__thumbnail\">\n\t\t\t<img decoding=\"async\" width=\"300\" height=\"200\" src=\"https:\/\/ujbuda.dental\/wp-content\/uploads\/2025\/03\/fogmegtarto-kezeles-ujbuda-dental-xi-ker-300x200.jpg\" class=\"attachment-medium size-medium wp-image-2961\" alt=\"\u00dajbuda Dental with the experts in smiles\" srcset=\"https:\/\/ujbuda.dental\/wp-content\/uploads\/2025\/03\/fogmegtarto-kezeles-ujbuda-dental-xi-ker-300x200.jpg 300w, https:\/\/ujbuda.dental\/wp-content\/uploads\/2025\/03\/fogmegtarto-kezeles-ujbuda-dental-xi-ker-1024x682.jpg 1024w, https:\/\/ujbuda.dental\/wp-content\/uploads\/2025\/03\/fogmegtarto-kezeles-ujbuda-dental-xi-ker-768x512.jpg 768w, https:\/\/ujbuda.dental\/wp-content\/uploads\/2025\/03\/fogmegtarto-kezeles-ujbuda-dental-xi-ker-1536x1024.jpg 1536w, https:\/\/ujbuda.dental\/wp-content\/uploads\/2025\/03\/fogmegtarto-kezeles-ujbuda-dental-xi-ker-600x400.jpg 600w, https:\/\/ujbuda.dental\/wp-content\/uploads\/2025\/03\/fogmegtarto-kezeles-ujbuda-dental-xi-ker.jpg 2000w\" sizes=\"(max-width: 300px) 100vw, 300px\" \/>\t\t<\/div>\n\t\t\t\t<div class=\"elementor-portfolio-item__overlay\">\n\t\t\t\t<h3 class=\"elementor-portfolio-item__title\">\n\t\tAt home, you can feel relaxed and comfortable at the \u00dajbuda Dental clinic!\t\t<\/h3>\n\t\t\t\t<\/div>\n\t\t\t\t<\/a>\n\t\t<\/article>\n\t\t\t\t<\/div>\n\t\t\t\t\t\t<\/div>\n\t\t\t\t<\/div>\n\t\t\t\t\t<\/div>\n\t\t\t\t<\/div>\n\t\t\t\t<\/div>\n\t\t","protected":false},"excerpt":{"rendered":"<p>Office announcements and other news and interesting facts from the everyday life of one of \u00dajbuda&#8217;s most popular dental practices.<\/p>\n","protected":false},"author":1,"featured_media":0,"parent":0,"menu_order":0,"comment_status":"closed","ping_status":"closed","template":"","meta":{"footnotes":""},"class_list":["post-2979","page","type-page","status-publish","hentry"],"yoast_head":"<!-- This site is optimized with the Yoast SEO plugin v27.5 - https:\/\/yoast.com\/product\/yoast-seo-wordpress\/ -->\n<title>News and announcements from your favorite dental practice in District 11 - \u00dajbuda Dental<\/title>\n<meta name=\"description\" content=\"Office announcements and other news and interesting facts from the everyday life of one of \u00dajbuda&#039;s most popular dental practices.\" \/>\n<meta name=\"robots\" content=\"index, follow, max-snippet:-1, max-image-preview:large, max-video-preview:-1\" \/>\n<link rel=\"canonical\" href=\"https:\/\/ujbuda.dental\/en\/news\/\" \/>\n<meta property=\"og:locale\" content=\"en_US\" \/>\n<meta property=\"og:type\" content=\"article\" \/>\n<meta property=\"og:title\" content=\"News and announcements from your favorite dental practice in District 11 - \u00dajbuda Dental\" \/>\n<meta property=\"og:description\" content=\"Office announcements and other news and interesting facts from the everyday life of one of \u00dajbuda&#039;s most popular dental practices.\" \/>\n<meta property=\"og:url\" content=\"https:\/\/ujbuda.dental\/en\/news\/\" \/>\n<meta property=\"og:site_name\" content=\"\u00dajbuda Dental\" \/>\n<meta property=\"article:publisher\" content=\"https:\/\/www.facebook.com\/ujbudadental\" \/>\n<meta property=\"article:modified_time\" content=\"2025-11-13T08:46:11+00:00\" \/>\n<meta property=\"og:image\" content=\"https:\/\/ujbuda.dental\/wp-content\/uploads\/2025\/03\/ct-3d-cbct-ujbuda-rontgen.webp\" \/>\n\t<meta property=\"og:image:width\" content=\"1200\" \/>\n\t<meta property=\"og:image:height\" content=\"630\" \/>\n\t<meta property=\"og:image:type\" content=\"image\/webp\" \/>\n<meta name=\"twitter:card\" content=\"summary_large_image\" \/>\n<script type=\"application\/ld+json\" class=\"yoast-schema-graph\">{\"@context\":\"https:\\\/\\\/schema.org\",\"@graph\":[{\"@type\":\"WebPage\",\"@id\":\"https:\\\/\\\/ujbuda.dental\\\/en\\\/news\\\/\",\"url\":\"https:\\\/\\\/ujbuda.dental\\\/en\\\/news\\\/\",\"name\":\"News and announcements from your favorite dental practice in District 11 - \u00dajbuda Dental\",\"isPartOf\":{\"@id\":\"https:\\\/\\\/ujbuda.dental\\\/en\\\/#website\"},\"datePublished\":\"2025-03-18T19:14:21+00:00\",\"dateModified\":\"2025-11-13T08:46:11+00:00\",\"description\":\"Office announcements and other news and interesting facts from the everyday life of one of \u00dajbuda's most popular dental practices.\",\"breadcrumb\":{\"@id\":\"https:\\\/\\\/ujbuda.dental\\\/en\\\/news\\\/#breadcrumb\"},\"inLanguage\":\"en-US\",\"potentialAction\":[{\"@type\":\"ReadAction\",\"target\":[\"https:\\\/\\\/ujbuda.dental\\\/en\\\/news\\\/\"]}]},{\"@type\":\"BreadcrumbList\",\"@id\":\"https:\\\/\\\/ujbuda.dental\\\/en\\\/news\\\/#breadcrumb\",\"itemListElement\":[{\"@type\":\"ListItem\",\"position\":1,\"name\":\"Kezd\u0151lap\",\"item\":\"https:\\\/\\\/ujbuda.dental\\\/en\\\/\"},{\"@type\":\"ListItem\",\"position\":2,\"name\":\"News and announcements from your favorite dental practice in District 11\"}]},{\"@type\":\"WebSite\",\"@id\":\"https:\\\/\\\/ujbuda.dental\\\/en\\\/#website\",\"url\":\"https:\\\/\\\/ujbuda.dental\\\/en\\\/\",\"name\":\"\u00dajbuda Dental\",\"description\":\"Az eszt\u00e9tikai beavatkoz\u00e1sok \u00e9s a fogbe\u00fcltet\u00e9s specialist\u00e1ja\",\"publisher\":{\"@id\":\"https:\\\/\\\/ujbuda.dental\\\/en\\\/#organization\"},\"potentialAction\":[{\"@type\":\"SearchAction\",\"target\":{\"@type\":\"EntryPoint\",\"urlTemplate\":\"https:\\\/\\\/ujbuda.dental\\\/en\\\/?s={search_term_string}\"},\"query-input\":{\"@type\":\"PropertyValueSpecification\",\"valueRequired\":true,\"valueName\":\"search_term_string\"}}],\"inLanguage\":\"en-US\"},{\"@type\":\"Organization\",\"@id\":\"https:\\\/\\\/ujbuda.dental\\\/en\\\/#organization\",\"name\":\"N\u00e1dor Dent Kft.\",\"url\":\"https:\\\/\\\/ujbuda.dental\\\/en\\\/\",\"logo\":{\"@type\":\"ImageObject\",\"inLanguage\":\"en-US\",\"@id\":\"https:\\\/\\\/ujbuda.dental\\\/en\\\/#\\\/schema\\\/logo\\\/image\\\/\",\"url\":\"https:\\\/\\\/ujbuda.dental\\\/wp-content\\\/uploads\\\/2025\\\/01\\\/ujbuda-dental.png\",\"contentUrl\":\"https:\\\/\\\/ujbuda.dental\\\/wp-content\\\/uploads\\\/2025\\\/01\\\/ujbuda-dental.png\",\"width\":254,\"height\":133,\"caption\":\"N\u00e1dor Dent Kft.\"},\"image\":{\"@id\":\"https:\\\/\\\/ujbuda.dental\\\/en\\\/#\\\/schema\\\/logo\\\/image\\\/\"},\"sameAs\":[\"https:\\\/\\\/www.facebook.com\\\/ujbudadental\",\"https:\\\/\\\/www.youtube.com\\\/channel\\\/UCDj6OYJI6GXjrx-X-994ybQ\"]}]}<\/script>\n<!-- \/ Yoast SEO plugin. -->","yoast_head_json":{"title":"News and announcements from your favorite dental practice in District 11 - \u00dajbuda Dental","description":"Office announcements and other news and interesting facts from the everyday life of one of \u00dajbuda's most popular dental practices.","robots":{"index":"index","follow":"follow","max-snippet":"max-snippet:-1","max-image-preview":"max-image-preview:large","max-video-preview":"max-video-preview:-1"},"canonical":"https:\/\/ujbuda.dental\/en\/news\/","og_locale":"en_US","og_type":"article","og_title":"News and announcements from your favorite dental practice in District 11 - \u00dajbuda Dental","og_description":"Office announcements and other news and interesting facts from the everyday life of one of \u00dajbuda's most popular dental practices.","og_url":"https:\/\/ujbuda.dental\/en\/news\/","og_site_name":"\u00dajbuda Dental","article_publisher":"https:\/\/www.facebook.com\/ujbudadental","article_modified_time":"2025-11-13T08:46:11+00:00","og_image":[{"width":1200,"height":630,"url":"https:\/\/ujbuda.dental\/wp-content\/uploads\/2025\/03\/ct-3d-cbct-ujbuda-rontgen.webp","type":"image\/webp"}],"twitter_card":"summary_large_image","schema":{"@context":"https:\/\/schema.org","@graph":[{"@type":"WebPage","@id":"https:\/\/ujbuda.dental\/en\/news\/","url":"https:\/\/ujbuda.dental\/en\/news\/","name":"News and announcements from your favorite dental practice in District 11 - \u00dajbuda Dental","isPartOf":{"@id":"https:\/\/ujbuda.dental\/en\/#website"},"datePublished":"2025-03-18T19:14:21+00:00","dateModified":"2025-11-13T08:46:11+00:00","description":"Office announcements and other news and interesting facts from the everyday life of one of \u00dajbuda's most popular dental practices.","breadcrumb":{"@id":"https:\/\/ujbuda.dental\/en\/news\/#breadcrumb"},"inLanguage":"en-US","potentialAction":[{"@type":"ReadAction","target":["https:\/\/ujbuda.dental\/en\/news\/"]}]},{"@type":"BreadcrumbList","@id":"https:\/\/ujbuda.dental\/en\/news\/#breadcrumb","itemListElement":[{"@type":"ListItem","position":1,"name":"Kezd\u0151lap","item":"https:\/\/ujbuda.dental\/en\/"},{"@type":"ListItem","position":2,"name":"News and announcements from your favorite dental practice in District 11"}]},{"@type":"WebSite","@id":"https:\/\/ujbuda.dental\/en\/#website","url":"https:\/\/ujbuda.dental\/en\/","name":"\u00dajbuda Dental","description":"Az eszt\u00e9tikai beavatkoz\u00e1sok \u00e9s a fogbe\u00fcltet\u00e9s specialist\u00e1ja","publisher":{"@id":"https:\/\/ujbuda.dental\/en\/#organization"},"potentialAction":[{"@type":"SearchAction","target":{"@type":"EntryPoint","urlTemplate":"https:\/\/ujbuda.dental\/en\/?s={search_term_string}"},"query-input":{"@type":"PropertyValueSpecification","valueRequired":true,"valueName":"search_term_string"}}],"inLanguage":"en-US"},{"@type":"Organization","@id":"https:\/\/ujbuda.dental\/en\/#organization","name":"N\u00e1dor Dent Kft.","url":"https:\/\/ujbuda.dental\/en\/","logo":{"@type":"ImageObject","inLanguage":"en-US","@id":"https:\/\/ujbuda.dental\/en\/#\/schema\/logo\/image\/","url":"https:\/\/ujbuda.dental\/wp-content\/uploads\/2025\/01\/ujbuda-dental.png","contentUrl":"https:\/\/ujbuda.dental\/wp-content\/uploads\/2025\/01\/ujbuda-dental.png","width":254,"height":133,"caption":"N\u00e1dor Dent Kft."},"image":{"@id":"https:\/\/ujbuda.dental\/en\/#\/schema\/logo\/image\/"},"sameAs":["https:\/\/www.facebook.com\/ujbudadental","https:\/\/www.youtube.com\/channel\/UCDj6OYJI6GXjrx-X-994ybQ"]}]}},"_links":{"self":[{"href":"https:\/\/ujbuda.dental\/en\/wp-json\/wp\/v2\/pages\/2979","targetHints":{"allow":["GET"]}}],"collection":[{"href":"https:\/\/ujbuda.dental\/en\/wp-json\/wp\/v2\/pages"}],"about":[{"href":"https:\/\/ujbuda.dental\/en\/wp-json\/wp\/v2\/types\/page"}],"author":[{"embeddable":true,"href":"https:\/\/ujbuda.dental\/en\/wp-json\/wp\/v2\/users\/1"}],"replies":[{"embeddable":true,"href":"https:\/\/ujbuda.dental\/en\/wp-json\/wp\/v2\/comments?post=2979"}],"version-history":[{"count":3,"href":"https:\/\/ujbuda.dental\/en\/wp-json\/wp\/v2\/pages\/2979\/revisions"}],"predecessor-version":[{"id":2982,"href":"https:\/\/ujbuda.dental\/en\/wp-json\/wp\/v2\/pages\/2979\/revisions\/2982"}],"wp:attachment":[{"href":"https:\/\/ujbuda.dental\/en\/wp-json\/wp\/v2\/media?parent=2979"}],"curies":[{"name":"wp","href":"https:\/\/api.w.org\/{rel}","templated":true}]}}